{"id":148,"date":"2014-11-06T15:20:56","date_gmt":"2014-11-06T15:20:56","guid":{"rendered":"http:\/\/egrisportcentrumse.hu\/egris\/?page_id=148"},"modified":"2015-07-23T11:29:29","modified_gmt":"2015-07-23T11:29:29","slug":"eredmenyek-megye-ii","status":"publish","type":"page","link":"http:\/\/egrisportcentrumse.hu\/egris\/eredmenyek-megye-ii\/","title":{"rendered":"Eredm\u00e9nyek &#8211; Megye II."},"content":{"rendered":"<p><strong>\u00a0Arany F\u00e1c\u00e1n Megyei II. oszt\u00e1ly &#8211; ESSE feln\u0151tt eredm\u00e9nyek<\/strong><\/p>\n<table border=\"0\" cellspacing=\"0\" cellpadding=\"0\">\n<colgroup>\n<col width=\"64\" \/>\n<col width=\"64\" \/>\n<col width=\"64\" \/>\n<col width=\"137\" \/>\n<col width=\"140\" \/>\n<col width=\"70\" \/><\/colgroup>\n<tbody>\n<tr>\n<td width=\"64\" height=\"21\"><strong>D\u00e1tum<\/strong><\/td>\n<td width=\"64\"><strong>Csapat<\/strong><\/td>\n<td width=\"64\"><strong>Kezd\u00e9s<\/strong><\/td>\n<td width=\"137\"><strong>H\u00e1zigazda<\/strong><\/td>\n<td width=\"140\"><strong>Vend\u00e9g<\/strong><\/td>\n<td width=\"70\"><strong>Eredm\u00e9ny<\/strong><\/td>\n<\/tr>\n<tr>\n<td height=\"26\">febr.28.<\/td>\n<td>Megye II.<\/td>\n<td>\u00a014.00<\/td>\n<td>Egri Sportcentrum SE<\/td>\n<td>Novaj-Ostoros SE<\/td>\n<td style=\"text-align: center;\">3 : 0<\/td>\n<\/tr>\n<tr>\n<td height=\"26\">m\u00e1rc.07<\/td>\n<td>Megye II.<\/td>\n<td>14.30<\/td>\n<td>Egersz\u00f3l\u00e1ti SK<\/td>\n<td>Egri Sportcentrum SE<\/td>\n<td style=\"text-align: center;\">0 : 0<\/td>\n<\/tr>\n<tr>\n<td height=\"26\">m\u00e1rc.14<\/td>\n<td>Megye II.<\/td>\n<td>14.30<\/td>\n<td>Egri Sportcentrum SE<\/td>\n<td>Visonta SC<\/td>\n<td style=\"text-align: center;\">\u00a02 : 1<\/td>\n<\/tr>\n<tr>\n<td height=\"26\">m\u00e1rc.21<\/td>\n<td>Megye II.<\/td>\n<td>15.00<\/td>\n<td>Hevesi LSC<\/td>\n<td>Egri Sportcentrum SE<\/td>\n<td style=\"text-align: center;\">\u00a02 : 0<\/td>\n<\/tr>\n<tr>\n<td height=\"26\">m\u00e1rc.28<\/td>\n<td>Megye II.<\/td>\n<td>15.00<\/td>\n<td>Egri Sportcentrum SE<\/td>\n<td>Tarnaleleszi SE<\/td>\n<td style=\"text-align: center;\">0 : 2<\/td>\n<\/tr>\n<tr>\n<td height=\"26\">\u00e1pr.11<\/td>\n<td>Megye II.<\/td>\n<td>16.30<\/td>\n<td>Egri Sportcentrum SE<\/td>\n<td>M\u00e1traballai FK<\/td>\n<td style=\"text-align: center;\">5 : 1<\/td>\n<\/tr>\n<tr>\n<td height=\"26\">\u00e1pr.18<\/td>\n<td>Megye II.<\/td>\n<td>17.00<\/td>\n<td>Zagyvasz\u00e1nt\u00f3 SE<\/td>\n<td>Egri Sportcentrum SE<\/td>\n<td style=\"text-align: center;\">1 : 3<\/td>\n<\/tr>\n<tr>\n<td height=\"26\">\u00e1pr.25<\/td>\n<td>Megye II.<\/td>\n<td>17.00<\/td>\n<td>Egri Sportcentrum SE<\/td>\n<td>Tarnam\u00e9rai KSZSE<\/td>\n<td style=\"text-align: center;\">1 : 0<\/td>\n<\/tr>\n<tr>\n<td height=\"26\">\u00e1pr. 29<\/td>\n<td>Megye II.<\/td>\n<td>17.00<\/td>\n<td>Sz\u0171csi KSK<\/td>\n<td>Egri Sportcentrum SE<\/td>\n<td style=\"text-align: center;\">1 : 2<\/td>\n<\/tr>\n<tr>\n<td height=\"26\">m\u00e1j.02<\/td>\n<td>Megye II.<\/td>\n<td>17.00<\/td>\n<td>Egri Sportcentrum SE<\/td>\n<td>M\u00e1traderecske SE<\/td>\n<td style=\"text-align: center;\">\u00a04 : 2<\/td>\n<\/tr>\n<tr>\n<td height=\"26\">m\u00e1j.10<\/td>\n<td>Megye II.<\/td>\n<td>17.00<\/td>\n<td>Erd\u0151telek SE<\/td>\n<td>Egri Sportcentrum SE<\/td>\n<td style=\"text-align: center;\">0 : 2<\/td>\n<\/tr>\n<tr>\n<td height=\"26\">m\u00e1j.16<\/td>\n<td>Megye II.<\/td>\n<td>17.00<\/td>\n<td>Egri Sportcentrum SE<\/td>\n<td>Poroszl\u00f3-\u00d6kocentrum<\/td>\n<td style=\"text-align: center;\">3 : 1<\/td>\n<\/tr>\n<tr>\n<td height=\"26\">m\u00e1j.23<\/td>\n<td>Megye II.<\/td>\n<td>17.00<\/td>\n<td>Pet\u0151fib\u00e1nyai SK<\/td>\n<td>Egri Sportcentrum SE<\/td>\n<td style=\"text-align: center;\">\u00a00 : 4<\/td>\n<\/tr>\n<tr>\n<td height=\"26\">m\u00e1j.30<\/td>\n<td>Megye II.<\/td>\n<td>17.00<\/td>\n<td>Egri Sportcentrum SE<\/td>\n<td>L\u0151rinci VSC<\/td>\n<td style=\"text-align: center;\">8 : 1<\/td>\n<\/tr>\n<tr>\n<td height=\"26\">j\u00fan.06<\/td>\n<td>Megye II.<\/td>\n<td>17.00<\/td>\n<td>Hatvan Lokomot\u00edv SE<\/td>\n<td>Egri Sportcentrum SE<\/td>\n<td style=\"text-align: center;\">2 : 7<\/td>\n<\/tr>\n<tr>\n<td height=\"26\">j\u00fan.13<\/td>\n<td>Megye II.<\/td>\n<td>17.00<\/td>\n<td>Egri Sportcentrum SE<\/td>\n<td>Energia SC Gy\u00f6ngy\u00f6s<\/td>\n<td style=\"text-align: center;\"><\/td>\n<\/tr>\n<\/tbody>\n<\/table>\n<hr \/>\n<p style=\"text-align: center;\"><strong>Arany F\u00e1c\u00e1n Megyei II. Tabella<\/strong><\/p>\n<p style=\"text-align: center;\">\u00a0<a href=\"http:\/\/egrisportcentrumse.hu\/egris\/wp-content\/uploads\/2014\/11\/hatvan.png\"><img decoding=\"async\" loading=\"lazy\" class=\"alignnone wp-image-2873 size-full\" src=\"http:\/\/egrisportcentrumse.hu\/egris\/wp-content\/uploads\/2014\/11\/hatvan.png\" alt=\"hatvan\" width=\"589\" height=\"323\" srcset=\"http:\/\/egrisportcentrumse.hu\/egris\/wp-content\/uploads\/2014\/11\/hatvan.png 589w, http:\/\/egrisportcentrumse.hu\/egris\/wp-content\/uploads\/2014\/11\/hatvan-300x165.png 300w\" sizes=\"(max-width: 589px) 100vw, 589px\" \/><\/a><\/p>\n","protected":false},"excerpt":{"rendered":"<p>\u00a0Arany F\u00e1c\u00e1n Megyei II. oszt\u00e1ly &#8211; ESSE feln\u0151tt eredm\u00e9nyek D\u00e1tum Csapat Kezd\u00e9s H\u00e1zigazda Vend\u00e9g Eredm\u00e9ny febr.28. Megye II. \u00a014.00 Egri Sportcentrum SE Novaj-Ostoros SE 3 : 0 m\u00e1rc.07 Megye II. 14.30 Egersz\u00f3l\u00e1ti SK Egri Sportcentrum SE 0 : 0 m\u00e1rc.14 Megye II. 14.30 Egri Sportcentrum SE Visonta SC \u00a02 : 1 m\u00e1rc.21 Megye II. 15.00 [&hellip;]<\/p>\n","protected":false},"author":1,"featured_media":0,"parent":0,"menu_order":0,"comment_status":"open","ping_status":"closed","template":"","meta":[],"_links":{"self":[{"href":"http:\/\/egrisportcentrumse.hu\/egris\/wp-json\/wp\/v2\/pages\/148"}],"collection":[{"href":"http:\/\/egrisportcentrumse.hu\/egris\/wp-json\/wp\/v2\/pages"}],"about":[{"href":"http:\/\/egrisportcentrumse.hu\/egris\/wp-json\/wp\/v2\/types\/page"}],"author":[{"embeddable":true,"href":"http:\/\/egrisportcentrumse.hu\/egris\/wp-json\/wp\/v2\/users\/1"}],"replies":[{"embeddable":true,"href":"http:\/\/egrisportcentrumse.hu\/egris\/wp-json\/wp\/v2\/comments?post=148"}],"version-history":[{"count":24,"href":"http:\/\/egrisportcentrumse.hu\/egris\/wp-json\/wp\/v2\/pages\/148\/revisions"}],"predecessor-version":[{"id":2874,"href":"http:\/\/egrisportcentrumse.hu\/egris\/wp-json\/wp\/v2\/pages\/148\/revisions\/2874"}],"wp:attachment":[{"href":"http:\/\/egrisportcentrumse.hu\/egris\/wp-json\/wp\/v2\/media?parent=148"}],"curies":[{"name":"wp","href":"https:\/\/api.w.org\/{rel}","templated":true}]}}