{"id":152,"date":"2014-11-06T15:22:15","date_gmt":"2014-11-06T15:22:15","guid":{"rendered":"http:\/\/egrisportcentrumse.hu\/egris\/?page_id=152"},"modified":"2015-06-08T11:41:16","modified_gmt":"2015-06-08T11:41:16","slug":"eredmenyek-u21","status":"publish","type":"page","link":"http:\/\/egrisportcentrumse.hu\/egris\/eredmenyek-u21\/","title":{"rendered":"Eredm\u00e9nyek &#8211; U21"},"content":{"rendered":"<table style=\"height: 679px;\" width=\"578\">\n<tbody>\n<tr>\n<td colspan=\"5\" width=\"506\"><strong>U21 &#8211; NB II.oszt\u00e1ly<\/strong><\/td>\n<\/tr>\n<tr>\n<td style=\"text-align: center;\"><strong>D\u00e1tum<\/strong><\/td>\n<td style=\"text-align: center;\"><strong>Kezd\u00e9s<\/strong><\/td>\n<td style=\"text-align: center;\"><strong>H\u00e1zigazda<\/strong><\/td>\n<td style=\"text-align: center;\"><strong>Vend\u00e9g<\/strong><\/td>\n<td style=\"text-align: center;\"><strong>Eredm\u00e9ny<\/strong><\/td>\n<\/tr>\n<tr>\n<td>m\u00e1rc.01<\/td>\n<td>13.00<\/td>\n<td>Fels\u0151t\u00e1rk\u00e1ny SC<\/td>\n<td>Egri Sportcentrum SE<\/td>\n<td>\u00a02 : 5<\/td>\n<\/tr>\n<tr>\n<td style=\"text-align: center;\" colspan=\"5\">SZABADNAP<\/td>\n<\/tr>\n<tr>\n<td style=\"text-align: center;\" colspan=\"5\">SZABADNAP<\/td>\n<\/tr>\n<tr>\n<td>m\u00e1rc.21<\/td>\n<td>10.00<\/td>\n<td>Mez\u0151k\u00f6vesd Zs\u00f3ry SE<\/td>\n<td>Egri Sportcentrum SE<\/td>\n<td>\u00a02 : 1<\/td>\n<\/tr>\n<tr>\n<td>m\u00e1rc.28<\/td>\n<td>13.00<\/td>\n<td>Egri Sportcentrum SE<\/td>\n<td>Ny\u00edrsuli Kft.<\/td>\n<td>\u00a02 : 4<\/td>\n<\/tr>\n<tr>\n<td>\u00e1pr.05<\/td>\n<td>12.00<\/td>\n<td>Putnok FC<\/td>\n<td>Egri Sportcentrum SE<\/td>\n<td>\u00a05 : 0<\/td>\n<\/tr>\n<tr>\n<td>\u00e1pr.11<\/td>\n<td>13.00<\/td>\n<td>Egri Sportcentrum SE<\/td>\n<td>Hajd\u00fab\u00f6sz\u00f6rm\u00e9nyi TE<\/td>\n<td>\u00a02 : 0<\/td>\n<\/tr>\n<tr>\n<td>\u00e1pr.18<\/td>\n<td>13.00<\/td>\n<td>Ny\u00edrb\u00e1tor FC<\/td>\n<td>Egri Sportcentrum SE<\/td>\n<td>\u00a02 : 2<\/td>\n<\/tr>\n<tr>\n<td>\u00e1pr.07<\/td>\n<td>13.00<\/td>\n<td>Egri Sportcentrum SE<\/td>\n<td>Debreceni SI<\/td>\n<td>\u00a05 : 1<\/td>\n<\/tr>\n<tr>\n<td>\u00e1pr.30<\/td>\n<td>10.00<\/td>\n<td>DLA Kft.<\/td>\n<td>Egri Sportcentrum SE<\/td>\n<td>\u00a04 : 1<\/td>\n<\/tr>\n<tr>\n<td>m\u00e1j.09<\/td>\n<td>13.00<\/td>\n<td>Egri Sportcentrum SE<\/td>\n<td>V\u00e1rda SE Kisv\u00e1rda<\/td>\n<td>\u00a04 : 3<\/td>\n<\/tr>\n<tr>\n<td>m\u00e1j.16<\/td>\n<td>10.00<\/td>\n<td>FC Tisza\u00fajv\u00e1ros<\/td>\n<td>Egri Sportcentrum SE<\/td>\n<td>\u00a05 : 3<\/td>\n<\/tr>\n<tr>\n<td>m\u00e1j.23<\/td>\n<td>12.00<\/td>\n<td>Egri Sportcentrum SE<\/td>\n<td>KBSC FC<\/td>\n<td>\u00a01 : 3<\/td>\n<\/tr>\n<tr>\n<td>m\u00e1j.30<\/td>\n<td>13.00<\/td>\n<td>Cig\u00e1nd SE<\/td>\n<td>Egri Sportcentrum SE<\/td>\n<td>\u00a01 : 0<\/td>\n<\/tr>\n<tr>\n<td>j\u00fan.06<\/td>\n<td>13.00<\/td>\n<td>Egri Sportcentrum SE<\/td>\n<td>M\u00e1t\u00e9szalkai MTK<\/td>\n<td>\u00a05 : 3<\/td>\n<\/tr>\n<\/tbody>\n<\/table>\n<p>&nbsp;<\/p>\n<p style=\"text-align: center;\"><strong><em>U21 &#8211; NB II.oszt\u00e1ly TABELLA<\/em><\/strong><\/p>\n<p style=\"text-align: center;\"><a href=\"http:\/\/egrisportcentrumse.hu\/egris\/wp-content\/uploads\/2014\/11\/m\u00e1t\u00e9szalka.png\"><img decoding=\"async\" loading=\"lazy\" class=\"alignnone wp-image-2877 size-full\" src=\"http:\/\/egrisportcentrumse.hu\/egris\/wp-content\/uploads\/2014\/11\/m\u00e1t\u00e9szalka.png\" alt=\"m\u00e1t\u00e9szalka\" width=\"594\" height=\"268\" srcset=\"http:\/\/egrisportcentrumse.hu\/egris\/wp-content\/uploads\/2014\/11\/m\u00e1t\u00e9szalka.png 594w, http:\/\/egrisportcentrumse.hu\/egris\/wp-content\/uploads\/2014\/11\/m\u00e1t\u00e9szalka-300x135.png 300w\" sizes=\"(max-width: 594px) 100vw, 594px\" \/><\/a><\/p>\n","protected":false},"excerpt":{"rendered":"<p>U21 &#8211; NB II.oszt\u00e1ly D\u00e1tum Kezd\u00e9s H\u00e1zigazda Vend\u00e9g Eredm\u00e9ny m\u00e1rc.01 13.00 Fels\u0151t\u00e1rk\u00e1ny SC Egri Sportcentrum SE \u00a02 : 5 SZABADNAP SZABADNAP m\u00e1rc.21 10.00 Mez\u0151k\u00f6vesd Zs\u00f3ry SE Egri Sportcentrum SE \u00a02 : 1 m\u00e1rc.28 13.00 Egri Sportcentrum SE Ny\u00edrsuli Kft. \u00a02 : 4 \u00e1pr.05 12.00 Putnok FC Egri Sportcentrum SE \u00a05 : 0 \u00e1pr.11 13.00 Egri [&hellip;]<\/p>\n","protected":false},"author":1,"featured_media":0,"parent":0,"menu_order":0,"comment_status":"open","ping_status":"open","template":"","meta":[],"_links":{"self":[{"href":"http:\/\/egrisportcentrumse.hu\/egris\/wp-json\/wp\/v2\/pages\/152"}],"collection":[{"href":"http:\/\/egrisportcentrumse.hu\/egris\/wp-json\/wp\/v2\/pages"}],"about":[{"href":"http:\/\/egrisportcentrumse.hu\/egris\/wp-json\/wp\/v2\/types\/page"}],"author":[{"embeddable":true,"href":"http:\/\/egrisportcentrumse.hu\/egris\/wp-json\/wp\/v2\/users\/1"}],"replies":[{"embeddable":true,"href":"http:\/\/egrisportcentrumse.hu\/egris\/wp-json\/wp\/v2\/comments?post=152"}],"version-history":[{"count":21,"href":"http:\/\/egrisportcentrumse.hu\/egris\/wp-json\/wp\/v2\/pages\/152\/revisions"}],"predecessor-version":[{"id":2878,"href":"http:\/\/egrisportcentrumse.hu\/egris\/wp-json\/wp\/v2\/pages\/152\/revisions\/2878"}],"wp:attachment":[{"href":"http:\/\/egrisportcentrumse.hu\/egris\/wp-json\/wp\/v2\/media?parent=152"}],"curies":[{"name":"wp","href":"https:\/\/api.w.org\/{rel}","templated":true}]}}