{"id":1558,"date":"2015-03-09T07:19:05","date_gmt":"2015-03-09T07:19:05","guid":{"rendered":"http:\/\/egrisportcentrumse.hu\/egris\/?page_id=1558"},"modified":"2015-05-16T13:33:46","modified_gmt":"2015-05-16T13:33:46","slug":"u14-megyei-bajnoksag","status":"publish","type":"page","link":"http:\/\/egrisportcentrumse.hu\/egris\/u14-megyei-bajnoksag\/","title":{"rendered":"Eredm\u00e9nyek &#8211; U14 Megyei Bajnoks\u00e1g"},"content":{"rendered":"<table style=\"height: 232px;\" border=\"0\" width=\"566\" cellspacing=\"0\" cellpadding=\"0\">\n<colgroup>\n<col span=\"2\" width=\"64\" \/>\n<col span=\"2\" width=\"177\" \/>\n<col width=\"64\" \/><\/colgroup>\n<tbody>\n<tr>\n<td class=\"xl69\" colspan=\"5\" width=\"546\" height=\"21\"><strong><em>U14 &#8211; Megyei Bajnoks\u00e1g<\/em><\/strong><\/td>\n<\/tr>\n<tr>\n<td class=\"xl68\" height=\"20\"><strong><em>D\u00e1tum<\/em><\/strong><\/td>\n<td class=\"xl68\"><strong><em>Kezd\u00e9s<\/em><\/strong><\/td>\n<td class=\"xl68\"><strong><em>H\u00e1zigazda<\/em><\/strong><\/td>\n<td class=\"xl68\"><strong><em>Vend\u00e9g<\/em><\/strong><\/td>\n<td class=\"xl68\"><strong><em>Eredm\u00e9ny<\/em><\/strong><\/td>\n<\/tr>\n<tr>\n<td class=\"xl66\" align=\"right\" height=\"20\">2015.04.01.<\/td>\n<td class=\"xl65\">\u00a015.30<\/td>\n<td class=\"xl65\">\u00a0ESSE<\/td>\n<td class=\"xl65\">Egerszal\u00f3k SE<\/td>\n<td class=\"xl67\">\u00a04 : 1<\/td>\n<\/tr>\n<tr>\n<td class=\"xl66\" align=\"right\" height=\"20\">2015.04.10.<\/td>\n<td class=\"xl65\">\u00a011.00<\/td>\n<td class=\"xl65\">\u00a0Borsodn\u00e1dasdi LASE<\/td>\n<td class=\"xl65\">ESSE<\/td>\n<td class=\"xl67\">\u00a00 : 6<\/td>\n<\/tr>\n<tr>\n<td class=\"xl66\" align=\"right\" height=\"20\">2015.04.15.<\/td>\n<td class=\"xl65\">\u00a014.30<\/td>\n<td class=\"xl65\">\u00a0ESSE<\/td>\n<td class=\"xl65\">\u00a0B\u00e9lap\u00e1tfalva SKE<\/td>\n<td class=\"xl67\">\u00a05 : 3<\/td>\n<\/tr>\n<tr>\n<td class=\"xl66\" align=\"right\" height=\"20\">2015.04.21.<\/td>\n<td class=\"xl65\">\u00a015.30<\/td>\n<td class=\"xl65\">\u00a0ESSE<\/td>\n<td class=\"xl65\">\u00a0Andornakt\u00e1lya SE<\/td>\n<td class=\"xl67\">\u00a017 : 0<\/td>\n<\/tr>\n<tr>\n<td class=\"xl66\" align=\"right\" height=\"20\">2015.04.30.<\/td>\n<td class=\"xl65\">\u00a015.30<\/td>\n<td class=\"xl65\">\u00a0ESSE<\/td>\n<td class=\"xl65\">P\u00e9terv\u00e1s\u00e1ra SE<\/td>\n<td class=\"xl67\">\u00a03 : 3<\/td>\n<\/tr>\n<tr>\n<td class=\"xl66\" align=\"right\" height=\"20\">2015.05.05.<\/td>\n<td class=\"xl65\">\u00a016.00<\/td>\n<td class=\"xl65\">Makl\u00e1r SE<\/td>\n<td class=\"xl65\">ESSE<\/td>\n<td class=\"xl67\">\u00a00 : 5<\/td>\n<\/tr>\n<\/tbody>\n<\/table>\n<p style=\"text-align: center;\"><strong><em>U14 &#8211; Megyei Bajnoks\u00e1g TABELLA<\/em><\/strong><\/p>\n<p style=\"text-align: center;\"><a href=\"http:\/\/egrisportcentrumse.hu\/egris\/wp-content\/uploads\/2015\/03\/14.fordulo.png\"><img decoding=\"async\" loading=\"lazy\" class=\"alignnone wp-image-2372 size-full\" src=\"http:\/\/egrisportcentrumse.hu\/egris\/wp-content\/uploads\/2015\/03\/14.fordulo.png\" alt=\"14.fordulo\" width=\"586\" height=\"135\" srcset=\"http:\/\/egrisportcentrumse.hu\/egris\/wp-content\/uploads\/2015\/03\/14.fordulo.png 586w, http:\/\/egrisportcentrumse.hu\/egris\/wp-content\/uploads\/2015\/03\/14.fordulo-300x69.png 300w\" sizes=\"(max-width: 586px) 100vw, 586px\" \/><\/a><\/p>\n","protected":false},"excerpt":{"rendered":"<p>U14 &#8211; Megyei Bajnoks\u00e1g D\u00e1tum Kezd\u00e9s H\u00e1zigazda Vend\u00e9g Eredm\u00e9ny 2015.04.01. \u00a015.30 \u00a0ESSE Egerszal\u00f3k SE \u00a04 : 1 2015.04.10. \u00a011.00 \u00a0Borsodn\u00e1dasdi LASE ESSE \u00a00 : 6 2015.04.15. \u00a014.30 \u00a0ESSE \u00a0B\u00e9lap\u00e1tfalva SKE \u00a05 : 3 2015.04.21. \u00a015.30 \u00a0ESSE \u00a0Andornakt\u00e1lya SE \u00a017 : 0 2015.04.30. \u00a015.30 \u00a0ESSE P\u00e9terv\u00e1s\u00e1ra SE \u00a03 : 3 2015.05.05. \u00a016.00 Makl\u00e1r SE ESSE \u00a00 [&hellip;]<\/p>\n","protected":false},"author":4,"featured_media":0,"parent":0,"menu_order":0,"comment_status":"open","ping_status":"open","template":"","meta":[],"_links":{"self":[{"href":"http:\/\/egrisportcentrumse.hu\/egris\/wp-json\/wp\/v2\/pages\/1558"}],"collection":[{"href":"http:\/\/egrisportcentrumse.hu\/egris\/wp-json\/wp\/v2\/pages"}],"about":[{"href":"http:\/\/egrisportcentrumse.hu\/egris\/wp-json\/wp\/v2\/types\/page"}],"author":[{"embeddable":true,"href":"http:\/\/egrisportcentrumse.hu\/egris\/wp-json\/wp\/v2\/users\/4"}],"replies":[{"embeddable":true,"href":"http:\/\/egrisportcentrumse.hu\/egris\/wp-json\/wp\/v2\/comments?post=1558"}],"version-history":[{"count":10,"href":"http:\/\/egrisportcentrumse.hu\/egris\/wp-json\/wp\/v2\/pages\/1558\/revisions"}],"predecessor-version":[{"id":2373,"href":"http:\/\/egrisportcentrumse.hu\/egris\/wp-json\/wp\/v2\/pages\/1558\/revisions\/2373"}],"wp:attachment":[{"href":"http:\/\/egrisportcentrumse.hu\/egris\/wp-json\/wp\/v2\/media?parent=1558"}],"curies":[{"name":"wp","href":"https:\/\/api.w.org\/{rel}","templated":true}]}}