{"id":158,"date":"2014-11-06T15:23:05","date_gmt":"2014-11-06T15:23:05","guid":{"rendered":"http:\/\/egrisportcentrumse.hu\/egris\/?page_id=158"},"modified":"2015-06-02T10:15:22","modified_gmt":"2015-06-02T10:15:22","slug":"eredmenyek-u14","status":"publish","type":"page","link":"http:\/\/egrisportcentrumse.hu\/egris\/eredmenyek-u14\/","title":{"rendered":"Eredm\u00e9nyek &#8211; U14"},"content":{"rendered":"<table border=\"0\" width=\"546\" cellspacing=\"0\" cellpadding=\"0\">\n<tbody>\n<tr>\n<td class=\"xl71\" colspan=\"5\" width=\"546\" height=\"21\"><em><strong>U14 &#8211; NB II.oszt\u00e1ly<\/strong><\/em><\/td>\n<\/tr>\n<tr>\n<td class=\"xl70\" height=\"20\"><em><strong>D\u00e1tum<\/strong><\/em><\/td>\n<td class=\"xl70\"><em><strong>Kezd\u00e9s<\/strong><\/em><\/td>\n<td class=\"xl70\"><em><strong>H\u00e1zigazda<\/strong><\/em><\/td>\n<td class=\"xl70\"><em><strong>Vend\u00e9g<\/strong><\/em><\/td>\n<td class=\"xl70\"><em><strong>Eredm\u00e9ny<\/strong><\/em><\/td>\n<\/tr>\n<tr>\n<td class=\"xl66\" align=\"right\" height=\"20\">feb.28<\/td>\n<td class=\"xl65\">10.00<\/td>\n<td class=\"xl65\">Egri Sportcentrum SE<\/td>\n<td class=\"xl65\">DLA Kft.<\/td>\n<td class=\"xl67\">3 : 2<\/td>\n<\/tr>\n<tr>\n<td class=\"xl66\" align=\"right\" height=\"20\">m\u00e1rc.08<\/td>\n<td class=\"xl65\">10.00<\/td>\n<td class=\"xl65\">Fels\u0151t\u00e1rk\u00e1ny SC<\/td>\n<td class=\"xl65\">Egri Sportcentrum SE<\/td>\n<td class=\"xl65\">\u00a00 : 10<\/td>\n<\/tr>\n<tr>\n<td class=\"xl66\" align=\"right\" height=\"20\">m\u00e1rc.14<\/td>\n<td class=\"xl65\">10.00<\/td>\n<td class=\"xl65\">Egri Sportcentrum SE<\/td>\n<td class=\"xl65\">KBSC FC Kft.<\/td>\n<td class=\"xl68\">\u00a014 : 0<\/td>\n<\/tr>\n<tr>\n<td class=\"xl66\" align=\"right\" height=\"20\">m\u00e1rc.21<\/td>\n<td class=\"xl65\">11.00<\/td>\n<td class=\"xl65\">Egri Sportcentrum SE<\/td>\n<td class=\"xl65\">Borsod Vol\u00e1n SE<\/td>\n<td class=\"xl68\">\u00a05 : 1<\/td>\n<\/tr>\n<tr>\n<td class=\"xl66\" align=\"right\" height=\"20\">m\u00e1rc.29<\/td>\n<td class=\"xl65\">10.00<\/td>\n<td class=\"xl65\">Mez\u0151k\u00f6vesd Zs\u00f3ry SE<\/td>\n<td class=\"xl65\">Egri Sportcentrum SE<\/td>\n<td class=\"xl68\">\u00a02 : 0<\/td>\n<\/tr>\n<tr>\n<td class=\"xl66\" align=\"right\" height=\"20\">\u00e1pr.04<\/td>\n<td class=\"xl65\">11.00<\/td>\n<td class=\"xl65\">Egri Sportcentrum SE<\/td>\n<td class=\"xl65\">FC Tisza\u00fajv\u00e1ros<\/td>\n<td class=\"xl68\">\u00a05 : 0<\/td>\n<\/tr>\n<tr>\n<td class=\"xl66\" align=\"right\" height=\"20\">\u00e1pr.12.<\/td>\n<td class=\"xl65\">12.00<\/td>\n<td class=\"xl65\">Di\u00f3sgy\u0151r FC Kft.<\/td>\n<td class=\"xl65\">Egri Sporcentrum SE<\/td>\n<td class=\"xl68\">\u00a04 : 2<\/td>\n<\/tr>\n<tr>\n<td class=\"xl66\" align=\"right\" height=\"20\">\u00e1pr.18.<\/td>\n<td class=\"xl65\">14.00<\/td>\n<td class=\"xl65\">DLA Kft.<\/td>\n<td class=\"xl65\">Egri Sportcentrum SE<\/td>\n<td class=\"xl68\">\u00a06 : 0<\/td>\n<\/tr>\n<tr>\n<td class=\"xl66\" align=\"right\" height=\"20\">\u00e1pr.25<\/td>\n<td class=\"xl65\">10.00<\/td>\n<td class=\"xl65\">Egri Sportcentrum SE<\/td>\n<td class=\"xl65\">Fels\u0151t\u00e1rk\u00e1ny SC<\/td>\n<td class=\"xl68\">\u00a09 : 0<\/td>\n<\/tr>\n<tr>\n<td class=\"xl66\" align=\"right\" height=\"20\">m\u00e1j.03<\/td>\n<td class=\"xl65\">12.00<\/td>\n<td class=\"xl65\">KBSC FC Kft.<\/td>\n<td class=\"xl65\">Egri Sportcentrum SE<\/td>\n<td class=\"xl68\">\u00a01 : 10<\/td>\n<\/tr>\n<tr>\n<td class=\"xl66\" align=\"right\" height=\"20\">m\u00e1j.09<\/td>\n<td class=\"xl65\">12.00<\/td>\n<td class=\"xl65\">Borsod Vol\u00e1n SE<\/td>\n<td class=\"xl65\">Egri Sportcentrum SE<\/td>\n<td class=\"xl68\">\u00a01 : 3<\/td>\n<\/tr>\n<tr>\n<td class=\"xl66\" align=\"right\" height=\"20\">m\u00e1j.16<\/td>\n<td class=\"xl65\">10.00<\/td>\n<td class=\"xl65\">Egri Sportcentrum SE<\/td>\n<td class=\"xl65\">Mez\u0151k\u00f6vesd Zs\u00f3ry SE<\/td>\n<td class=\"xl68\">\u00a08 : 1<\/td>\n<\/tr>\n<tr>\n<td class=\"xl66\" align=\"right\" height=\"20\">m\u00e1j.23<\/td>\n<td class=\"xl65\">13.00<\/td>\n<td class=\"xl65\">FC Tisza\u00fajv\u00e1ros<\/td>\n<td class=\"xl65\">Egri Sportcentrum SE<\/td>\n<td class=\"xl69\">\u00a02 : 9<\/td>\n<\/tr>\n<tr>\n<td class=\"xl66\" align=\"right\" height=\"20\">m\u00e1j.30<\/td>\n<td class=\"xl65\">11.00<\/td>\n<td class=\"xl65\">Egri Sportcentrum SE<\/td>\n<td class=\"xl65\">Di\u00f3sgy\u0151r FC Kft.<\/td>\n<td class=\"xl65\">\u00a00 : 2<\/td>\n<\/tr>\n<\/tbody>\n<\/table>\n<p>&nbsp;<\/p>\n<p style=\"text-align: center;\"><em><strong>U14 &#8211; NB II.oszt\u00e1ly TABELLA<\/strong><\/em><\/p>\n<p style=\"text-align: center;\"><a href=\"http:\/\/egrisportcentrumse.hu\/egris\/wp-content\/uploads\/2015\/06\/tabellaU14.png\"><img decoding=\"async\" loading=\"lazy\" class=\"alignnone wp-image-2816 size-full\" src=\"http:\/\/egrisportcentrumse.hu\/egris\/wp-content\/uploads\/2015\/06\/tabellaU14.png\" alt=\"tabellaU14\" width=\"598\" height=\"160\" srcset=\"http:\/\/egrisportcentrumse.hu\/egris\/wp-content\/uploads\/2015\/06\/tabellaU14.png 598w, http:\/\/egrisportcentrumse.hu\/egris\/wp-content\/uploads\/2015\/06\/tabellaU14-300x80.png 300w\" sizes=\"(max-width: 598px) 100vw, 598px\" \/><\/a><\/p>\n","protected":false},"excerpt":{"rendered":"<p>U14 &#8211; NB II.oszt\u00e1ly D\u00e1tum Kezd\u00e9s H\u00e1zigazda Vend\u00e9g Eredm\u00e9ny feb.28 10.00 Egri Sportcentrum SE DLA Kft. 3 : 2 m\u00e1rc.08 10.00 Fels\u0151t\u00e1rk\u00e1ny SC Egri Sportcentrum SE \u00a00 : 10 m\u00e1rc.14 10.00 Egri Sportcentrum SE KBSC FC Kft. \u00a014 : 0 m\u00e1rc.21 11.00 Egri Sportcentrum SE Borsod Vol\u00e1n SE \u00a05 : 1 m\u00e1rc.29 10.00 Mez\u0151k\u00f6vesd Zs\u00f3ry [&hellip;]<\/p>\n","protected":false},"author":1,"featured_media":0,"parent":0,"menu_order":0,"comment_status":"open","ping_status":"open","template":"","meta":[],"_links":{"self":[{"href":"http:\/\/egrisportcentrumse.hu\/egris\/wp-json\/wp\/v2\/pages\/158"}],"collection":[{"href":"http:\/\/egrisportcentrumse.hu\/egris\/wp-json\/wp\/v2\/pages"}],"about":[{"href":"http:\/\/egrisportcentrumse.hu\/egris\/wp-json\/wp\/v2\/types\/page"}],"author":[{"embeddable":true,"href":"http:\/\/egrisportcentrumse.hu\/egris\/wp-json\/wp\/v2\/users\/1"}],"replies":[{"embeddable":true,"href":"http:\/\/egrisportcentrumse.hu\/egris\/wp-json\/wp\/v2\/comments?post=158"}],"version-history":[{"count":21,"href":"http:\/\/egrisportcentrumse.hu\/egris\/wp-json\/wp\/v2\/pages\/158\/revisions"}],"predecessor-version":[{"id":2818,"href":"http:\/\/egrisportcentrumse.hu\/egris\/wp-json\/wp\/v2\/pages\/158\/revisions\/2818"}],"wp:attachment":[{"href":"http:\/\/egrisportcentrumse.hu\/egris\/wp-json\/wp\/v2\/media?parent=158"}],"curies":[{"name":"wp","href":"https:\/\/api.w.org\/{rel}","templated":true}]}}