{"id":2791,"date":"2015-06-01T10:20:12","date_gmt":"2015-06-01T10:20:12","guid":{"rendered":"http:\/\/egrisportcentrumse.hu\/egris\/?page_id=2791"},"modified":"2015-06-03T06:42:49","modified_gmt":"2015-06-03T06:42:49","slug":"nyari-tabor-2015","status":"publish","type":"page","link":"http:\/\/egrisportcentrumse.hu\/egris\/nyari-tabor-2015\/","title":{"rendered":"Ny\u00e1ri T\u00e1bor &#8211; 2015"},"content":{"rendered":"<p>Az Egri Sportcentrum SE Ny\u00e1ri focit\u00e1bor\u00e1nak r\u00e9szletes programja:<\/p>\n<p><a href=\"http:\/\/egrisportcentrumse.hu\/egris\/wp-content\/uploads\/2015\/06\/Program.png\"><img decoding=\"async\" loading=\"lazy\" class=\"alignnone wp-image-2793\" src=\"http:\/\/egrisportcentrumse.hu\/egris\/wp-content\/uploads\/2015\/06\/Program.png\" alt=\"Program\" width=\"900\" height=\"207\" srcset=\"http:\/\/egrisportcentrumse.hu\/egris\/wp-content\/uploads\/2015\/06\/Program.png 1160w, http:\/\/egrisportcentrumse.hu\/egris\/wp-content\/uploads\/2015\/06\/Program-300x69.png 300w, http:\/\/egrisportcentrumse.hu\/egris\/wp-content\/uploads\/2015\/06\/Program-1024x236.png 1024w\" sizes=\"(max-width: 900px) 100vw, 900px\" \/><\/a><\/p>\n<p>A Ny\u00e1ri t\u00e1bor d\u00edja: <strong>18.000 Ft\/f\u0151\/turnus<\/strong><\/p>\n<p>A Ny\u00e1ri t\u00e1bor helysz\u00edne: <strong>\u00c9szaki Sporttelep<\/strong> (Eger, Malom\u00e1rok \u00fat)<\/p>\n<p>A Ny\u00e1ri t\u00e1bor d\u00edj\u00e1nak befizet\u00e9s\u00e9re k\u00e9tf\u00e9lek\u00e9ppen van lehet\u0151s\u00e9g 2015.06.01-j\u00e9t\u0151l:<\/p>\n<p>&#8211; szem\u00e9lyes befizet\u00e9s k\u00e9szp\u00e9nzben az Egri Sportcentrum SE irod\u00e1j\u00e1ban (Eger, T\u00f6viskes t\u00e9r 1\/A.) &#8211; el\u0151zetes egyeztet\u00e9s sz\u00fcks\u00e9ges a +36-30-577-38-08-as telefonsz\u00e1mon!<\/p>\n<p>&#8211; banki \u00e1tutal\u00e1ssal az Egri Sportcentrum SE, K&amp;H Bankn\u00e1l vezetett <strong>10403507-50526684-48671008 <\/strong>sz\u00e1m\u00fa banksz\u00e1ml\u00e1j\u00e1ra. Az \u00e1tutal\u00e1sn\u00e1l a k\u00f6zlem\u00e9ny rovatban k\u00e9rj\u00fck megjel\u00f6lni: Ny\u00e1ri T\u00e1bor, turnus sz\u00e1ma, gyermek neve.<\/p>\n<p><strong>Jelentkez\u00e9s:<\/strong><\/p>\n<p>&#8211; E-mailben: tajsztimmy@gmail.com c\u00edmre<\/p>\n<p>&#8211; K\u00e9rj\u00fck level\u00e9ben \u00edrja meg a gyermek nev\u00e9t, sz\u00fclet\u00e9si d\u00e1tum\u00e1t, a t\u00e1bor turnus\u00e1t illet\u0151leg, hogy milyen m\u00f3don k\u00edv\u00e1nja a t\u00e1bori d\u00edjat rendezni.<\/p>\n<p>&nbsp;<\/p>\n<p><strong>FONTOS!<\/strong><\/p>\n<p>&#8211; A t\u00e1borban r\u00e9sztvev\u0151 gyerekek sz\u00e1m\u00e1ra az edz\u00e9sek ut\u00e1n k\u00f6telez\u0151 a tiszt\u00e1lkod\u00e1s, \u00e9ppen ez\u00e9rt k\u00e9rj\u00fck a sz\u00fcl\u0151ket, hogy tiszt\u00e1lkod\u00f3 felszerel\u00e9st, t\u00f6r\u00f6lk\u00f6z\u0151t minden napra hozzanak a gyerekek!<\/p>\n<p>&#8211; A t\u00e1bor els\u0151 napj\u00e1n (mindig h\u00e9tf\u0151) d\u00e9lut\u00e1n a t\u00e1boroz\u00f3k a Hotel Eger&amp;Parkban bel\u00e9p\u00e9st nyerte a wellness r\u00e9szlegbe, k\u00e9rj\u00fck, ehhez f\u00fcrd\u0151ruh\u00e1t biztos\u00edtsanak a gyerekek r\u00e9sz\u00e9re.<\/p>\n<p>&nbsp;<\/p>\n<p>A t\u00e1boroz\u00e1s alatt, minden turnusban 2-2 f\u0151 ESSE edz\u0151 foglalkozik\/fel\u00fcgyel a gyerekekre.<\/p>\n","protected":false},"excerpt":{"rendered":"<p>Az Egri Sportcentrum SE Ny\u00e1ri focit\u00e1bor\u00e1nak r\u00e9szletes programja: A Ny\u00e1ri t\u00e1bor d\u00edja: 18.000 Ft\/f\u0151\/turnus A Ny\u00e1ri t\u00e1bor helysz\u00edne: \u00c9szaki Sporttelep (Eger, Malom\u00e1rok \u00fat) A Ny\u00e1ri t\u00e1bor d\u00edj\u00e1nak befizet\u00e9s\u00e9re k\u00e9tf\u00e9lek\u00e9ppen van lehet\u0151s\u00e9g 2015.06.01-j\u00e9t\u0151l: &#8211; szem\u00e9lyes befizet\u00e9s k\u00e9szp\u00e9nzben az Egri Sportcentrum SE irod\u00e1j\u00e1ban (Eger, T\u00f6viskes t\u00e9r 1\/A.) &#8211; el\u0151zetes egyeztet\u00e9s sz\u00fcks\u00e9ges a +36-30-577-38-08-as telefonsz\u00e1mon! &#8211; banki \u00e1tutal\u00e1ssal [&hellip;]<\/p>\n","protected":false},"author":4,"featured_media":0,"parent":0,"menu_order":0,"comment_status":"open","ping_status":"open","template":"","meta":[],"_links":{"self":[{"href":"http:\/\/egrisportcentrumse.hu\/egris\/wp-json\/wp\/v2\/pages\/2791"}],"collection":[{"href":"http:\/\/egrisportcentrumse.hu\/egris\/wp-json\/wp\/v2\/pages"}],"about":[{"href":"http:\/\/egrisportcentrumse.hu\/egris\/wp-json\/wp\/v2\/types\/page"}],"author":[{"embeddable":true,"href":"http:\/\/egrisportcentrumse.hu\/egris\/wp-json\/wp\/v2\/users\/4"}],"replies":[{"embeddable":true,"href":"http:\/\/egrisportcentrumse.hu\/egris\/wp-json\/wp\/v2\/comments?post=2791"}],"version-history":[{"count":3,"href":"http:\/\/egrisportcentrumse.hu\/egris\/wp-json\/wp\/v2\/pages\/2791\/revisions"}],"predecessor-version":[{"id":2824,"href":"http:\/\/egrisportcentrumse.hu\/egris\/wp-json\/wp\/v2\/pages\/2791\/revisions\/2824"}],"wp:attachment":[{"href":"http:\/\/egrisportcentrumse.hu\/egris\/wp-json\/wp\/v2\/media?parent=2791"}],"curies":[{"name":"wp","href":"https:\/\/api.w.org\/{rel}","templated":true}]}}