{"id":3124,"date":"2015-07-23T11:15:53","date_gmt":"2015-07-23T11:15:53","guid":{"rendered":"http:\/\/egrisportcentrumse.hu\/egris\/?page_id=3124"},"modified":"2015-11-12T19:06:07","modified_gmt":"2015-11-12T19:06:07","slug":"edzomerkozesek","status":"publish","type":"page","link":"http:\/\/egrisportcentrumse.hu\/egris\/edzomerkozesek\/","title":{"rendered":"Edz\u0151m\u00e9rk\u0151z\u00e9sek"},"content":{"rendered":"<p style=\"text-align: center;\">Az Egri Sportcentrum SE edz\u0151m\u00e9rk\u0151z\u00e9seinek id\u0151pontjai \u00e9s helysz\u00ednei az al\u00e1bbi \u00f6sszes\u00edt\u0151 t\u00e1bl\u00e1zatban megtal\u00e1lhat\u00f3ak<\/p>\n<table width=\"516\">\n<tbody>\n<tr>\n<td width=\"71\"><strong>D\u00e1tum<\/strong><\/td>\n<td width=\"66\"><strong>Kezd\u00e9s<\/strong><\/td>\n<td width=\"92\"><strong>Hazai<\/strong><\/td>\n<td width=\"105\"><strong>Vend\u00e9g<\/strong><\/td>\n<td width=\"97\"><strong>Helysz\u00edn<\/strong><\/td>\n<td width=\"85\"><strong>Eredm\u00e9ny<\/strong><\/td>\n<\/tr>\n<tr>\n<td>2015.07.22<\/td>\n<td>17:00<\/td>\n<td>ESSE Megye I.<\/td>\n<td>DVTK II.<\/td>\n<td>V\u00e1rosi Stadion<\/td>\n<td>0 &#8211; 5<\/td>\n<\/tr>\n<tr>\n<td>2015.05.25<\/td>\n<td>9:30<\/td>\n<td>ESSE Megye I.<\/td>\n<td>Fels\u0151t\u00e1rk\u00e1ny SC<\/td>\n<td>V\u00e1rosi Stadion<\/td>\n<td>\u00a01 &#8211; 1<\/td>\n<\/tr>\n<tr>\n<td>2015.11.12<\/td>\n<td>16:30<\/td>\n<td>Mez\u0151k\u00f6vesd Zs\u00f3ry U12<\/td>\n<td>ESSE U12<\/td>\n<td>Mez\u0151k\u00f6vesd<\/td>\n<td>\u00a02 &#8211; 5 (0-2; 0-3; 2-0)<\/td>\n<\/tr>\n<\/tbody>\n<\/table>\n","protected":false},"excerpt":{"rendered":"<p>Az Egri Sportcentrum SE edz\u0151m\u00e9rk\u0151z\u00e9seinek id\u0151pontjai \u00e9s helysz\u00ednei az al\u00e1bbi \u00f6sszes\u00edt\u0151 t\u00e1bl\u00e1zatban megtal\u00e1lhat\u00f3ak D\u00e1tum Kezd\u00e9s Hazai Vend\u00e9g Helysz\u00edn Eredm\u00e9ny 2015.07.22 17:00 ESSE Megye I. DVTK II. V\u00e1rosi Stadion 0 &#8211; 5 2015.05.25 9:30 ESSE Megye I. Fels\u0151t\u00e1rk\u00e1ny SC V\u00e1rosi Stadion \u00a01 &#8211; 1 2015.11.12 16:30 Mez\u0151k\u00f6vesd Zs\u00f3ry U12 ESSE U12 Mez\u0151k\u00f6vesd \u00a02 &#8211; 5 (0-2; [&hellip;]<\/p>\n","protected":false},"author":4,"featured_media":0,"parent":0,"menu_order":0,"comment_status":"open","ping_status":"open","template":"","meta":[],"_links":{"self":[{"href":"http:\/\/egrisportcentrumse.hu\/egris\/wp-json\/wp\/v2\/pages\/3124"}],"collection":[{"href":"http:\/\/egrisportcentrumse.hu\/egris\/wp-json\/wp\/v2\/pages"}],"about":[{"href":"http:\/\/egrisportcentrumse.hu\/egris\/wp-json\/wp\/v2\/types\/page"}],"author":[{"embeddable":true,"href":"http:\/\/egrisportcentrumse.hu\/egris\/wp-json\/wp\/v2\/users\/4"}],"replies":[{"embeddable":true,"href":"http:\/\/egrisportcentrumse.hu\/egris\/wp-json\/wp\/v2\/comments?post=3124"}],"version-history":[{"count":6,"href":"http:\/\/egrisportcentrumse.hu\/egris\/wp-json\/wp\/v2\/pages\/3124\/revisions"}],"predecessor-version":[{"id":4524,"href":"http:\/\/egrisportcentrumse.hu\/egris\/wp-json\/wp\/v2\/pages\/3124\/revisions\/4524"}],"wp:attachment":[{"href":"http:\/\/egrisportcentrumse.hu\/egris\/wp-json\/wp\/v2\/media?parent=3124"}],"curies":[{"name":"wp","href":"https:\/\/api.w.org\/{rel}","templated":true}]}}