{"id":3190,"date":"2015-08-10T14:59:22","date_gmt":"2015-08-10T14:59:22","guid":{"rendered":"http:\/\/egrisportcentrumse.hu\/egris\/?page_id=3190"},"modified":"2015-08-10T14:59:22","modified_gmt":"2015-08-10T14:59:22","slug":"tamogatoink","status":"publish","type":"page","link":"http:\/\/egrisportcentrumse.hu\/egris\/tamogatoink\/","title":{"rendered":"T\u00e1mogat\u00f3ink"},"content":{"rendered":"<p>felt\u00f6lt\u00e9s alatt&#8230;<\/p>\n","protected":false},"excerpt":{"rendered":"<p>felt\u00f6lt\u00e9s alatt&#8230;<\/p>\n","protected":false},"author":1,"featured_media":0,"parent":0,"menu_order":0,"comment_status":"open","ping_status":"open","template":"","meta":[],"_links":{"self":[{"href":"http:\/\/egrisportcentrumse.hu\/egris\/wp-json\/wp\/v2\/pages\/3190"}],"collection":[{"href":"http:\/\/egrisportcentrumse.hu\/egris\/wp-json\/wp\/v2\/pages"}],"about":[{"href":"http:\/\/egrisportcentrumse.hu\/egris\/wp-json\/wp\/v2\/types\/page"}],"author":[{"embeddable":true,"href":"http:\/\/egrisportcentrumse.hu\/egris\/wp-json\/wp\/v2\/users\/1"}],"replies":[{"embeddable":true,"href":"http:\/\/egrisportcentrumse.hu\/egris\/wp-json\/wp\/v2\/comments?post=3190"}],"version-history":[{"count":1,"href":"http:\/\/egrisportcentrumse.hu\/egris\/wp-json\/wp\/v2\/pages\/3190\/revisions"}],"predecessor-version":[{"id":3191,"href":"http:\/\/egrisportcentrumse.hu\/egris\/wp-json\/wp\/v2\/pages\/3190\/revisions\/3191"}],"wp:attachment":[{"href":"http:\/\/egrisportcentrumse.hu\/egris\/wp-json\/wp\/v2\/media?parent=3190"}],"curies":[{"name":"wp","href":"https:\/\/api.w.org\/{rel}","templated":true}]}}