{"id":3194,"date":"2015-08-10T17:58:52","date_gmt":"2015-08-10T17:58:52","guid":{"rendered":"http:\/\/egrisportcentrumse.hu\/egris\/?page_id=3194"},"modified":"2015-08-10T18:20:46","modified_gmt":"2015-08-10T18:20:46","slug":"eredmenyek-20152016","status":"publish","type":"page","link":"http:\/\/egrisportcentrumse.hu\/egris\/eredmenyek-20152016\/","title":{"rendered":"Eredm\u00e9nyek 2015\/2016"},"content":{"rendered":"<h2><a href=\"http:\/\/egrisportcentrumse.hu\/egris\/edzomerkozesek\/\"><img decoding=\"async\" loading=\"lazy\" class=\"wp-image-378 alignnone\" src=\"http:\/\/egrisportcentrumse.hu\/egris\/wp-content\/uploads\/2014\/11\/logo-300x225.png\" alt=\"logo\" width=\"67\" height=\"50\" srcset=\"http:\/\/egrisportcentrumse.hu\/egris\/wp-content\/uploads\/2014\/11\/logo-300x225.png 300w, http:\/\/egrisportcentrumse.hu\/egris\/wp-content\/uploads\/2014\/11\/logo.png 1024w\" sizes=\"(max-width: 67px) 100vw, 67px\" \/>Edz\u0151m\u00e9rk\u0151z\u00e9sek &#8211; 2015\/2016<\/a><\/h2>\n<h2><a href=\"http:\/\/egrisportcentrumse.hu\/egris\/edzomerkozesek\/\"><img decoding=\"async\" loading=\"lazy\" class=\"wp-image-378 alignnone\" src=\"http:\/\/egrisportcentrumse.hu\/egris\/wp-content\/uploads\/2014\/11\/logo-300x225.png\" alt=\"logo\" width=\"67\" height=\"50\" srcset=\"http:\/\/egrisportcentrumse.hu\/egris\/wp-content\/uploads\/2014\/11\/logo-300x225.png 300w, http:\/\/egrisportcentrumse.hu\/egris\/wp-content\/uploads\/2014\/11\/logo.png 1024w\" sizes=\"(max-width: 67px) 100vw, 67px\" \/><\/a><a href=\"http:\/\/egrisportcentrumse.hu\/egris\/eredmenyek-megye-i\">Feln\u0151tt Megye I.<\/a><\/h2>\n<h2><a href=\"http:\/\/egrisportcentrumse.hu\/egris\/edzomerkozesek\/\"><img decoding=\"async\" loading=\"lazy\" class=\"wp-image-378 alignnone\" src=\"http:\/\/egrisportcentrumse.hu\/egris\/wp-content\/uploads\/2014\/11\/logo-300x225.png\" alt=\"logo\" width=\"67\" height=\"50\" srcset=\"http:\/\/egrisportcentrumse.hu\/egris\/wp-content\/uploads\/2014\/11\/logo-300x225.png 300w, http:\/\/egrisportcentrumse.hu\/egris\/wp-content\/uploads\/2014\/11\/logo.png 1024w\" sizes=\"(max-width: 67px) 100vw, 67px\" \/><\/a><a href=\"http:\/\/egrisportcentrumse.hu\/egris\/eredmenyek-megye-iii\/\">Feln\u0151tt Megye III.<\/a><\/h2>\n<h2><a href=\"http:\/\/egrisportcentrumse.hu\/egris\/edzomerkozesek\/\"><img decoding=\"async\" loading=\"lazy\" class=\"wp-image-378 alignnone\" src=\"http:\/\/egrisportcentrumse.hu\/egris\/wp-content\/uploads\/2014\/11\/logo-300x225.png\" alt=\"logo\" width=\"67\" height=\"50\" srcset=\"http:\/\/egrisportcentrumse.hu\/egris\/wp-content\/uploads\/2014\/11\/logo-300x225.png 300w, http:\/\/egrisportcentrumse.hu\/egris\/wp-content\/uploads\/2014\/11\/logo.png 1024w\" sizes=\"(max-width: 67px) 100vw, 67px\" \/><\/a><a href=\"http:\/\/egrisportcentrumse.hu\/egris\/eredmenyek-megye-iv-2\/\">Feln\u0151tt Megye IV.<\/a><\/h2>\n<h2><a href=\"http:\/\/egrisportcentrumse.hu\/egris\/edzomerkozesek\/\"><img decoding=\"async\" loading=\"lazy\" class=\"wp-image-378 alignnone\" src=\"http:\/\/egrisportcentrumse.hu\/egris\/wp-content\/uploads\/2014\/11\/logo-300x225.png\" alt=\"logo\" width=\"67\" height=\"50\" srcset=\"http:\/\/egrisportcentrumse.hu\/egris\/wp-content\/uploads\/2014\/11\/logo-300x225.png 300w, http:\/\/egrisportcentrumse.hu\/egris\/wp-content\/uploads\/2014\/11\/logo.png 1024w\" sizes=\"(max-width: 67px) 100vw, 67px\" \/><\/a><a href=\"http:\/\/egrisportcentrumse.hu\/egris\/eredmenyek-u19\">U19<\/a><\/h2>\n<h2><a href=\"http:\/\/egrisportcentrumse.hu\/egris\/edzomerkozesek\/\"><img decoding=\"async\" loading=\"lazy\" class=\"wp-image-378 alignnone\" src=\"http:\/\/egrisportcentrumse.hu\/egris\/wp-content\/uploads\/2014\/11\/logo-300x225.png\" alt=\"logo\" width=\"67\" height=\"50\" srcset=\"http:\/\/egrisportcentrumse.hu\/egris\/wp-content\/uploads\/2014\/11\/logo-300x225.png 300w, http:\/\/egrisportcentrumse.hu\/egris\/wp-content\/uploads\/2014\/11\/logo.png 1024w\" sizes=\"(max-width: 67px) 100vw, 67px\" \/><\/a><a href=\"http:\/\/egrisportcentrumse.hu\/egris\/eredmenyek-u17-2\/\">U17<\/a><\/h2>\n<h2><a href=\"http:\/\/egrisportcentrumse.hu\/egris\/edzomerkozesek\/\"><img decoding=\"async\" loading=\"lazy\" class=\"wp-image-378 alignnone\" src=\"http:\/\/egrisportcentrumse.hu\/egris\/wp-content\/uploads\/2014\/11\/logo-300x225.png\" alt=\"logo\" width=\"67\" height=\"50\" srcset=\"http:\/\/egrisportcentrumse.hu\/egris\/wp-content\/uploads\/2014\/11\/logo-300x225.png 300w, http:\/\/egrisportcentrumse.hu\/egris\/wp-content\/uploads\/2014\/11\/logo.png 1024w\" sizes=\"(max-width: 67px) 100vw, 67px\" \/><\/a><a href=\"http:\/\/egrisportcentrumse.hu\/egris\/eredmenyek-u15-2\/\">U15<\/a><\/h2>\n<h2><a href=\"http:\/\/egrisportcentrumse.hu\/egris\/edzomerkozesek\/\"><img decoding=\"async\" loading=\"lazy\" class=\"wp-image-378 alignnone\" src=\"http:\/\/egrisportcentrumse.hu\/egris\/wp-content\/uploads\/2014\/11\/logo-300x225.png\" alt=\"logo\" width=\"67\" height=\"50\" srcset=\"http:\/\/egrisportcentrumse.hu\/egris\/wp-content\/uploads\/2014\/11\/logo-300x225.png 300w, http:\/\/egrisportcentrumse.hu\/egris\/wp-content\/uploads\/2014\/11\/logo.png 1024w\" sizes=\"(max-width: 67px) 100vw, 67px\" \/><\/a><a href=\"http:\/\/egrisportcentrumse.hu\/egris\/eredmenyek-u14-2\/\">U14<\/a><\/h2>\n<h2><a href=\"http:\/\/egrisportcentrumse.hu\/egris\/edzomerkozesek\/\"><img decoding=\"async\" loading=\"lazy\" class=\"wp-image-378 alignnone\" src=\"http:\/\/egrisportcentrumse.hu\/egris\/wp-content\/uploads\/2014\/11\/logo-300x225.png\" alt=\"logo\" width=\"67\" height=\"50\" srcset=\"http:\/\/egrisportcentrumse.hu\/egris\/wp-content\/uploads\/2014\/11\/logo-300x225.png 300w, http:\/\/egrisportcentrumse.hu\/egris\/wp-content\/uploads\/2014\/11\/logo.png 1024w\" sizes=\"(max-width: 67px) 100vw, 67px\" \/><\/a><a href=\"http:\/\/egrisportcentrumse.hu\/egris\/eredmenyek-u14-megyei\">U14 Megyei<\/a><\/h2>\n","protected":false},"excerpt":{"rendered":"<p>Edz\u0151m\u00e9rk\u0151z\u00e9sek &#8211; 2015\/2016 Feln\u0151tt Megye I. Feln\u0151tt Megye III. Feln\u0151tt Megye IV. U19 U17 U15 U14 U14 Megyei<\/p>\n","protected":false},"author":1,"featured_media":0,"parent":0,"menu_order":0,"comment_status":"open","ping_status":"open","template":"","meta":[],"_links":{"self":[{"href":"http:\/\/egrisportcentrumse.hu\/egris\/wp-json\/wp\/v2\/pages\/3194"}],"collection":[{"href":"http:\/\/egrisportcentrumse.hu\/egris\/wp-json\/wp\/v2\/pages"}],"about":[{"href":"http:\/\/egrisportcentrumse.hu\/egris\/wp-json\/wp\/v2\/types\/page"}],"author":[{"embeddable":true,"href":"http:\/\/egrisportcentrumse.hu\/egris\/wp-json\/wp\/v2\/users\/1"}],"replies":[{"embeddable":true,"href":"http:\/\/egrisportcentrumse.hu\/egris\/wp-json\/wp\/v2\/comments?post=3194"}],"version-history":[{"count":4,"href":"http:\/\/egrisportcentrumse.hu\/egris\/wp-json\/wp\/v2\/pages\/3194\/revisions"}],"predecessor-version":[{"id":3242,"href":"http:\/\/egrisportcentrumse.hu\/egris\/wp-json\/wp\/v2\/pages\/3194\/revisions\/3242"}],"wp:attachment":[{"href":"http:\/\/egrisportcentrumse.hu\/egris\/wp-json\/wp\/v2\/media?parent=3194"}],"curies":[{"name":"wp","href":"https:\/\/api.w.org\/{rel}","templated":true}]}}