{"id":3215,"date":"2015-08-10T18:11:47","date_gmt":"2015-08-10T18:11:47","guid":{"rendered":"http:\/\/egrisportcentrumse.hu\/egris\/?page_id=3215"},"modified":"2015-11-18T18:59:58","modified_gmt":"2015-11-18T18:59:58","slug":"eredmenyek-megye-i","status":"publish","type":"page","link":"http:\/\/egrisportcentrumse.hu\/egris\/eredmenyek-megye-i\/","title":{"rendered":"Eredm\u00e9nyek &#8211; Megye I."},"content":{"rendered":"<p style=\"text-align: center;\"><strong>Heves Megyei I. oszt\u00e1ly &#8211; 2015\/2016 \u0150szi id\u00e9ny<\/strong><\/p>\n<table width=\"465\">\n<tbody>\n<tr>\n<td width=\"120\">D\u00e1tum<\/td>\n<td width=\"70\">Kezd\u00e9s<\/td>\n<td width=\"123\">Hazai<\/td>\n<td width=\"123\">Vend\u00e9g<\/td>\n<td width=\"70\">Eredm\u00e9ny<\/td>\n<\/tr>\n<tr>\n<td>augusztus 8.<\/td>\n<td>17:00<\/td>\n<td>Poroszl\u00f3<\/td>\n<td>ESSE<\/td>\n<td>\u00a01 &#8211; 6<\/td>\n<\/tr>\n<tr>\n<td>augusztus 15.<\/td>\n<td>17:00<\/td>\n<td>Makl\u00e1r SE<\/td>\n<td>ESSE<\/td>\n<td>\u00a02 &#8211; 3<\/td>\n<\/tr>\n<tr>\n<td>augusztus 22.<\/td>\n<td>17:00<\/td>\n<td>ESSE<\/td>\n<td>Her\u00e9d LC<\/td>\n<td>\u00a03 &#8211; 2<\/td>\n<\/tr>\n<tr>\n<td>augusztus 30.<\/td>\n<td>17:00<\/td>\n<td>Gy\u00f6ngy\u00f6s AK<\/td>\n<td>ESSE<\/td>\n<td>\u00a02 &#8211; 0<\/td>\n<\/tr>\n<tr>\n<td>szeptember 5.<\/td>\n<td>16:30<\/td>\n<td>ESSE<\/td>\n<td>Beseny\u0151telek SC<\/td>\n<td>\u00a03 &#8211; 2<\/td>\n<\/tr>\n<tr>\n<td>szeptember 12.<\/td>\n<td>16:30<\/td>\n<td>Nagyr\u00e9de SC<\/td>\n<td>ESSE<\/td>\n<td>\u00a00 &#8211; 1<\/td>\n<\/tr>\n<tr>\n<td>szeptember 19.<\/td>\n<td>16:00<\/td>\n<td>Detk SE<\/td>\n<td>ESSE<\/td>\n<td>\u00a01 &#8211; 4<\/td>\n<\/tr>\n<tr>\n<td>szeptember 26.<\/td>\n<td>16:00<\/td>\n<td>ESSE<\/td>\n<td>Andornakt\u00e1lya SE<\/td>\n<td>\u00a00 &#8211; 2<\/td>\n<\/tr>\n<tr>\n<td>okt\u00f3ber 3.<\/td>\n<td>15:00<\/td>\n<td>P\u00e9terv\u00e1s\u00e1ra SE<\/td>\n<td>ESSE<\/td>\n<td>\u00a00 &#8211; 0<\/td>\n<\/tr>\n<tr>\n<td>okt\u00f3ber 10.<\/td>\n<td>15:00<\/td>\n<td>ESSE<\/td>\n<td>Hevesi LSC<\/td>\n<td>\u00a05 &#8211; 0<\/td>\n<\/tr>\n<tr>\n<td>okt\u00f3ber 18.<\/td>\n<td>14:30<\/td>\n<td>Gy\u00f6ngy\u00f6shal\u00e1sz SE<\/td>\n<td>ESSE<\/td>\n<td>\u00a02 &#8211; 3<\/td>\n<\/tr>\n<tr>\n<td>okt\u00f3ber 24.<\/td>\n<td>13:30<\/td>\n<td>ESSE<\/td>\n<td>Gy\u00f6ngy\u00f6starj\u00e1ni KSK<\/td>\n<td>\u00a04 &#8211; 1<\/td>\n<\/tr>\n<tr>\n<td>okt\u00f3ber 31.<\/td>\n<td>13:00<\/td>\n<td>F\u00fczesabony SC<\/td>\n<td>ESSE<\/td>\n<td>\u00a01 &#8211; 9<\/td>\n<\/tr>\n<tr>\n<td>november 7.<\/td>\n<td>13:00<\/td>\n<td>ESSE<\/td>\n<td>Egerszal\u00f3k SE<\/td>\n<td>\u00a02 &#8211; 1<\/td>\n<\/tr>\n<tr>\n<td>november 14.<\/td>\n<td>13:00<\/td>\n<td>Borsodn\u00e1dasdi LASE<\/td>\n<td>ESSE<\/td>\n<td>\u00a00 &#8211; 1<\/td>\n<\/tr>\n<tr>\n<td>november 21.<\/td>\n<td>13:00<\/td>\n<td>ESSE<\/td>\n<td>Domoszl\u00f3 SK<\/td>\n<td><\/td>\n<\/tr>\n<\/tbody>\n<\/table>\n<hr \/>\n<p style=\"text-align: center;\"><strong>TABELLA &#8211; 2015\/2016 \u0150szi id\u00e9ny<br \/>\n<\/strong><\/p>\n<p style=\"text-align: center;\"><a href=\"http:\/\/egrisportcentrumse.hu\/egris\/wp-content\/uploads\/2015\/08\/15-11-14_tabella.png\"><img decoding=\"async\" loading=\"lazy\" class=\"alignnone wp-image-4758 size-full\" src=\"http:\/\/egrisportcentrumse.hu\/egris\/wp-content\/uploads\/2015\/08\/15-11-14_tabella.png\" alt=\"15-11-14_tabella\" width=\"598\" height=\"300\" srcset=\"http:\/\/egrisportcentrumse.hu\/egris\/wp-content\/uploads\/2015\/08\/15-11-14_tabella.png 598w, http:\/\/egrisportcentrumse.hu\/egris\/wp-content\/uploads\/2015\/08\/15-11-14_tabella-300x151.png 300w\" sizes=\"(max-width: 598px) 100vw, 598px\" \/><\/a><\/p>\n","protected":false},"excerpt":{"rendered":"<p>Heves Megyei I. oszt\u00e1ly &#8211; 2015\/2016 \u0150szi id\u00e9ny D\u00e1tum Kezd\u00e9s Hazai Vend\u00e9g Eredm\u00e9ny augusztus 8. 17:00 Poroszl\u00f3 ESSE \u00a01 &#8211; 6 augusztus 15. 17:00 Makl\u00e1r SE ESSE \u00a02 &#8211; 3 augusztus 22. 17:00 ESSE Her\u00e9d LC \u00a03 &#8211; 2 augusztus 30. 17:00 Gy\u00f6ngy\u00f6s AK ESSE \u00a02 &#8211; 0 szeptember 5. 16:30 ESSE Beseny\u0151telek SC \u00a03 [&hellip;]<\/p>\n","protected":false},"author":1,"featured_media":0,"parent":0,"menu_order":0,"comment_status":"open","ping_status":"open","template":"","meta":[],"_links":{"self":[{"href":"http:\/\/egrisportcentrumse.hu\/egris\/wp-json\/wp\/v2\/pages\/3215"}],"collection":[{"href":"http:\/\/egrisportcentrumse.hu\/egris\/wp-json\/wp\/v2\/pages"}],"about":[{"href":"http:\/\/egrisportcentrumse.hu\/egris\/wp-json\/wp\/v2\/types\/page"}],"author":[{"embeddable":true,"href":"http:\/\/egrisportcentrumse.hu\/egris\/wp-json\/wp\/v2\/users\/1"}],"replies":[{"embeddable":true,"href":"http:\/\/egrisportcentrumse.hu\/egris\/wp-json\/wp\/v2\/comments?post=3215"}],"version-history":[{"count":15,"href":"http:\/\/egrisportcentrumse.hu\/egris\/wp-json\/wp\/v2\/pages\/3215\/revisions"}],"predecessor-version":[{"id":5297,"href":"http:\/\/egrisportcentrumse.hu\/egris\/wp-json\/wp\/v2\/pages\/3215\/revisions\/5297"}],"wp:attachment":[{"href":"http:\/\/egrisportcentrumse.hu\/egris\/wp-json\/wp\/v2\/media?parent=3215"}],"curies":[{"name":"wp","href":"https:\/\/api.w.org\/{rel}","templated":true}]}}