{"id":3217,"date":"2015-08-10T18:12:30","date_gmt":"2015-08-10T18:12:30","guid":{"rendered":"http:\/\/egrisportcentrumse.hu\/egris\/?page_id=3217"},"modified":"2015-11-18T19:01:52","modified_gmt":"2015-11-18T19:01:52","slug":"eredmenyek-megye-iii","status":"publish","type":"page","link":"http:\/\/egrisportcentrumse.hu\/egris\/eredmenyek-megye-iii\/","title":{"rendered":"Eredm\u00e9nyek &#8211; Megye III."},"content":{"rendered":"<p style=\"text-align: center;\"><strong>Heves Megyei III. oszt\u00e1ly &#8211; 2015\/2016 \u0150szi id\u00e9ny<\/strong><\/p>\n<p>&nbsp;<\/p>\n<table width=\"465\">\n<tbody>\n<tr>\n<td width=\"120\">D\u00e1tum<\/td>\n<td width=\"64\">Kezd\u00e9s<\/td>\n<td width=\"140\">Hazai<\/td>\n<td width=\"140\">Vend\u00e9g<\/td>\n<td width=\"64\">Eredm\u00e9ny<\/td>\n<\/tr>\n<tr>\n<td>augusztus 15.<\/td>\n<td>17:00<\/td>\n<td>Tiszan\u00e1nai FK<\/td>\n<td>ESSE<\/td>\n<td>\u00a01 &#8211; 1<\/td>\n<\/tr>\n<tr>\n<td>augusztus 22.<\/td>\n<td>17:00<\/td>\n<td>ESSE<\/td>\n<td>P\u00e9ly SE<\/td>\n<td>\u00a014 &#8211; 2<\/td>\n<\/tr>\n<tr>\n<td>augusztus 30.<\/td>\n<td>17:00<\/td>\n<td>Hevesi LSC II.<\/td>\n<td>ESSE<\/td>\n<td>\u00a04 &#8211; 7<\/td>\n<\/tr>\n<tr>\n<td>szeptember 5.<\/td>\n<td>16:30<\/td>\n<td>ESSE<\/td>\n<td>R\u00f3zsaszentm\u00e1rton SC<\/td>\n<td>\u00a09 &#8211; 0<\/td>\n<\/tr>\n<tr>\n<td>szeptember 13.<\/td>\n<td>16:30<\/td>\n<td>V\u00e1mosgy\u00f6rk SE<\/td>\n<td>ESSE<\/td>\n<td>\u00a04 &#8211; 2<\/td>\n<\/tr>\n<tr>\n<td>szeptember 19.<\/td>\n<td>16:00<\/td>\n<td>Gy\u00f6ngy\u00f6ssolymos SE<\/td>\n<td>ESSE<\/td>\n<td>\u00a01 &#8211; 8<\/td>\n<\/tr>\n<tr>\n<td>szeptember 26.<\/td>\n<td>16:00<\/td>\n<td>ESSE<\/td>\n<td>K\u00f6ml\u0151 SC<\/td>\n<td>\u00a08 &#8211; 1<\/td>\n<\/tr>\n<tr>\n<td>okt\u00f3ber 4.<\/td>\n<td>15:00<\/td>\n<td>Atk\u00e1ri SE<\/td>\n<td>ESSE<\/td>\n<td>\u00a01 &#8211; 3<\/td>\n<\/tr>\n<tr>\n<td>okt\u00f3ber 10.<\/td>\n<td>15:00<\/td>\n<td>ESSE<\/td>\n<td>Abas\u00e1ri SE<\/td>\n<td>\u00a03 &#8211; 1<\/td>\n<\/tr>\n<tr>\n<td>okt\u00f3ber 18.<\/td>\n<td>14:30<\/td>\n<td>Erd\u0151telek SE<\/td>\n<td>ESSE<\/td>\n<td>\u00a00 &#8211; 2<\/td>\n<\/tr>\n<tr>\n<td>okt\u00f3ber 24.<\/td>\n<td>13:30<\/td>\n<td>ESSE<\/td>\n<td>Ecs\u00e9d SK<\/td>\n<td>\u00a05 &#8211; 1<\/td>\n<\/tr>\n<tr>\n<td>okt\u00f3ber 31.<\/td>\n<td>13:00<\/td>\n<td>Kisk\u00f6rei LSE<\/td>\n<td>ESSE<\/td>\n<td>\u00a01 &#8211; 2<\/td>\n<\/tr>\n<tr>\n<td>november 7.<\/td>\n<td>13:00<\/td>\n<td>ESSE<\/td>\n<td>Szihalmi SC<\/td>\n<td>\u00a02 &#8211; 2<\/td>\n<\/tr>\n<\/tbody>\n<\/table>\n<hr \/>\n<p style=\"text-align: center;\"><strong>TABELLA &#8211; 2015\/2016 \u0150szi id\u00e9ny<br \/>\n<\/strong><\/p>\n<p style=\"text-align: center;\"><a href=\"http:\/\/egrisportcentrumse.hu\/egris\/wp-content\/uploads\/2015\/08\/15-11-14_tabella_megyeIII.png\"><img decoding=\"async\" loading=\"lazy\" class=\"alignnone wp-image-4760 size-full\" src=\"http:\/\/egrisportcentrumse.hu\/egris\/wp-content\/uploads\/2015\/08\/15-11-14_tabella_megyeIII.png\" alt=\"15-11-14_tabella_megyeIII\" width=\"596\" height=\"262\" srcset=\"http:\/\/egrisportcentrumse.hu\/egris\/wp-content\/uploads\/2015\/08\/15-11-14_tabella_megyeIII.png 596w, http:\/\/egrisportcentrumse.hu\/egris\/wp-content\/uploads\/2015\/08\/15-11-14_tabella_megyeIII-300x132.png 300w\" sizes=\"(max-width: 596px) 100vw, 596px\" \/><\/a><\/p>\n","protected":false},"excerpt":{"rendered":"<p>Heves Megyei III. oszt\u00e1ly &#8211; 2015\/2016 \u0150szi id\u00e9ny &nbsp; D\u00e1tum Kezd\u00e9s Hazai Vend\u00e9g Eredm\u00e9ny augusztus 15. 17:00 Tiszan\u00e1nai FK ESSE \u00a01 &#8211; 1 augusztus 22. 17:00 ESSE P\u00e9ly SE \u00a014 &#8211; 2 augusztus 30. 17:00 Hevesi LSC II. ESSE \u00a04 &#8211; 7 szeptember 5. 16:30 ESSE R\u00f3zsaszentm\u00e1rton SC \u00a09 &#8211; 0 szeptember 13. 16:30 V\u00e1mosgy\u00f6rk [&hellip;]<\/p>\n","protected":false},"author":1,"featured_media":0,"parent":0,"menu_order":0,"comment_status":"open","ping_status":"open","template":"","meta":[],"_links":{"self":[{"href":"http:\/\/egrisportcentrumse.hu\/egris\/wp-json\/wp\/v2\/pages\/3217"}],"collection":[{"href":"http:\/\/egrisportcentrumse.hu\/egris\/wp-json\/wp\/v2\/pages"}],"about":[{"href":"http:\/\/egrisportcentrumse.hu\/egris\/wp-json\/wp\/v2\/types\/page"}],"author":[{"embeddable":true,"href":"http:\/\/egrisportcentrumse.hu\/egris\/wp-json\/wp\/v2\/users\/1"}],"replies":[{"embeddable":true,"href":"http:\/\/egrisportcentrumse.hu\/egris\/wp-json\/wp\/v2\/comments?post=3217"}],"version-history":[{"count":12,"href":"http:\/\/egrisportcentrumse.hu\/egris\/wp-json\/wp\/v2\/pages\/3217\/revisions"}],"predecessor-version":[{"id":4761,"href":"http:\/\/egrisportcentrumse.hu\/egris\/wp-json\/wp\/v2\/pages\/3217\/revisions\/4761"}],"wp:attachment":[{"href":"http:\/\/egrisportcentrumse.hu\/egris\/wp-json\/wp\/v2\/media?parent=3217"}],"curies":[{"name":"wp","href":"https:\/\/api.w.org\/{rel}","templated":true}]}}