{"id":3228,"date":"2015-08-10T18:16:01","date_gmt":"2015-08-10T18:16:01","guid":{"rendered":"http:\/\/egrisportcentrumse.hu\/egris\/?page_id=3228"},"modified":"2015-11-18T19:21:42","modified_gmt":"2015-11-18T19:21:42","slug":"eredmenyek-u15-2","status":"publish","type":"page","link":"http:\/\/egrisportcentrumse.hu\/egris\/eredmenyek-u15-2\/","title":{"rendered":"Eredm\u00e9nyek &#8211; U15"},"content":{"rendered":"<p style=\"text-align: center;\"><strong>II. oszt\u00e1ly\u00fa U15 bajnoks\u00e1g &#8211; 2015\/2016 \u0150szi id\u00e9ny (\u00c9szaki csoport)<\/strong><\/p>\n<table width=\"417\">\n<tbody>\n<tr>\n<td width=\"120\">D\u00e1tum<\/td>\n<td width=\"64\">Kezd\u00e9s<\/td>\n<td width=\"140\">Hazai<\/td>\n<td width=\"140\">Vend\u00e9g<\/td>\n<td width=\"64\">Eredm\u00e9ny<\/td>\n<\/tr>\n<tr>\n<td>augusztus 29.<\/td>\n<td>10:00<\/td>\n<td>ESSE<\/td>\n<td>Fels\u0151t\u00e1rk\u00e1ny<\/td>\n<td>\u00a09 &#8211; 0<\/td>\n<\/tr>\n<tr>\n<td>szeptember 6.<\/td>\n<td>10:00<\/td>\n<td>DVTK<\/td>\n<td>ESSE<\/td>\n<td>\u00a01 &#8211; 0<\/td>\n<\/tr>\n<tr>\n<td>szeptember 12.<\/td>\n<td>10:00<\/td>\n<td>ESSE<\/td>\n<td>Kazincbarcika<\/td>\n<td>\u00a08 &#8211; 0<\/td>\n<\/tr>\n<tr>\n<td>szeptember 19.<\/td>\n<td>11:00<\/td>\n<td>Tisza\u00fajv\u00e1ros<\/td>\n<td>ESSE<\/td>\n<td>\u00a02 &#8211; 2<\/td>\n<\/tr>\n<tr>\n<td>szeptember 26.<\/td>\n<td>11:00<\/td>\n<td>ESSE<\/td>\n<td>Loki Focisuli SE<\/td>\n<td>\u00a05 &#8211; 1<\/td>\n<\/tr>\n<tr>\n<td>okt\u00f3ber 3.<\/td>\n<td>0:00<\/td>\n<td>Szabadnap<\/td>\n<td>ESSE<\/td>\n<td><\/td>\n<\/tr>\n<tr>\n<td>okt\u00f3ber 10.<\/td>\n<td>12:00<\/td>\n<td>Mez\u0151k\u00f6vesd Zs\u00f3ry<\/td>\n<td>ESSE<\/td>\n<td>\u00a00 &#8211; 1<\/td>\n<\/tr>\n<tr>\n<td>okt\u00f3ber 17.<\/td>\n<td>10:00<\/td>\n<td>ESSE<\/td>\n<td>Borsod Vol\u00e1n<\/td>\n<td>\u00a04 &#8211; 0<\/td>\n<\/tr>\n<tr>\n<td>okt\u00f3ber 24.<\/td>\n<td>11:00<\/td>\n<td>ESSE<\/td>\n<td>Saj\u00f3v\u00f6lgye<\/td>\n<td>\u00a02 &#8211; 0<\/td>\n<\/tr>\n<tr>\n<td>okt\u00f3ber 31.<\/td>\n<td>12:00<\/td>\n<td>Fels\u0151t\u00e1rk\u00e1ny<\/td>\n<td>ESSE<\/td>\n<td>\u00a01 &#8211; 8<\/td>\n<\/tr>\n<tr>\n<td>november 7.<\/td>\n<td>11:00<\/td>\n<td>ESSE<\/td>\n<td>DVTK<\/td>\n<td>\u00a07 &#8211; 0<\/td>\n<\/tr>\n<tr>\n<td>november 14.<\/td>\n<td>10:00<\/td>\n<td>Kazincbarcika<\/td>\n<td>ESSE<\/td>\n<td>\u00a00 &#8211; 1<\/td>\n<\/tr>\n<tr>\n<td>november 22.<\/td>\n<td>11:00<\/td>\n<td>ESSE<\/td>\n<td>Tisza\u00fajv\u00e1ros<\/td>\n<td><\/td>\n<\/tr>\n<tr>\n<td>november 29.<\/td>\n<td>11:00<\/td>\n<td>Saj\u00f3v\u00f6lgye SE<\/td>\n<td>ESSE<\/td>\n<td><\/td>\n<\/tr>\n<\/tbody>\n<\/table>\n<hr \/>\n<p style=\"text-align: center;\"><strong>Tabella &#8211; 2015\/2016 \u0150szi id\u00e9ny (\u00c9szaki csoport)<\/strong><\/p>\n<p style=\"text-align: center;\"><a href=\"http:\/\/egrisportcentrumse.hu\/egris\/wp-content\/uploads\/2015\/08\/15-11-14_tabella-U15.png\"><img decoding=\"async\" loading=\"lazy\" class=\"alignnone wp-image-4766 size-full\" src=\"http:\/\/egrisportcentrumse.hu\/egris\/wp-content\/uploads\/2015\/08\/15-11-14_tabella-U15.png\" alt=\"15-11-14_tabella-U15\" width=\"598\" height=\"178\" srcset=\"http:\/\/egrisportcentrumse.hu\/egris\/wp-content\/uploads\/2015\/08\/15-11-14_tabella-U15.png 598w, http:\/\/egrisportcentrumse.hu\/egris\/wp-content\/uploads\/2015\/08\/15-11-14_tabella-U15-300x89.png 300w\" sizes=\"(max-width: 598px) 100vw, 598px\" \/><\/a><\/p>\n","protected":false},"excerpt":{"rendered":"<p>II. oszt\u00e1ly\u00fa U15 bajnoks\u00e1g &#8211; 2015\/2016 \u0150szi id\u00e9ny (\u00c9szaki csoport) D\u00e1tum Kezd\u00e9s Hazai Vend\u00e9g Eredm\u00e9ny augusztus 29. 10:00 ESSE Fels\u0151t\u00e1rk\u00e1ny \u00a09 &#8211; 0 szeptember 6. 10:00 DVTK ESSE \u00a01 &#8211; 0 szeptember 12. 10:00 ESSE Kazincbarcika \u00a08 &#8211; 0 szeptember 19. 11:00 Tisza\u00fajv\u00e1ros ESSE \u00a02 &#8211; 2 szeptember 26. 11:00 ESSE Loki Focisuli SE \u00a05 [&hellip;]<\/p>\n","protected":false},"author":1,"featured_media":0,"parent":0,"menu_order":0,"comment_status":"open","ping_status":"open","template":"","meta":[],"_links":{"self":[{"href":"http:\/\/egrisportcentrumse.hu\/egris\/wp-json\/wp\/v2\/pages\/3228"}],"collection":[{"href":"http:\/\/egrisportcentrumse.hu\/egris\/wp-json\/wp\/v2\/pages"}],"about":[{"href":"http:\/\/egrisportcentrumse.hu\/egris\/wp-json\/wp\/v2\/types\/page"}],"author":[{"embeddable":true,"href":"http:\/\/egrisportcentrumse.hu\/egris\/wp-json\/wp\/v2\/users\/1"}],"replies":[{"embeddable":true,"href":"http:\/\/egrisportcentrumse.hu\/egris\/wp-json\/wp\/v2\/comments?post=3228"}],"version-history":[{"count":8,"href":"http:\/\/egrisportcentrumse.hu\/egris\/wp-json\/wp\/v2\/pages\/3228\/revisions"}],"predecessor-version":[{"id":4767,"href":"http:\/\/egrisportcentrumse.hu\/egris\/wp-json\/wp\/v2\/pages\/3228\/revisions\/4767"}],"wp:attachment":[{"href":"http:\/\/egrisportcentrumse.hu\/egris\/wp-json\/wp\/v2\/media?parent=3228"}],"curies":[{"name":"wp","href":"https:\/\/api.w.org\/{rel}","templated":true}]}}