{"id":3230,"date":"2015-08-10T18:16:36","date_gmt":"2015-08-10T18:16:36","guid":{"rendered":"http:\/\/egrisportcentrumse.hu\/egris\/?page_id=3230"},"modified":"2015-11-18T19:16:29","modified_gmt":"2015-11-18T19:16:29","slug":"eredmenyek-u14-2","status":"publish","type":"page","link":"http:\/\/egrisportcentrumse.hu\/egris\/eredmenyek-u14-2\/","title":{"rendered":"Eredm\u00e9nyek &#8211; U14"},"content":{"rendered":"<p style=\"text-align: center;\"><strong>II. oszt\u00e1ly\u00fa U14 bajnoks\u00e1g &#8211; 2015\/2016 \u0150szi id\u00e9ny<\/strong><\/p>\n<table width=\"417\">\n<tbody>\n<tr>\n<td width=\"100\">D\u00e1tum<\/td>\n<td width=\"64\">Kezd\u00e9s<\/td>\n<td width=\"140\">Hazai<\/td>\n<td width=\"140\">Vend\u00e9g<\/td>\n<td width=\"64\">Eredm\u00e9ny<\/td>\n<\/tr>\n<tr>\n<td>augusztus 29.<\/td>\n<td>12:00<\/td>\n<td>ESSE<\/td>\n<td>Fels\u0151t\u00e1rk\u00e1ny<\/td>\n<td>\u00a021 &#8211; 0<\/td>\n<\/tr>\n<tr>\n<td>szeptember 6.<\/td>\n<td>12:00<\/td>\n<td>DVTK<\/td>\n<td>ESSE<\/td>\n<td>\u00a03 &#8211; 3<\/td>\n<\/tr>\n<tr>\n<td>szeptember 12.<\/td>\n<td>12:00<\/td>\n<td>ESSE<\/td>\n<td>Kazincbarcika<\/td>\n<td>\u00a010 &#8211; 0<\/td>\n<\/tr>\n<tr>\n<td>szeptember 19.<\/td>\n<td>13:00<\/td>\n<td>Tisza\u00fajv\u00e1ros<\/td>\n<td>ESSE<\/td>\n<td>\u00a00 &#8211; 15<\/td>\n<\/tr>\n<tr>\n<td>szeptember 26.<\/td>\n<td>13:00<\/td>\n<td>ESSE<\/td>\n<td>Loki Focisuli SE<\/td>\n<td>\u00a05 &#8211; 3<\/td>\n<\/tr>\n<tr>\n<td>okt\u00f3ber 3.<\/td>\n<td>0:00<\/td>\n<td>Szabadnap<\/td>\n<td>ESSE<\/td>\n<td><\/td>\n<\/tr>\n<tr>\n<td>okt\u00f3ber 10.<\/td>\n<td>10:00<\/td>\n<td>Mez\u0151k\u00f6vesd Zs\u00f3ry<\/td>\n<td>ESSE<\/td>\n<td>\u00a02 &#8211; 4<\/td>\n<\/tr>\n<tr>\n<td>okt\u00f3ber 17.<\/td>\n<td>12:00<\/td>\n<td>ESSE<\/td>\n<td>Borsod Vol\u00e1n<\/td>\n<td>\u00a05 &#8211; 1<\/td>\n<\/tr>\n<tr>\n<td>okt\u00f3ber 24.<\/td>\n<td>13:00<\/td>\n<td>ESSE<\/td>\n<td>Saj\u00f3v\u00f6lgye<\/td>\n<td>\u00a04 &#8211; 1<\/td>\n<\/tr>\n<tr>\n<td>november 1.<\/td>\n<td>10:00<\/td>\n<td>Fels\u0151t\u00e1rk\u00e1ny<\/td>\n<td>ESSE<\/td>\n<td>\u00a02 &#8211; 15<\/td>\n<\/tr>\n<tr>\n<td>november 7.<\/td>\n<td>13:00<\/td>\n<td>ESSE<\/td>\n<td>DVTK<\/td>\n<td>\u00a02 &#8211; 0<\/td>\n<\/tr>\n<tr>\n<td>november 14.<\/td>\n<td>12:00<\/td>\n<td>Kazincbarcika<\/td>\n<td>ESSE<\/td>\n<td>\u00a00 &#8211; 4<\/td>\n<\/tr>\n<tr>\n<td>november 22.<\/td>\n<td>13:00<\/td>\n<td>ESSE<\/td>\n<td>Tisza\u00fajv\u00e1ros<\/td>\n<td><\/td>\n<\/tr>\n<tr>\n<td>november 29.<\/td>\n<td>13:00<\/td>\n<td>Saj\u00f3v\u00f6lgye SE<\/td>\n<td>ESSE<\/td>\n<td><\/td>\n<\/tr>\n<\/tbody>\n<\/table>\n<hr \/>\n<p style=\"text-align: center;\"><strong>Tabella &#8211; 2015\/2016 \u0150szi id\u00e9ny<\/strong><\/p>\n<p style=\"text-align: center;\"><a href=\"http:\/\/egrisportcentrumse.hu\/egris\/wp-content\/uploads\/2015\/08\/15-11-14_tabellaU14.png\"><img decoding=\"async\" loading=\"lazy\" class=\"alignnone wp-image-4764 size-full\" src=\"http:\/\/egrisportcentrumse.hu\/egris\/wp-content\/uploads\/2015\/08\/15-11-14_tabellaU14.png\" alt=\"15-11-14_tabellaU14\" width=\"597\" height=\"177\" srcset=\"http:\/\/egrisportcentrumse.hu\/egris\/wp-content\/uploads\/2015\/08\/15-11-14_tabellaU14.png 597w, http:\/\/egrisportcentrumse.hu\/egris\/wp-content\/uploads\/2015\/08\/15-11-14_tabellaU14-300x89.png 300w\" sizes=\"(max-width: 597px) 100vw, 597px\" \/><\/a><\/p>\n","protected":false},"excerpt":{"rendered":"<p>II. oszt\u00e1ly\u00fa U14 bajnoks\u00e1g &#8211; 2015\/2016 \u0150szi id\u00e9ny D\u00e1tum Kezd\u00e9s Hazai Vend\u00e9g Eredm\u00e9ny augusztus 29. 12:00 ESSE Fels\u0151t\u00e1rk\u00e1ny \u00a021 &#8211; 0 szeptember 6. 12:00 DVTK ESSE \u00a03 &#8211; 3 szeptember 12. 12:00 ESSE Kazincbarcika \u00a010 &#8211; 0 szeptember 19. 13:00 Tisza\u00fajv\u00e1ros ESSE \u00a00 &#8211; 15 szeptember 26. 13:00 ESSE Loki Focisuli SE \u00a05 &#8211; 3 [&hellip;]<\/p>\n","protected":false},"author":1,"featured_media":0,"parent":0,"menu_order":0,"comment_status":"open","ping_status":"open","template":"","meta":[],"_links":{"self":[{"href":"http:\/\/egrisportcentrumse.hu\/egris\/wp-json\/wp\/v2\/pages\/3230"}],"collection":[{"href":"http:\/\/egrisportcentrumse.hu\/egris\/wp-json\/wp\/v2\/pages"}],"about":[{"href":"http:\/\/egrisportcentrumse.hu\/egris\/wp-json\/wp\/v2\/types\/page"}],"author":[{"embeddable":true,"href":"http:\/\/egrisportcentrumse.hu\/egris\/wp-json\/wp\/v2\/users\/1"}],"replies":[{"embeddable":true,"href":"http:\/\/egrisportcentrumse.hu\/egris\/wp-json\/wp\/v2\/comments?post=3230"}],"version-history":[{"count":8,"href":"http:\/\/egrisportcentrumse.hu\/egris\/wp-json\/wp\/v2\/pages\/3230\/revisions"}],"predecessor-version":[{"id":4765,"href":"http:\/\/egrisportcentrumse.hu\/egris\/wp-json\/wp\/v2\/pages\/3230\/revisions\/4765"}],"wp:attachment":[{"href":"http:\/\/egrisportcentrumse.hu\/egris\/wp-json\/wp\/v2\/media?parent=3230"}],"curies":[{"name":"wp","href":"https:\/\/api.w.org\/{rel}","templated":true}]}}