{"id":3232,"date":"2015-08-10T18:17:05","date_gmt":"2015-08-10T18:17:05","guid":{"rendered":"http:\/\/egrisportcentrumse.hu\/egris\/?page_id=3232"},"modified":"2015-10-08T08:12:20","modified_gmt":"2015-10-08T08:12:20","slug":"eredmenyek-u14-megyei","status":"publish","type":"page","link":"http:\/\/egrisportcentrumse.hu\/egris\/eredmenyek-u14-megyei\/","title":{"rendered":"Eredm\u00e9nyek &#8211; U14 Megyei"},"content":{"rendered":"<p style=\"text-align: center;\"><strong>Megyei U14 Bajnoks\u00e1g &#8211; Keleti csoport &#8211; 2015\/2016 \u0150szi id\u00e9ny<\/strong><\/p>\n<table width=\"70%\" align=\"center\">\n<tbody>\n<tr>\n<td width=\"94\">D\u00e1tum<\/td>\n<td width=\"64\">Kezd\u00e9s<\/td>\n<td width=\"90\">Hazai<\/td>\n<td width=\"90\">Vend\u00e9g<\/td>\n<td width=\"64\">Eredm\u00e9ny<\/td>\n<\/tr>\n<tr>\n<td>szeptember 9.<\/td>\n<td>16:30<\/td>\n<td>Egerszal\u00f3k<\/td>\n<td>Egersz\u00f3l\u00e1t-ESSE<\/td>\n<td>\u00a07 &#8211; 1<\/td>\n<\/tr>\n<tr>\n<td>szeptember 16.<\/td>\n<td>16:00<\/td>\n<td>Egersz\u00f3l\u00e1t-ESSE<\/td>\n<td>Borsodn\u00e1dasd<\/td>\n<td>\u00a05 &#8211; 1<\/td>\n<\/tr>\n<tr>\n<td>szeptember 23.<\/td>\n<td>16:00<\/td>\n<td>B\u00e9lap\u00e1tvfalva<\/td>\n<td>Egersz\u00f3l\u00e1t-ESSE<\/td>\n<td>\u00a01 &#8211; 1<\/td>\n<\/tr>\n<tr>\n<td>szeptember 30.<\/td>\n<td>16:00<\/td>\n<td>Egersz\u00f3l\u00e1t-ESSE<\/td>\n<td>Andornakt\u00e1lya<\/td>\n<td>\u00a00 &#8211; 4<\/td>\n<\/tr>\n<tr>\n<td>okt\u00f3ber 7.<\/td>\n<td>15:00<\/td>\n<td>Egersz\u00f3l\u00e1t-ESSE<\/td>\n<td>Noszvaj SE<\/td>\n<td>\u00a02 &#8211; 0<\/td>\n<\/tr>\n<tr>\n<td>okt\u00f3ber 14.<\/td>\n<td>15:00<\/td>\n<td>Egersz\u00f3l\u00e1t-ESSE<\/td>\n<td>F\u00fczesabony<\/td>\n<td><\/td>\n<\/tr>\n<tr>\n<td>okt\u00f3ber 21.<\/td>\n<td>14:30<\/td>\n<td>P\u00e9terv\u00e1s\u00e1ra SE<\/td>\n<td>Egersz\u00f3l\u00e1t-ESSE<\/td>\n<td><\/td>\n<\/tr>\n<\/tbody>\n<\/table>\n<hr \/>\n<p style=\"text-align: center;\"><strong>2015\/2016 \u0150szi id\u00e9ny &#8211; TABELLA<\/strong><\/p>\n<p style=\"text-align: center;\"><a href=\"http:\/\/egrisportcentrumse.hu\/egris\/wp-content\/uploads\/2015\/08\/Tabella_15-10-07.png\"><img decoding=\"async\" loading=\"lazy\" class=\"alignnone wp-image-3826 size-full\" src=\"http:\/\/egrisportcentrumse.hu\/egris\/wp-content\/uploads\/2015\/08\/Tabella_15-10-07.png\" alt=\"Tabella_15-10-07\" width=\"596\" height=\"161\" srcset=\"http:\/\/egrisportcentrumse.hu\/egris\/wp-content\/uploads\/2015\/08\/Tabella_15-10-07.png 596w, http:\/\/egrisportcentrumse.hu\/egris\/wp-content\/uploads\/2015\/08\/Tabella_15-10-07-300x81.png 300w\" sizes=\"(max-width: 596px) 100vw, 596px\" \/><\/a><\/p>\n","protected":false},"excerpt":{"rendered":"<p>Megyei U14 Bajnoks\u00e1g &#8211; Keleti csoport &#8211; 2015\/2016 \u0150szi id\u00e9ny D\u00e1tum Kezd\u00e9s Hazai Vend\u00e9g Eredm\u00e9ny szeptember 9. 16:30 Egerszal\u00f3k Egersz\u00f3l\u00e1t-ESSE \u00a07 &#8211; 1 szeptember 16. 16:00 Egersz\u00f3l\u00e1t-ESSE Borsodn\u00e1dasd \u00a05 &#8211; 1 szeptember 23. 16:00 B\u00e9lap\u00e1tvfalva Egersz\u00f3l\u00e1t-ESSE \u00a01 &#8211; 1 szeptember 30. 16:00 Egersz\u00f3l\u00e1t-ESSE Andornakt\u00e1lya \u00a00 &#8211; 4 okt\u00f3ber 7. 15:00 Egersz\u00f3l\u00e1t-ESSE Noszvaj SE \u00a02 &#8211; [&hellip;]<\/p>\n","protected":false},"author":1,"featured_media":0,"parent":0,"menu_order":0,"comment_status":"open","ping_status":"open","template":"","meta":[],"_links":{"self":[{"href":"http:\/\/egrisportcentrumse.hu\/egris\/wp-json\/wp\/v2\/pages\/3232"}],"collection":[{"href":"http:\/\/egrisportcentrumse.hu\/egris\/wp-json\/wp\/v2\/pages"}],"about":[{"href":"http:\/\/egrisportcentrumse.hu\/egris\/wp-json\/wp\/v2\/types\/page"}],"author":[{"embeddable":true,"href":"http:\/\/egrisportcentrumse.hu\/egris\/wp-json\/wp\/v2\/users\/1"}],"replies":[{"embeddable":true,"href":"http:\/\/egrisportcentrumse.hu\/egris\/wp-json\/wp\/v2\/comments?post=3232"}],"version-history":[{"count":5,"href":"http:\/\/egrisportcentrumse.hu\/egris\/wp-json\/wp\/v2\/pages\/3232\/revisions"}],"predecessor-version":[{"id":3828,"href":"http:\/\/egrisportcentrumse.hu\/egris\/wp-json\/wp\/v2\/pages\/3232\/revisions\/3828"}],"wp:attachment":[{"href":"http:\/\/egrisportcentrumse.hu\/egris\/wp-json\/wp\/v2\/media?parent=3232"}],"curies":[{"name":"wp","href":"https:\/\/api.w.org\/{rel}","templated":true}]}}