{"id":3254,"date":"2015-08-10T18:25:41","date_gmt":"2015-08-10T18:25:41","guid":{"rendered":"http:\/\/egrisportcentrumse.hu\/egris\/?page_id=3254"},"modified":"2015-10-17T08:22:20","modified_gmt":"2015-10-17T08:22:20","slug":"csapatok-20152016","status":"publish","type":"page","link":"http:\/\/egrisportcentrumse.hu\/egris\/csapatok-20152016\/","title":{"rendered":"Csapatok 2015\/2016"},"content":{"rendered":"<h2><a href=\"http:\/\/egrisportcentrumse.hu\/egris\/felnott-megye-i\/\"><img decoding=\"async\" loading=\"lazy\" class=\"wp-image-378 alignnone\" src=\"http:\/\/egrisportcentrumse.hu\/egris\/wp-content\/uploads\/2014\/11\/logo-300x225.png\" alt=\"logo\" width=\"67\" height=\"50\" srcset=\"http:\/\/egrisportcentrumse.hu\/egris\/wp-content\/uploads\/2014\/11\/logo-300x225.png 300w, http:\/\/egrisportcentrumse.hu\/egris\/wp-content\/uploads\/2014\/11\/logo.png 1024w\" sizes=\"(max-width: 67px) 100vw, 67px\" \/>Feln\u0151tt &#8211; Megye I.<\/a><\/h2>\n<h2><a href=\"http:\/\/egrisportcentrumse.hu\/egris\/felnott-megye-iii\/\"><img decoding=\"async\" loading=\"lazy\" class=\"wp-image-378 alignnone\" src=\"http:\/\/egrisportcentrumse.hu\/egris\/wp-content\/uploads\/2014\/11\/logo-300x225.png\" alt=\"logo\" width=\"67\" height=\"50\" srcset=\"http:\/\/egrisportcentrumse.hu\/egris\/wp-content\/uploads\/2014\/11\/logo-300x225.png 300w, http:\/\/egrisportcentrumse.hu\/egris\/wp-content\/uploads\/2014\/11\/logo.png 1024w\" sizes=\"(max-width: 67px) 100vw, 67px\" \/>Feln\u0151tt &#8211; Megye III.<\/a><\/h2>\n<h2><a href=\"http:\/\/egrisportcentrumse.hu\/egris\/felnott-megye-iv-2\/\"><img decoding=\"async\" loading=\"lazy\" class=\"wp-image-378 alignnone\" src=\"http:\/\/egrisportcentrumse.hu\/egris\/wp-content\/uploads\/2014\/11\/logo-300x225.png\" alt=\"logo\" width=\"67\" height=\"50\" srcset=\"http:\/\/egrisportcentrumse.hu\/egris\/wp-content\/uploads\/2014\/11\/logo-300x225.png 300w, http:\/\/egrisportcentrumse.hu\/egris\/wp-content\/uploads\/2014\/11\/logo.png 1024w\" sizes=\"(max-width: 67px) 100vw, 67px\" \/>Feln\u0151tt &#8211; Megye IV.<\/a><\/h2>\n<h2><a href=\"http:\/\/egrisportcentrumse.hu\/egris\/u19\/%20\u200e\"><img decoding=\"async\" loading=\"lazy\" class=\"wp-image-378 alignnone\" src=\"http:\/\/egrisportcentrumse.hu\/egris\/wp-content\/uploads\/2014\/11\/logo-300x225.png\" alt=\"logo\" width=\"67\" height=\"50\" srcset=\"http:\/\/egrisportcentrumse.hu\/egris\/wp-content\/uploads\/2014\/11\/logo-300x225.png 300w, http:\/\/egrisportcentrumse.hu\/egris\/wp-content\/uploads\/2014\/11\/logo.png 1024w\" sizes=\"(max-width: 67px) 100vw, 67px\" \/>U19<\/a><\/h2>\n<h2><a href=\"http:\/\/egrisportcentrumse.hu\/egris\/u17-2\/\"><img decoding=\"async\" loading=\"lazy\" class=\"wp-image-378 alignnone\" src=\"http:\/\/egrisportcentrumse.hu\/egris\/wp-content\/uploads\/2014\/11\/logo-300x225.png\" alt=\"logo\" width=\"67\" height=\"50\" srcset=\"http:\/\/egrisportcentrumse.hu\/egris\/wp-content\/uploads\/2014\/11\/logo-300x225.png 300w, http:\/\/egrisportcentrumse.hu\/egris\/wp-content\/uploads\/2014\/11\/logo.png 1024w\" sizes=\"(max-width: 67px) 100vw, 67px\" \/>U17<\/a><\/h2>\n<h2><a href=\"http:\/\/egrisportcentrumse.hu\/egris\/u15-2\/%20\u200e\"><img decoding=\"async\" loading=\"lazy\" class=\"wp-image-378 alignnone\" src=\"http:\/\/egrisportcentrumse.hu\/egris\/wp-content\/uploads\/2014\/11\/logo-300x225.png\" alt=\"logo\" width=\"67\" height=\"50\" srcset=\"http:\/\/egrisportcentrumse.hu\/egris\/wp-content\/uploads\/2014\/11\/logo-300x225.png 300w, http:\/\/egrisportcentrumse.hu\/egris\/wp-content\/uploads\/2014\/11\/logo.png 1024w\" sizes=\"(max-width: 67px) 100vw, 67px\" \/>U15<\/a><\/h2>\n<h2><a href=\"http:\/\/egrisportcentrumse.hu\/egris\/u14-2\/\"><img decoding=\"async\" loading=\"lazy\" class=\"wp-image-378 alignnone\" src=\"http:\/\/egrisportcentrumse.hu\/egris\/wp-content\/uploads\/2014\/11\/logo-300x225.png\" alt=\"logo\" width=\"67\" height=\"50\" srcset=\"http:\/\/egrisportcentrumse.hu\/egris\/wp-content\/uploads\/2014\/11\/logo-300x225.png 300w, http:\/\/egrisportcentrumse.hu\/egris\/wp-content\/uploads\/2014\/11\/logo.png 1024w\" sizes=\"(max-width: 67px) 100vw, 67px\" \/>U14<\/a><\/h2>\n<h2><a href=\"http:\/\/egrisportcentrumse.hu\/egris\/u14-megyei\/\"><img decoding=\"async\" loading=\"lazy\" class=\"wp-image-378 alignnone\" src=\"http:\/\/egrisportcentrumse.hu\/egris\/wp-content\/uploads\/2014\/11\/logo-300x225.png\" alt=\"logo\" width=\"67\" height=\"50\" srcset=\"http:\/\/egrisportcentrumse.hu\/egris\/wp-content\/uploads\/2014\/11\/logo-300x225.png 300w, http:\/\/egrisportcentrumse.hu\/egris\/wp-content\/uploads\/2014\/11\/logo.png 1024w\" sizes=\"(max-width: 67px) 100vw, 67px\" \/>U13<\/a><\/h2>\n<h2><a href=\"http:\/\/egrisportcentrumse.hu\/egris\/u12-2\/\"><img decoding=\"async\" loading=\"lazy\" class=\"wp-image-378 alignnone\" src=\"http:\/\/egrisportcentrumse.hu\/egris\/wp-content\/uploads\/2014\/11\/logo-300x225.png\" alt=\"logo\" width=\"67\" height=\"50\" srcset=\"http:\/\/egrisportcentrumse.hu\/egris\/wp-content\/uploads\/2014\/11\/logo-300x225.png 300w, http:\/\/egrisportcentrumse.hu\/egris\/wp-content\/uploads\/2014\/11\/logo.png 1024w\" sizes=\"(max-width: 67px) 100vw, 67px\" \/>U12<\/a><\/h2>\n<h2><a href=\"http:\/\/egrisportcentrumse.hu\/egris\/u11\/\"><img decoding=\"async\" loading=\"lazy\" class=\"wp-image-378 alignnone\" src=\"http:\/\/egrisportcentrumse.hu\/egris\/wp-content\/uploads\/2014\/11\/logo-300x225.png\" alt=\"logo\" width=\"67\" height=\"50\" srcset=\"http:\/\/egrisportcentrumse.hu\/egris\/wp-content\/uploads\/2014\/11\/logo-300x225.png 300w, http:\/\/egrisportcentrumse.hu\/egris\/wp-content\/uploads\/2014\/11\/logo.png 1024w\" sizes=\"(max-width: 67px) 100vw, 67px\" \/>U11<\/a><\/h2>\n<h2><a href=\"http:\/\/egrisportcentrumse.hu\/egris\/u9\/\"><img decoding=\"async\" loading=\"lazy\" class=\"wp-image-378 alignnone\" src=\"http:\/\/egrisportcentrumse.hu\/egris\/wp-content\/uploads\/2014\/11\/logo-300x225.png\" alt=\"logo\" width=\"67\" height=\"50\" srcset=\"http:\/\/egrisportcentrumse.hu\/egris\/wp-content\/uploads\/2014\/11\/logo-300x225.png 300w, http:\/\/egrisportcentrumse.hu\/egris\/wp-content\/uploads\/2014\/11\/logo.png 1024w\" sizes=\"(max-width: 67px) 100vw, 67px\" \/>U9<\/a><\/h2>\n<h2><a href=\"http:\/\/egrisportcentrumse.hu\/egris\/u8\/\"><img decoding=\"async\" loading=\"lazy\" class=\"wp-image-378 alignnone\" src=\"http:\/\/egrisportcentrumse.hu\/egris\/wp-content\/uploads\/2014\/11\/logo-300x225.png\" alt=\"logo\" width=\"67\" height=\"50\" srcset=\"http:\/\/egrisportcentrumse.hu\/egris\/wp-content\/uploads\/2014\/11\/logo-300x225.png 300w, http:\/\/egrisportcentrumse.hu\/egris\/wp-content\/uploads\/2014\/11\/logo.png 1024w\" sizes=\"(max-width: 67px) 100vw, 67px\" \/>U8<\/a><\/h2>\n<h2><a href=\"http:\/\/egrisportcentrumse.hu\/egris\/u7-2\/\"><img decoding=\"async\" loading=\"lazy\" class=\"wp-image-378 alignnone\" src=\"http:\/\/egrisportcentrumse.hu\/egris\/wp-content\/uploads\/2014\/11\/logo-300x225.png\" alt=\"logo\" width=\"67\" height=\"50\" srcset=\"http:\/\/egrisportcentrumse.hu\/egris\/wp-content\/uploads\/2014\/11\/logo-300x225.png 300w, http:\/\/egrisportcentrumse.hu\/egris\/wp-content\/uploads\/2014\/11\/logo.png 1024w\" sizes=\"(max-width: 67px) 100vw, 67px\" \/>U7<\/a><\/h2>\n","protected":false},"excerpt":{"rendered":"<p>Feln\u0151tt &#8211; Megye I. Feln\u0151tt &#8211; Megye III. Feln\u0151tt &#8211; Megye IV. U19 U17 U15 U14 U13 U12 U11 U9 U8 U7<\/p>\n","protected":false},"author":1,"featured_media":0,"parent":0,"menu_order":0,"comment_status":"open","ping_status":"open","template":"","meta":[],"_links":{"self":[{"href":"http:\/\/egrisportcentrumse.hu\/egris\/wp-json\/wp\/v2\/pages\/3254"}],"collection":[{"href":"http:\/\/egrisportcentrumse.hu\/egris\/wp-json\/wp\/v2\/pages"}],"about":[{"href":"http:\/\/egrisportcentrumse.hu\/egris\/wp-json\/wp\/v2\/types\/page"}],"author":[{"embeddable":true,"href":"http:\/\/egrisportcentrumse.hu\/egris\/wp-json\/wp\/v2\/users\/1"}],"replies":[{"embeddable":true,"href":"http:\/\/egrisportcentrumse.hu\/egris\/wp-json\/wp\/v2\/comments?post=3254"}],"version-history":[{"count":7,"href":"http:\/\/egrisportcentrumse.hu\/egris\/wp-json\/wp\/v2\/pages\/3254\/revisions"}],"predecessor-version":[{"id":3976,"href":"http:\/\/egrisportcentrumse.hu\/egris\/wp-json\/wp\/v2\/pages\/3254\/revisions\/3976"}],"wp:attachment":[{"href":"http:\/\/egrisportcentrumse.hu\/egris\/wp-json\/wp\/v2\/media?parent=3254"}],"curies":[{"name":"wp","href":"https:\/\/api.w.org\/{rel}","templated":true}]}}