{"id":3277,"date":"2015-08-10T18:43:17","date_gmt":"2015-08-10T18:43:17","guid":{"rendered":"http:\/\/egrisportcentrumse.hu\/egris\/?page_id=3277"},"modified":"2016-03-30T18:01:35","modified_gmt":"2016-03-30T18:01:35","slug":"felnott-megye-i","status":"publish","type":"page","link":"http:\/\/egrisportcentrumse.hu\/egris\/felnott-megye-i\/","title":{"rendered":"Feln\u0151tt &#8211; Megye I."},"content":{"rendered":"<p style=\"text-align: center;\"><strong>Az Egri Sportcentrum SE Megye I. csapat\u00e1nak labdar\u00fag\u00f3i<\/strong><\/p>\n<p>&nbsp;<\/p>\n<table width=\"80%\" align=\"center\">\n<tbody>\n<tr>\n<td colspan=\"2\" width=\"336\">\n<p style=\"text-align: center;\"><a href=\"http:\/\/egrisportcentrumse.hu\/egris\/wp-content\/uploads\/2015\/08\/Illy\u00e9s_D\u00e1niel_117312.jpg\"><img decoding=\"async\" loading=\"lazy\" class=\"alignnone size-full wp-image-3332\" src=\"http:\/\/egrisportcentrumse.hu\/egris\/wp-content\/uploads\/2015\/08\/Illy\u00e9s_D\u00e1niel_117312.jpg\" alt=\"Illy\u00e9s_D\u00e1niel_117312\" width=\"200\" height=\"292\" \/><\/a><\/p>\n<p style=\"text-align: center;\"><strong>ILLY\u00c9S D\u00c1NIEL<\/strong><\/p>\n<p style=\"text-align: center;\">(kapus)<\/p>\n<\/td>\n<\/tr>\n<tr>\n<td width=\"168\">\n<p style=\"text-align: center;\"><a href=\"http:\/\/egrisportcentrumse.hu\/egris\/wp-content\/uploads\/2015\/08\/Vajandt_Szil\u00e1rd_294327.jpg\"><img decoding=\"async\" loading=\"lazy\" class=\"alignnone size-full wp-image-3342\" src=\"http:\/\/egrisportcentrumse.hu\/egris\/wp-content\/uploads\/2015\/08\/Vajandt_Szil\u00e1rd_294327.jpg\" alt=\"Vajandt_Szil\u00e1rd_294327\" width=\"200\" height=\"296\" \/><\/a><\/p>\n<p style=\"text-align: center;\"><strong>VAJANDT SZIL\u00c1RD<\/strong><\/p>\n<p style=\"text-align: center;\">kapus<\/p>\n<\/td>\n<td width=\"168\">\n<p style=\"text-align: center;\"><a href=\"http:\/\/egrisportcentrumse.hu\/egris\/wp-content\/uploads\/2015\/08\/Sopronyi_D\u00e1niel_336348-1.jpg\" rel=\"attachment wp-att-5403\"><img decoding=\"async\" loading=\"lazy\" class=\"alignnone wp-image-5403 size-full\" src=\"http:\/\/egrisportcentrumse.hu\/egris\/wp-content\/uploads\/2015\/08\/Sopronyi_D\u00e1niel_336348-1.jpg\" alt=\"Sopronyi_D\u00e1niel_336348\" width=\"178\" height=\"296\" \/><\/a><\/p>\n<p style=\"text-align: center;\"><strong>SOPRONYI D\u00c1NIEL<\/strong><\/p>\n<p style=\"text-align: center;\">kapus<\/p>\n<\/td>\n<\/tr>\n<tr>\n<td width=\"168\">\n<p style=\"text-align: center;\"><a href=\"http:\/\/egrisportcentrumse.hu\/egris\/wp-content\/uploads\/2015\/08\/D\u00f3czi_Istv\u00e1n_119893.jpg\"><img decoding=\"async\" loading=\"lazy\" class=\"alignnone size-full wp-image-3327\" src=\"http:\/\/egrisportcentrumse.hu\/egris\/wp-content\/uploads\/2015\/08\/D\u00f3czi_Istv\u00e1n_119893.jpg\" alt=\"D\u00f3czi_Istv\u00e1n_119893\" width=\"200\" height=\"296\" \/><\/a><\/p>\n<p style=\"text-align: center;\"><strong>D\u00d3CZI ISTV\u00c1N TAM\u00c1S<\/strong><\/p>\n<p style=\"text-align: center;\">bels\u0151 v\u00e9d\u0151<\/p>\n<\/td>\n<td width=\"168\">\n<p style=\"text-align: center;\">bels\u0151 v\u00e9d\u0151<\/p>\n<\/td>\n<\/tr>\n<tr>\n<td width=\"168\">\n<p style=\"text-align: center;\"><a href=\"http:\/\/egrisportcentrumse.hu\/egris\/wp-content\/uploads\/2015\/08\/Madarasi_M\u00e1t\u00e9_146103.jpg\"><img decoding=\"async\" loading=\"lazy\" class=\"alignnone size-full wp-image-3335\" src=\"http:\/\/egrisportcentrumse.hu\/egris\/wp-content\/uploads\/2015\/08\/Madarasi_M\u00e1t\u00e9_146103.jpg\" alt=\"Madarasi_M\u00e1t\u00e9_146103\" width=\"200\" height=\"296\" \/><\/a><\/p>\n<p style=\"text-align: center;\"><strong>MADARASI M\u00c1T\u00c9<\/strong><\/p>\n<p style=\"text-align: center;\">sz\u00e9ls\u0151 v\u00e9d\u0151<\/p>\n<\/td>\n<td width=\"168\">\n<p style=\"text-align: center;\"><a href=\"http:\/\/egrisportcentrumse.hu\/egris\/wp-content\/uploads\/2015\/08\/Podolecz_P\u00e9ter_274365.jpg\"><img decoding=\"async\" loading=\"lazy\" class=\"alignnone size-full wp-image-3337\" src=\"http:\/\/egrisportcentrumse.hu\/egris\/wp-content\/uploads\/2015\/08\/Podolecz_P\u00e9ter_274365.jpg\" alt=\"Podolecz_P\u00e9ter_274365\" width=\"200\" height=\"296\" \/><\/a><\/p>\n<p style=\"text-align: center;\"><strong>PODOLECZ P\u00c9TER<\/strong><\/p>\n<p style=\"text-align: center;\">sz\u00e9ls\u0151 h\u00e1tv\u00e9d\/v\u00e9dekez\u0151 k\u00f6z\u00e9pp\u00e1ly\u00e1s<\/p>\n<\/td>\n<\/tr>\n<tr>\n<td width=\"168\">\n<p style=\"text-align: center;\"><a href=\"http:\/\/egrisportcentrumse.hu\/egris\/wp-content\/uploads\/2015\/08\/Farkas_Kriszti\u00e1n_139688.jpg\"><img decoding=\"async\" loading=\"lazy\" class=\"alignnone size-full wp-image-3329\" src=\"http:\/\/egrisportcentrumse.hu\/egris\/wp-content\/uploads\/2015\/08\/Farkas_Kriszti\u00e1n_139688.jpg\" alt=\"Farkas_Kriszti\u00e1n_139688\" width=\"200\" height=\"292\" \/><\/a><\/p>\n<p style=\"text-align: center;\"><strong>FARKAS KRISZTI\u00c1N<\/strong><\/p>\n<p style=\"text-align: center;\">sz\u00e9ls\u0151 v\u00e9d\u0151\/k\u00f6z\u00e9pp\u00e1ly\u00e1s<\/p>\n<\/td>\n<td width=\"168\">\n<p style=\"text-align: center;\"><a href=\"http:\/\/egrisportcentrumse.hu\/egris\/wp-content\/uploads\/2015\/08\/Szak\u00e1l_Csaba_330146.jpg\"><img decoding=\"async\" loading=\"lazy\" class=\"alignnone size-full wp-image-3340\" src=\"http:\/\/egrisportcentrumse.hu\/egris\/wp-content\/uploads\/2015\/08\/Szak\u00e1l_Csaba_330146.jpg\" alt=\"Szak\u00e1l_Csaba_330146\" width=\"200\" height=\"296\" \/><\/a><\/p>\n<p style=\"text-align: center;\"><strong>SZAK\u00c1L CSABA<\/strong><\/p>\n<p style=\"text-align: center;\">bels\u0151 v\u00e9d\u0151\/<\/p>\n<p style=\"text-align: center;\">k\u00f6z\u00e9pp\u00e1ly\u00e1s<\/p>\n<\/td>\n<\/tr>\n<tr>\n<td width=\"168\">\n<p style=\"text-align: center;\"><a href=\"http:\/\/egrisportcentrumse.hu\/egris\/wp-content\/uploads\/2015\/08\/Ker\u00e9kgy\u00e1rt\u00f3_Tam\u00e1s_178247.jpg\"><img decoding=\"async\" loading=\"lazy\" class=\"alignnone size-full wp-image-3334\" src=\"http:\/\/egrisportcentrumse.hu\/egris\/wp-content\/uploads\/2015\/08\/Ker\u00e9kgy\u00e1rt\u00f3_Tam\u00e1s_178247.jpg\" alt=\"Ker\u00e9kgy\u00e1rt\u00f3_Tam\u00e1s_178247\" width=\"200\" height=\"296\" \/><\/a><\/p>\n<p style=\"text-align: center;\"><strong>KER\u00c9KGY\u00c1RT\u00d3 TAM\u00c1S<\/strong><\/p>\n<p style=\"text-align: center;\">k\u00f6z\u00e9pp\u00e1ly\u00e1s<\/p>\n<\/td>\n<td width=\"168\">\n<p style=\"text-align: center;\"><a href=\"http:\/\/egrisportcentrumse.hu\/egris\/wp-content\/uploads\/2015\/08\/Busai_Barna_171950.jpg\"><img decoding=\"async\" loading=\"lazy\" class=\"alignnone size-full wp-image-3325\" src=\"http:\/\/egrisportcentrumse.hu\/egris\/wp-content\/uploads\/2015\/08\/Busai_Barna_171950.jpg\" alt=\"Busai_Barna_171950\" width=\"200\" height=\"296\" \/><\/a><\/p>\n<p style=\"text-align: center;\"><strong>BUSAI BARNA<\/strong><\/p>\n<p style=\"text-align: center;\">k\u00f6z\u00e9pp\u00e1ly\u00e1s<\/p>\n<\/td>\n<\/tr>\n<tr>\n<td width=\"168\">\n<p style=\"text-align: center;\"><a href=\"http:\/\/egrisportcentrumse.hu\/egris\/wp-content\/uploads\/2015\/08\/Dork\u00f3_Alex_360130.jpg\"><img decoding=\"async\" loading=\"lazy\" class=\"alignnone size-full wp-image-3328\" src=\"http:\/\/egrisportcentrumse.hu\/egris\/wp-content\/uploads\/2015\/08\/Dork\u00f3_Alex_360130.jpg\" alt=\"Dork\u00f3_Alex_360130\" width=\"200\" height=\"296\" \/><\/a><\/p>\n<p style=\"text-align: center;\"><strong>DORK\u00d3 ALEX<\/strong><\/p>\n<p style=\"text-align: center;\">\u00a0k\u00f6z\u00e9pp\u00e1ly\u00e1s<\/p>\n<\/td>\n<td width=\"168\">\n<p style=\"text-align: center;\"><strong>B\u00d3R L\u00c1SZL\u00d3<\/strong><\/p>\n<p style=\"text-align: center;\">k\u00f6z\u00e9pp\u00e1ly\u00e1s<\/p>\n<\/td>\n<\/tr>\n<tr>\n<td width=\"168\">\n<p style=\"text-align: center;\"><strong>KASZ\u00c1S NORBERT<\/strong><\/p>\n<p style=\"text-align: center;\">k\u00f6z\u00e9pp\u00e1ly\u00e1s<\/p>\n<\/td>\n<td width=\"168\">\n<p style=\"text-align: center;\"><a href=\"http:\/\/egrisportcentrumse.hu\/egris\/wp-content\/uploads\/2015\/08\/Szil\u00e1gyi_B\u00e1lint_344762.jpg\"><img decoding=\"async\" loading=\"lazy\" class=\"alignnone size-full wp-image-3341\" src=\"http:\/\/egrisportcentrumse.hu\/egris\/wp-content\/uploads\/2015\/08\/Szil\u00e1gyi_B\u00e1lint_344762.jpg\" alt=\"Szil\u00e1gyi_B\u00e1lint_344762\" width=\"200\" height=\"296\" \/><\/a><\/p>\n<p style=\"text-align: center;\"><strong>SZIL\u00c1GYI B\u00c1LINT<\/strong><\/p>\n<p style=\"text-align: center;\">k\u00f6z\u00e9pp\u00e1ly\u00e1s<\/p>\n<\/td>\n<\/tr>\n<tr>\n<td width=\"168\">\n<p style=\"text-align: center;\"><a href=\"http:\/\/egrisportcentrumse.hu\/egris\/wp-content\/uploads\/2015\/08\/Antal_Zsolt_169411.jpg\"><img decoding=\"async\" loading=\"lazy\" class=\"alignnone size-full wp-image-3323\" src=\"http:\/\/egrisportcentrumse.hu\/egris\/wp-content\/uploads\/2015\/08\/Antal_Zsolt_169411.jpg\" alt=\"Antal_Zsolt_169411\" width=\"200\" height=\"296\" \/><\/a><\/p>\n<p style=\"text-align: center;\"><strong>ANTAL ZSOLT<\/strong><\/p>\n<p style=\"text-align: center;\">k\u00f6z\u00e9pp\u00e1ly\u00e1s<\/p>\n<\/td>\n<td width=\"168\">\n<p style=\"text-align: center;\"><a href=\"http:\/\/egrisportcentrumse.hu\/egris\/wp-content\/uploads\/2015\/08\/Montvai_Tibor_137015.jpg\"><img decoding=\"async\" loading=\"lazy\" class=\"alignnone size-full wp-image-3336\" src=\"http:\/\/egrisportcentrumse.hu\/egris\/wp-content\/uploads\/2015\/08\/Montvai_Tibor_137015.jpg\" alt=\"Montvai_Tibor_137015\" width=\"200\" height=\"250\" \/><\/a><\/p>\n<p style=\"text-align: center;\"><strong>MONTVAI TIBOR<\/strong><\/p>\n<p style=\"text-align: center;\">t\u00e1mad\u00f3<\/p>\n<\/td>\n<\/tr>\n<tr>\n<td width=\"168\">\n<p style=\"text-align: center;\"><a href=\"http:\/\/egrisportcentrumse.hu\/egris\/wp-content\/uploads\/2015\/08\/Hal\u00e1sz_M\u00e1ri\u00f3_285649.jpg\"><img decoding=\"async\" loading=\"lazy\" class=\"alignnone size-full wp-image-3331\" src=\"http:\/\/egrisportcentrumse.hu\/egris\/wp-content\/uploads\/2015\/08\/Hal\u00e1sz_M\u00e1ri\u00f3_285649.jpg\" alt=\"Hal\u00e1sz_M\u00e1ri\u00f3_285649\" width=\"200\" height=\"296\" \/><\/a><\/p>\n<p style=\"text-align: center;\"><strong>HAL\u00c1SZ M\u00c1RI\u00d3<\/strong><\/p>\n<p style=\"text-align: center;\">t\u00e1mad\u00f3<\/p>\n<\/td>\n<td width=\"168\">\n<p style=\"text-align: center;\"><strong>VAS D\u00c1NIEL\u00a0<\/strong><\/p>\n<p style=\"text-align: center;\">t\u00e1mad\u00f3<\/p>\n<\/td>\n<\/tr>\n<tr>\n<td width=\"168\">\n<p style=\"text-align: center;\"><a href=\"http:\/\/egrisportcentrumse.hu\/egris\/wp-content\/uploads\/2015\/08\/Szucsik_\u00c1d\u00e1m2.jpg\"><img decoding=\"async\" loading=\"lazy\" class=\"alignnone size-full wp-image-3439\" src=\"http:\/\/egrisportcentrumse.hu\/egris\/wp-content\/uploads\/2015\/08\/Szucsik_\u00c1d\u00e1m2.jpg\" alt=\"Szucsik_\u00c1d\u00e1m2\" width=\"200\" height=\"296\" \/><\/a><\/p>\n<p style=\"text-align: center;\"><strong>SZUCSIK \u00c1D\u00c1M<\/strong><\/p>\n<p style=\"text-align: center;\">t\u00e1mad\u00f3<\/p>\n<\/td>\n<td width=\"168\"><strong>\u00a0<\/strong><\/td>\n<\/tr>\n<\/tbody>\n<\/table>\n<p style=\"text-align: center;\"><strong>Kereten fel\u00fcli j\u00e1t\u00e9kosok<\/strong><\/p>\n<table width=\"80%\" align=\"center\">\n<tbody>\n<tr>\n<td style=\"text-align: center;\" width=\"168\"><a href=\"http:\/\/egrisportcentrumse.hu\/egris\/wp-content\/uploads\/2015\/08\/Varga_Mil\u00e1n_403037.jpg\"><img decoding=\"async\" loading=\"lazy\" class=\"alignnone size-full wp-image-3343\" src=\"http:\/\/egrisportcentrumse.hu\/egris\/wp-content\/uploads\/2015\/08\/Varga_Mil\u00e1n_403037.jpg\" alt=\"Varga_Mil\u00e1n_403037\" width=\"200\" height=\"296\" \/><\/a><\/p>\n<p><strong>VARGA MIL\u00c1N<\/strong><\/p>\n<p>k\u00f6z\u00e9pp\u00e1ly\u00e1s<\/td>\n<td style=\"text-align: center;\" width=\"170\"><a href=\"http:\/\/egrisportcentrumse.hu\/egris\/wp-content\/uploads\/2015\/08\/Somogyi_L\u00e1szl\u00f3_263691.jpg\"><img decoding=\"async\" loading=\"lazy\" class=\"alignnone size-full wp-image-3338\" src=\"http:\/\/egrisportcentrumse.hu\/egris\/wp-content\/uploads\/2015\/08\/Somogyi_L\u00e1szl\u00f3_263691.jpg\" alt=\"Somogyi_L\u00e1szl\u00f3_263691\" width=\"200\" height=\"293\" \/><\/a><\/p>\n<p><strong>SOMOGYI L\u00c1SZL\u00d3<\/strong><\/p>\n<p>bels\u0151 v\u00e9d\u0151<\/td>\n<\/tr>\n<tr>\n<td style=\"text-align: center;\" width=\"168\"><\/td>\n<td width=\"170\"><\/td>\n<\/tr>\n<\/tbody>\n<\/table>\n","protected":false},"excerpt":{"rendered":"<p>Az Egri Sportcentrum SE Megye I. csapat\u00e1nak labdar\u00fag\u00f3i &nbsp; ILLY\u00c9S D\u00c1NIEL (kapus) VAJANDT SZIL\u00c1RD kapus SOPRONYI D\u00c1NIEL kapus D\u00d3CZI ISTV\u00c1N TAM\u00c1S bels\u0151 v\u00e9d\u0151 bels\u0151 v\u00e9d\u0151 MADARASI M\u00c1T\u00c9 sz\u00e9ls\u0151 v\u00e9d\u0151 PODOLECZ P\u00c9TER sz\u00e9ls\u0151 h\u00e1tv\u00e9d\/v\u00e9dekez\u0151 k\u00f6z\u00e9pp\u00e1ly\u00e1s FARKAS KRISZTI\u00c1N sz\u00e9ls\u0151 v\u00e9d\u0151\/k\u00f6z\u00e9pp\u00e1ly\u00e1s SZAK\u00c1L CSABA bels\u0151 v\u00e9d\u0151\/ k\u00f6z\u00e9pp\u00e1ly\u00e1s KER\u00c9KGY\u00c1RT\u00d3 TAM\u00c1S k\u00f6z\u00e9pp\u00e1ly\u00e1s BUSAI BARNA k\u00f6z\u00e9pp\u00e1ly\u00e1s DORK\u00d3 ALEX \u00a0k\u00f6z\u00e9pp\u00e1ly\u00e1s B\u00d3R L\u00c1SZL\u00d3 k\u00f6z\u00e9pp\u00e1ly\u00e1s [&hellip;]<\/p>\n","protected":false},"author":1,"featured_media":0,"parent":0,"menu_order":0,"comment_status":"open","ping_status":"open","template":"","meta":[],"_links":{"self":[{"href":"http:\/\/egrisportcentrumse.hu\/egris\/wp-json\/wp\/v2\/pages\/3277"}],"collection":[{"href":"http:\/\/egrisportcentrumse.hu\/egris\/wp-json\/wp\/v2\/pages"}],"about":[{"href":"http:\/\/egrisportcentrumse.hu\/egris\/wp-json\/wp\/v2\/types\/page"}],"author":[{"embeddable":true,"href":"http:\/\/egrisportcentrumse.hu\/egris\/wp-json\/wp\/v2\/users\/1"}],"replies":[{"embeddable":true,"href":"http:\/\/egrisportcentrumse.hu\/egris\/wp-json\/wp\/v2\/comments?post=3277"}],"version-history":[{"count":11,"href":"http:\/\/egrisportcentrumse.hu\/egris\/wp-json\/wp\/v2\/pages\/3277\/revisions"}],"predecessor-version":[{"id":5559,"href":"http:\/\/egrisportcentrumse.hu\/egris\/wp-json\/wp\/v2\/pages\/3277\/revisions\/5559"}],"wp:attachment":[{"href":"http:\/\/egrisportcentrumse.hu\/egris\/wp-json\/wp\/v2\/media?parent=3277"}],"curies":[{"name":"wp","href":"https:\/\/api.w.org\/{rel}","templated":true}]}}