{"id":3279,"date":"2015-08-10T18:43:40","date_gmt":"2015-08-10T18:43:40","guid":{"rendered":"http:\/\/egrisportcentrumse.hu\/egris\/?page_id=3279"},"modified":"2015-11-09T09:59:02","modified_gmt":"2015-11-09T09:59:02","slug":"felnott-megye-iii","status":"publish","type":"page","link":"http:\/\/egrisportcentrumse.hu\/egris\/felnott-megye-iii\/","title":{"rendered":"Feln\u0151tt &#8211; Megye III."},"content":{"rendered":"<p style=\"text-align: center;\"><strong>Egri Sportcentrum SE &#8211; Megye III. &#8211; 2015\/2016-os id\u00e9ny<\/strong><\/p>\n<p>&nbsp;<\/p>\n<div id=\"attachment_4509\" style=\"width: 1465px\" class=\"wp-caption alignnone\"><a href=\"http:\/\/egrisportcentrumse.hu\/egris\/wp-content\/uploads\/2015\/08\/Csapatk\u00e9p1.jpg\"><img aria-describedby=\"caption-attachment-4509\" decoding=\"async\" loading=\"lazy\" class=\"wp-image-4509 size-full\" src=\"http:\/\/egrisportcentrumse.hu\/egris\/wp-content\/uploads\/2015\/08\/Csapatk\u00e9p1.jpg\" alt=\"Csapatk\u00e9p1\" width=\"1455\" height=\"850\" srcset=\"http:\/\/egrisportcentrumse.hu\/egris\/wp-content\/uploads\/2015\/08\/Csapatk\u00e9p1.jpg 1455w, http:\/\/egrisportcentrumse.hu\/egris\/wp-content\/uploads\/2015\/08\/Csapatk\u00e9p1-300x175.jpg 300w, http:\/\/egrisportcentrumse.hu\/egris\/wp-content\/uploads\/2015\/08\/Csapatk\u00e9p1-1024x598.jpg 1024w\" sizes=\"(max-width: 1455px) 100vw, 1455px\" \/><\/a><\/p>\n<p id=\"caption-attachment-4509\" class=\"wp-caption-text\"><center><span style=\"text-decoration: underline;\">\u00c1ll\u00f3 sor (balr\u00f3l jobbra):<\/span> P\u00e1pai Zolt\u00e1n, Horv\u00e1th Kriszti\u00e1n, Karika Mih\u00e1ly, Horv\u00e1th P\u00e9ter, Grassi Uria, J\u00e1szber\u00e9nyi D\u00e1niel, Szab\u00f3 B\u00e9la (\u00e9s kisfia, Bence), Harmati P\u00e9ter &#8211; eln\u00f6k. <span style=\"text-decoration: underline;\">Guggol\u00f3 sor (balr\u00f3l jobbra):<\/span> Leh\u00f3czky Zsolt, (Horv\u00e1th Kriszti\u00e1n fia, Krist\u00f3f), Nagy Bence Gerg\u0151, Aux P\u00e9ter, Farkas D\u00e1niel, Farkas &#8216;Kuksi&#8217; Zsolt, Magyar Tam\u00e1s, Vedovato Tommy, Nagylaki D\u00e1vid<\/center><\/p>\n<\/div>\n","protected":false},"excerpt":{"rendered":"<p>Egri Sportcentrum SE &#8211; Megye III. &#8211; 2015\/2016-os id\u00e9ny &nbsp;<\/p>\n","protected":false},"author":1,"featured_media":0,"parent":0,"menu_order":0,"comment_status":"open","ping_status":"open","template":"","meta":[],"_links":{"self":[{"href":"http:\/\/egrisportcentrumse.hu\/egris\/wp-json\/wp\/v2\/pages\/3279"}],"collection":[{"href":"http:\/\/egrisportcentrumse.hu\/egris\/wp-json\/wp\/v2\/pages"}],"about":[{"href":"http:\/\/egrisportcentrumse.hu\/egris\/wp-json\/wp\/v2\/types\/page"}],"author":[{"embeddable":true,"href":"http:\/\/egrisportcentrumse.hu\/egris\/wp-json\/wp\/v2\/users\/1"}],"replies":[{"embeddable":true,"href":"http:\/\/egrisportcentrumse.hu\/egris\/wp-json\/wp\/v2\/comments?post=3279"}],"version-history":[{"count":7,"href":"http:\/\/egrisportcentrumse.hu\/egris\/wp-json\/wp\/v2\/pages\/3279\/revisions"}],"predecessor-version":[{"id":4520,"href":"http:\/\/egrisportcentrumse.hu\/egris\/wp-json\/wp\/v2\/pages\/3279\/revisions\/4520"}],"wp:attachment":[{"href":"http:\/\/egrisportcentrumse.hu\/egris\/wp-json\/wp\/v2\/media?parent=3279"}],"curies":[{"name":"wp","href":"https:\/\/api.w.org\/{rel}","templated":true}]}}