{"id":3283,"date":"2015-08-10T18:44:26","date_gmt":"2015-08-10T18:44:26","guid":{"rendered":"http:\/\/egrisportcentrumse.hu\/egris\/?page_id=3283"},"modified":"2015-09-12T09:29:40","modified_gmt":"2015-09-12T09:29:40","slug":"u19","status":"publish","type":"page","link":"http:\/\/egrisportcentrumse.hu\/egris\/u19\/","title":{"rendered":"U19"},"content":{"rendered":"<p style=\"text-align: center;\">ESSE U19-es csapat<\/p>\n<p style=\"text-align: center;\">Edz\u0151: Montvai Tibor<\/p>\n<p style=\"text-align: center;\"><a href=\"http:\/\/egrisportcentrumse.hu\/egris\/wp-content\/uploads\/2015\/08\/Csapatfot\u00f3_2015-2016_U19.jpg\"><img decoding=\"async\" loading=\"lazy\" class=\"alignnone wp-image-3535 size-large\" src=\"http:\/\/egrisportcentrumse.hu\/egris\/wp-content\/uploads\/2015\/08\/Csapatfot\u00f3_2015-2016_U19-1024x554.jpg\" alt=\"Csapatfot\u00f3_2015-2016_U19\" width=\"1024\" height=\"554\" srcset=\"http:\/\/egrisportcentrumse.hu\/egris\/wp-content\/uploads\/2015\/08\/Csapatfot\u00f3_2015-2016_U19-1024x554.jpg 1024w, http:\/\/egrisportcentrumse.hu\/egris\/wp-content\/uploads\/2015\/08\/Csapatfot\u00f3_2015-2016_U19-300x162.jpg 300w, http:\/\/egrisportcentrumse.hu\/egris\/wp-content\/uploads\/2015\/08\/Csapatfot\u00f3_2015-2016_U19.jpg 2048w\" sizes=\"(max-width: 1024px) 100vw, 1024px\" \/><\/a><\/p>\n<p style=\"text-align: center;\">A fot\u00f3t k\u00f6sz\u00f6nj\u00fck az EgriFoci M\u00e9di\u00e1nak!<\/p>\n","protected":false},"excerpt":{"rendered":"<p>ESSE U19-es csapat Edz\u0151: Montvai Tibor A fot\u00f3t k\u00f6sz\u00f6nj\u00fck az EgriFoci M\u00e9di\u00e1nak!<\/p>\n","protected":false},"author":1,"featured_media":3535,"parent":0,"menu_order":0,"comment_status":"open","ping_status":"open","template":"","meta":[],"_links":{"self":[{"href":"http:\/\/egrisportcentrumse.hu\/egris\/wp-json\/wp\/v2\/pages\/3283"}],"collection":[{"href":"http:\/\/egrisportcentrumse.hu\/egris\/wp-json\/wp\/v2\/pages"}],"about":[{"href":"http:\/\/egrisportcentrumse.hu\/egris\/wp-json\/wp\/v2\/types\/page"}],"author":[{"embeddable":true,"href":"http:\/\/egrisportcentrumse.hu\/egris\/wp-json\/wp\/v2\/users\/1"}],"replies":[{"embeddable":true,"href":"http:\/\/egrisportcentrumse.hu\/egris\/wp-json\/wp\/v2\/comments?post=3283"}],"version-history":[{"count":3,"href":"http:\/\/egrisportcentrumse.hu\/egris\/wp-json\/wp\/v2\/pages\/3283\/revisions"}],"predecessor-version":[{"id":3537,"href":"http:\/\/egrisportcentrumse.hu\/egris\/wp-json\/wp\/v2\/pages\/3283\/revisions\/3537"}],"wp:featuredmedia":[{"embeddable":true,"href":"http:\/\/egrisportcentrumse.hu\/egris\/wp-json\/wp\/v2\/media\/3535"}],"wp:attachment":[{"href":"http:\/\/egrisportcentrumse.hu\/egris\/wp-json\/wp\/v2\/media?parent=3283"}],"curies":[{"name":"wp","href":"https:\/\/api.w.org\/{rel}","templated":true}]}}