{"id":3285,"date":"2015-08-10T18:44:57","date_gmt":"2015-08-10T18:44:57","guid":{"rendered":"http:\/\/egrisportcentrumse.hu\/egris\/?page_id=3285"},"modified":"2015-09-12T09:26:07","modified_gmt":"2015-09-12T09:26:07","slug":"u17-2","status":"publish","type":"page","link":"http:\/\/egrisportcentrumse.hu\/egris\/u17-2\/","title":{"rendered":"U17"},"content":{"rendered":"<p style=\"text-align: center;\">ESSE U17-es csapat<\/p>\n<p style=\"text-align: center;\">Edz\u0151: P\u00e1pai Zolt\u00e1n<\/p>\n<p style=\"text-align: center;\"><a href=\"http:\/\/egrisportcentrumse.hu\/egris\/wp-content\/uploads\/2015\/08\/Csapatfot\u00f3_2015-2016.jpg\"><img decoding=\"async\" loading=\"lazy\" class=\"alignnone wp-image-3532 size-large\" src=\"http:\/\/egrisportcentrumse.hu\/egris\/wp-content\/uploads\/2015\/08\/Csapatfot\u00f3_2015-2016-1024x507.jpg\" alt=\"Csapatfot\u00f3_2015-2016\" width=\"1024\" height=\"507\" srcset=\"http:\/\/egrisportcentrumse.hu\/egris\/wp-content\/uploads\/2015\/08\/Csapatfot\u00f3_2015-2016-1024x507.jpg 1024w, http:\/\/egrisportcentrumse.hu\/egris\/wp-content\/uploads\/2015\/08\/Csapatfot\u00f3_2015-2016-300x149.jpg 300w, http:\/\/egrisportcentrumse.hu\/egris\/wp-content\/uploads\/2015\/08\/Csapatfot\u00f3_2015-2016.jpg 2048w\" sizes=\"(max-width: 1024px) 100vw, 1024px\" \/><\/a><\/p>\n<p style=\"text-align: center;\">A fot\u00f3t k\u00f6sz\u00f6nj\u00fck az EgriFoci M\u00e9di\u00e1nak!<\/p>\n","protected":false},"excerpt":{"rendered":"<p>ESSE U17-es csapat Edz\u0151: P\u00e1pai Zolt\u00e1n A fot\u00f3t k\u00f6sz\u00f6nj\u00fck az EgriFoci M\u00e9di\u00e1nak!<\/p>\n","protected":false},"author":1,"featured_media":3532,"parent":0,"menu_order":0,"comment_status":"open","ping_status":"open","template":"","meta":[],"_links":{"self":[{"href":"http:\/\/egrisportcentrumse.hu\/egris\/wp-json\/wp\/v2\/pages\/3285"}],"collection":[{"href":"http:\/\/egrisportcentrumse.hu\/egris\/wp-json\/wp\/v2\/pages"}],"about":[{"href":"http:\/\/egrisportcentrumse.hu\/egris\/wp-json\/wp\/v2\/types\/page"}],"author":[{"embeddable":true,"href":"http:\/\/egrisportcentrumse.hu\/egris\/wp-json\/wp\/v2\/users\/1"}],"replies":[{"embeddable":true,"href":"http:\/\/egrisportcentrumse.hu\/egris\/wp-json\/wp\/v2\/comments?post=3285"}],"version-history":[{"count":4,"href":"http:\/\/egrisportcentrumse.hu\/egris\/wp-json\/wp\/v2\/pages\/3285\/revisions"}],"predecessor-version":[{"id":3534,"href":"http:\/\/egrisportcentrumse.hu\/egris\/wp-json\/wp\/v2\/pages\/3285\/revisions\/3534"}],"wp:featuredmedia":[{"embeddable":true,"href":"http:\/\/egrisportcentrumse.hu\/egris\/wp-json\/wp\/v2\/media\/3532"}],"wp:attachment":[{"href":"http:\/\/egrisportcentrumse.hu\/egris\/wp-json\/wp\/v2\/media?parent=3285"}],"curies":[{"name":"wp","href":"https:\/\/api.w.org\/{rel}","templated":true}]}}