{"id":38,"date":"2014-11-06T14:41:58","date_gmt":"2014-11-06T14:41:58","guid":{"rendered":"http:\/\/egrisportcentrumse.hu\/egris\/?page_id=38"},"modified":"2016-02-28T22:59:42","modified_gmt":"2016-02-28T22:59:42","slug":"szervezet","status":"publish","type":"page","link":"http:\/\/egrisportcentrumse.hu\/egris\/szervezet\/","title":{"rendered":"Szervezet"},"content":{"rendered":"<p><strong>Kapcsolat:<\/strong><\/p>\n<p><em><strong>Egri Sportcentrum Labdar\u00fag\u00f3 Sportegyes\u00fclet<\/strong><\/em><\/p>\n<p><strong>Postac\u00edm:<\/strong> 3300 Eger, Hild J\u00f3zsef \u00fat 4.<\/p>\n<p><strong>Ad\u00f3sz\u00e1m:<\/strong> 18592144-1-10<\/p>\n<p><strong>MLSZ nyilv\u00e1ntart\u00e1si sz\u00e1m:<\/strong> 3227<\/p>\n<div class=\"brdr\"><\/div>\n<p><strong><em>Eln\u00f6k<\/em>:<\/strong><\/p>\n<p><strong>Harmati P\u00e9ter<\/strong><\/p>\n<p><strong>Telefon:<\/strong>\u00a0+36 30 677 8001<\/p>\n<p><strong>email:<\/strong>\u00a0<span id=\"cloak86106\"><a href=\"mailto:peter.harmati@hotelegerpark.hu\" target=\"_blank\">peter.harmati@hotelegerpark.hu<\/a><\/span><\/p>\n<div class=\"brdr\"><\/div>\n<p><strong><em>Technikai munkat\u00e1rsak:<\/em><\/strong><\/p>\n<p><strong>Szak\u00e1l Csaba<\/strong><\/p>\n<p><strong>Telefon:<\/strong>\u00a0+36 70 932 7130<\/p>\n<p><strong>email<\/strong>: szakal.csaba96@gmail.com<\/p>\n<div class=\"brdr\"><\/div>\n<p><strong>S\u00f3s Tam\u00e1s<\/strong><\/p>\n<p><strong>Telefon:<\/strong>\u00a0+36 30 413 9809<\/p>\n<p><strong>email:<\/strong><\/p>\n<div class=\"brdr\"><\/div>\n<p>T\u00e1rsadalmi marketing vezet\u0151<\/p>\n<p><strong>Juh\u00e1sz P\u00e9ter<\/strong><\/p>\n<p><strong>Telefon:<\/strong> +36-30\/249-4160<\/p>\n<p><strong>email: <\/strong>pjuhasz75@gmail.com<\/p>\n<p>&nbsp;<\/p>\n<p><strong>Sportszolg\u00e1ltat\u00e1si d\u00edj fizet\u00e9ssel kapcsolatos inform\u00e1ci\u00f3k<\/strong><\/p>\n<p><em>Fizet\u00e9si m\u00f3dok:<\/em><\/p>\n<p style=\"text-align: justify;\">&#8211; k\u00e9szp\u00e9nzben a csapatedz\u0151kn\u00e9l <strong>minden h\u00f3nap 15. napj\u00e1ig, <\/strong>avagy <em>id\u0151pontegyeztet\u00e9s ut\u00e1n az Egyes\u00fclet irod\u00e1j\u00e1ban (Eger, T\u00f6viskes t\u00e9r 1\/A. Kemping Sporttelep, emeleten).<\/em><\/p>\n<p style=\"text-align: justify;\">&#8211; \u00e1tutal\u00e1ssal az Egri Sportcentrum SE K&amp;H Bankn\u00e1l vezetett 10403507-50526684-48671008-as sz\u00e1mlasz\u00e1m\u00e1ra (IBAN: HU66 1040 3507 5052 6684 4867 1008). A k\u00f6zlem\u00e9ny rovatban k\u00e9rj\u00fck t\u00fcntess\u00e9k fel a gyermek nev\u00e9t, edz\u0151je nev\u00e9t \u00e9s hogy melyik h\u00f3nap sportszolg\u00e1ltat\u00e1si d\u00edj\u00e1t fizett\u00e9k be. Pl.: Minta Gergely, augusztus h\u00f3, edz\u0151: Labdar\u00fag\u00f3 G\u00e1bor.<\/p>\n","protected":false},"excerpt":{"rendered":"<p>Kapcsolat: Egri Sportcentrum Labdar\u00fag\u00f3 Sportegyes\u00fclet Postac\u00edm: 3300 Eger, Hild J\u00f3zsef \u00fat 4. Ad\u00f3sz\u00e1m: 18592144-1-10 MLSZ nyilv\u00e1ntart\u00e1si sz\u00e1m: 3227 Eln\u00f6k: Harmati P\u00e9ter Telefon:\u00a0+36 30 677 8001 email:\u00a0peter.harmati@hotelegerpark.hu Technikai munkat\u00e1rsak: Szak\u00e1l Csaba Telefon:\u00a0+36 70 932 7130 email: szakal.csaba96@gmail.com S\u00f3s Tam\u00e1s Telefon:\u00a0+36 30 413 9809 email: T\u00e1rsadalmi marketing vezet\u0151 Juh\u00e1sz P\u00e9ter Telefon: +36-30\/249-4160 email: pjuhasz75@gmail.com &nbsp; Sportszolg\u00e1ltat\u00e1si d\u00edj [&hellip;]<\/p>\n","protected":false},"author":1,"featured_media":0,"parent":0,"menu_order":0,"comment_status":"open","ping_status":"open","template":"","meta":[],"_links":{"self":[{"href":"http:\/\/egrisportcentrumse.hu\/egris\/wp-json\/wp\/v2\/pages\/38"}],"collection":[{"href":"http:\/\/egrisportcentrumse.hu\/egris\/wp-json\/wp\/v2\/pages"}],"about":[{"href":"http:\/\/egrisportcentrumse.hu\/egris\/wp-json\/wp\/v2\/types\/page"}],"author":[{"embeddable":true,"href":"http:\/\/egrisportcentrumse.hu\/egris\/wp-json\/wp\/v2\/users\/1"}],"replies":[{"embeddable":true,"href":"http:\/\/egrisportcentrumse.hu\/egris\/wp-json\/wp\/v2\/comments?post=38"}],"version-history":[{"count":18,"href":"http:\/\/egrisportcentrumse.hu\/egris\/wp-json\/wp\/v2\/pages\/38\/revisions"}],"predecessor-version":[{"id":5296,"href":"http:\/\/egrisportcentrumse.hu\/egris\/wp-json\/wp\/v2\/pages\/38\/revisions\/5296"}],"wp:attachment":[{"href":"http:\/\/egrisportcentrumse.hu\/egris\/wp-json\/wp\/v2\/media?parent=38"}],"curies":[{"name":"wp","href":"https:\/\/api.w.org\/{rel}","templated":true}]}}