{"id":3970,"date":"2015-10-17T08:20:25","date_gmt":"2015-10-17T08:20:25","guid":{"rendered":"http:\/\/egrisportcentrumse.hu\/egris\/?page_id=3970"},"modified":"2015-11-17T13:22:45","modified_gmt":"2015-11-17T13:22:45","slug":"u9","status":"publish","type":"page","link":"http:\/\/egrisportcentrumse.hu\/egris\/u9\/","title":{"rendered":"U9"},"content":{"rendered":"<p style=\"text-align: center;\">ESSE U8-9 &#8211; 2015\/2016-os id\u00e9ny<\/p>\n<p style=\"text-align: center;\"><a href=\"http:\/\/egrisportcentrumse.hu\/egris\/wp-content\/uploads\/2015\/10\/csapatfot\u00f3.jpg\"><img decoding=\"async\" loading=\"lazy\" class=\"alignnone wp-image-4755 size-full\" src=\"http:\/\/egrisportcentrumse.hu\/egris\/wp-content\/uploads\/2015\/10\/csapatfot\u00f3.jpg\" alt=\"csapatfot\u00f3\" width=\"960\" height=\"716\" srcset=\"http:\/\/egrisportcentrumse.hu\/egris\/wp-content\/uploads\/2015\/10\/csapatfot\u00f3.jpg 960w, http:\/\/egrisportcentrumse.hu\/egris\/wp-content\/uploads\/2015\/10\/csapatfot\u00f3-300x224.jpg 300w\" sizes=\"(max-width: 960px) 100vw, 960px\" \/><\/a><\/p>\n<p style=\"text-align: center;\">\n<p style=\"text-align: center;\">Tov\u00e1bbi fot\u00f3k &#8211; DVTK edz\u0151meccs<\/p>\n<p style=\"text-align: center;\"><a href=\"http:\/\/egrisportcentrumse.hu\/egris\/wp-content\/uploads\/2015\/10\/Di\u00f3sgy\u0151r-edz\u0151meccs2.jpg\"><img decoding=\"async\" loading=\"lazy\" class=\"alignnone wp-image-4756 size-full\" src=\"http:\/\/egrisportcentrumse.hu\/egris\/wp-content\/uploads\/2015\/10\/Di\u00f3sgy\u0151r-edz\u0151meccs2.jpg\" alt=\"Di\u00f3sgy\u0151r-edz\u0151meccs2\" width=\"960\" height=\"635\" srcset=\"http:\/\/egrisportcentrumse.hu\/egris\/wp-content\/uploads\/2015\/10\/Di\u00f3sgy\u0151r-edz\u0151meccs2.jpg 960w, http:\/\/egrisportcentrumse.hu\/egris\/wp-content\/uploads\/2015\/10\/Di\u00f3sgy\u0151r-edz\u0151meccs2-300x198.jpg 300w\" sizes=\"(max-width: 960px) 100vw, 960px\" \/><\/a><\/p>\n","protected":false},"excerpt":{"rendered":"<p>ESSE U8-9 &#8211; 2015\/2016-os id\u00e9ny Tov\u00e1bbi fot\u00f3k &#8211; DVTK edz\u0151meccs<\/p>\n","protected":false},"author":1,"featured_media":0,"parent":0,"menu_order":0,"comment_status":"closed","ping_status":"closed","template":"","meta":[],"_links":{"self":[{"href":"http:\/\/egrisportcentrumse.hu\/egris\/wp-json\/wp\/v2\/pages\/3970"}],"collection":[{"href":"http:\/\/egrisportcentrumse.hu\/egris\/wp-json\/wp\/v2\/pages"}],"about":[{"href":"http:\/\/egrisportcentrumse.hu\/egris\/wp-json\/wp\/v2\/types\/page"}],"author":[{"embeddable":true,"href":"http:\/\/egrisportcentrumse.hu\/egris\/wp-json\/wp\/v2\/users\/1"}],"replies":[{"embeddable":true,"href":"http:\/\/egrisportcentrumse.hu\/egris\/wp-json\/wp\/v2\/comments?post=3970"}],"version-history":[{"count":3,"href":"http:\/\/egrisportcentrumse.hu\/egris\/wp-json\/wp\/v2\/pages\/3970\/revisions"}],"predecessor-version":[{"id":4757,"href":"http:\/\/egrisportcentrumse.hu\/egris\/wp-json\/wp\/v2\/pages\/3970\/revisions\/4757"}],"wp:attachment":[{"href":"http:\/\/egrisportcentrumse.hu\/egris\/wp-json\/wp\/v2\/media?parent=3970"}],"curies":[{"name":"wp","href":"https:\/\/api.w.org\/{rel}","templated":true}]}}