{"id":43,"date":"2014-11-06T14:43:17","date_gmt":"2014-11-06T14:43:17","guid":{"rendered":"http:\/\/egrisportcentrumse.hu\/egris\/?page_id=43"},"modified":"2014-11-09T14:18:52","modified_gmt":"2014-11-09T14:18:52","slug":"felnott-megye-iv","status":"publish","type":"page","link":"http:\/\/egrisportcentrumse.hu\/egris\/felnott-megye-iv\/","title":{"rendered":"Feln\u0151tt &#8211; Megye IV."},"content":{"rendered":"<p><strong>A csapat tagjai:<\/strong><\/p>\n<ul>\n<li>Alm\u00e1si Istv\u00e1n<\/li>\n<li>Aux P\u00e9ter<\/li>\n<li>Balogh S\u00e1ndor<\/li>\n<li>B\u00f3di Csaba<\/li>\n<li>B\u00f3ta Bal\u00e1zs<\/li>\n<li>Csepcs\u00e1nyi D\u00e1niel<\/li>\n<li>Cser\u0151s Vilmos<\/li>\n<li>Dr. Jacsmanik Erik<\/li>\n<li>Erd\u00e9lyi R\u00f3bert<\/li>\n<li>Garab\u00e1s L\u00e1szl\u00f3<\/li>\n<li>Harmati P\u00e9ter<\/li>\n<li>Lad\u00e1nyi \u00c1kos<\/li>\n<li>L\u00e1szl\u00f3 J\u00f3zsef<\/li>\n<li>Loj R\u00f3bert<\/li>\n<li>Nyilas L\u00e1szl\u00f3<\/li>\n<li>P\u00e1d\u00e1r B\u00e9la<\/li>\n<li>Pint\u00e9r Vilmos<\/li>\n<li>Rabi L\u00e1szl\u00f3<\/li>\n<li>Stettner Gabriel<\/li>\n<li>Szab\u00f3 Andr\u00e1s &#8222;Zsuzsi&#8221;<\/li>\n<li>Szab\u00f3 Zolt\u00e1n<\/li>\n<li>Szab\u00f3 Zolt\u00e1n II.<\/li>\n<li>Sztank\u00f3 Zsolt<\/li>\n<li>T\u00f3th Ferenc<\/li>\n<li>Dr. Ivancs\u00f3 Attila<\/li>\n<li>Utassy D\u00e9nes<\/li>\n<\/ul>\n<p><strong>Kor\u00e1bbi j\u00e1t\u00e9kosaink voltak.<\/strong><br \/>\nBal\u00e1zs Ern\u0151, Bartuska J\u00f3zsef, Bartuska Istv\u00e1n, B\u00e1rtfai P\u00e9ter, Csizmadia Zsolt, F\u00fclep Lajos, Uhria Grassi, Gy\u0151rfi P\u00e9ter, Hajd\u00f3 Szil\u00e1rd, dr. K\u00f3kai Zsolt, Kov\u00e1cs Zolt\u00e1n, Nagy Gergely, dr. Sike J\u00f3zsef, Szil\u00e1gyi S\u00e1ndor, Szab\u00f3 II. Zolt\u00e1n, Sz\u00e1ntai Ferenc, Sztaniszl\u00e1v Istv\u00e1n, Zakhar Tam\u00e1s,\u00a0Batki Attila,\u00a0Barta J\u00e1nos,\u00a0B\u00e9res Mih\u00e1ly,\u00a0Csan\u00e1dy D\u00e9nes, Farkas Ott\u00f3,\u00a0Lengyel Lajos,\u00a0Magyar P\u00e9ter,\u00a0M\u00e9hesi Ferenc<\/p>\n","protected":false},"excerpt":{"rendered":"<p>A csapat tagjai: Alm\u00e1si Istv\u00e1n Aux P\u00e9ter Balogh S\u00e1ndor B\u00f3di Csaba B\u00f3ta Bal\u00e1zs Csepcs\u00e1nyi D\u00e1niel Cser\u0151s Vilmos Dr. Jacsmanik Erik Erd\u00e9lyi R\u00f3bert Garab\u00e1s L\u00e1szl\u00f3 Harmati P\u00e9ter Lad\u00e1nyi \u00c1kos L\u00e1szl\u00f3 J\u00f3zsef Loj R\u00f3bert Nyilas L\u00e1szl\u00f3 P\u00e1d\u00e1r B\u00e9la Pint\u00e9r Vilmos Rabi L\u00e1szl\u00f3 Stettner Gabriel Szab\u00f3 Andr\u00e1s &#8222;Zsuzsi&#8221; Szab\u00f3 Zolt\u00e1n Szab\u00f3 Zolt\u00e1n II. Sztank\u00f3 Zsolt T\u00f3th Ferenc Dr. [&hellip;]<\/p>\n","protected":false},"author":1,"featured_media":0,"parent":0,"menu_order":0,"comment_status":"open","ping_status":"open","template":"","meta":[],"_links":{"self":[{"href":"http:\/\/egrisportcentrumse.hu\/egris\/wp-json\/wp\/v2\/pages\/43"}],"collection":[{"href":"http:\/\/egrisportcentrumse.hu\/egris\/wp-json\/wp\/v2\/pages"}],"about":[{"href":"http:\/\/egrisportcentrumse.hu\/egris\/wp-json\/wp\/v2\/types\/page"}],"author":[{"embeddable":true,"href":"http:\/\/egrisportcentrumse.hu\/egris\/wp-json\/wp\/v2\/users\/1"}],"replies":[{"embeddable":true,"href":"http:\/\/egrisportcentrumse.hu\/egris\/wp-json\/wp\/v2\/comments?post=43"}],"version-history":[{"count":2,"href":"http:\/\/egrisportcentrumse.hu\/egris\/wp-json\/wp\/v2\/pages\/43\/revisions"}],"predecessor-version":[{"id":516,"href":"http:\/\/egrisportcentrumse.hu\/egris\/wp-json\/wp\/v2\/pages\/43\/revisions\/516"}],"wp:attachment":[{"href":"http:\/\/egrisportcentrumse.hu\/egris\/wp-json\/wp\/v2\/media?parent=43"}],"curies":[{"name":"wp","href":"https:\/\/api.w.org\/{rel}","templated":true}]}}