{"id":55,"date":"2014-11-06T14:45:44","date_gmt":"2014-11-06T14:45:44","guid":{"rendered":"http:\/\/egrisportcentrumse.hu\/egris\/?page_id=55"},"modified":"2015-03-02T12:28:53","modified_gmt":"2015-03-02T12:28:53","slug":"u8-u9","status":"publish","type":"page","link":"http:\/\/egrisportcentrumse.hu\/egris\/u8-u9\/","title":{"rendered":"U9"},"content":{"rendered":"<table class=\"MsoTableGrid\" style=\"border: none;\" border=\"1\" cellspacing=\"0\" cellpadding=\"0\">\n<tbody>\n<tr style=\"mso-yfti-irow: 0; mso-yfti-firstrow: yes; height: 92.1pt;\">\n<td style=\"width: 460.6pt; border-color: windowtext; border-width: 1pt; padding: 0cm 5.4pt; height: 92.1pt;\" colspan=\"2\" width=\"614\">\n<p class=\"MsoNormal\" style=\"text-align: center;\" align=\"center\"><!-- [if gte vml 1]><v:shapetype id=\"_x0000_t75\" coordsize=\"21600,21600\" o:spt=\"75\" o:preferrelative=\"t\" path=\"m@4@5l@4@11@9@11@9@5xe\" filled=\"f\" stroked=\"f\">\n<v:stroke joinstyle=\"miter\"\/>\n<v:formulas>\n<v:f eqn=\"if lineDrawn pixelLineWidth 0\"\/>\n<v:f eqn=\"sum @0 1 0\"\/>\n<v:f eqn=\"sum 0 0 @1\"\/>\n<v:f eqn=\"prod @2 1 2\"\/>\n<v:f eqn=\"prod @3 21600 pixelWidth\"\/>\n<v:f eqn=\"prod @3 21600 pixelHeight\"\/>\n<v:f eqn=\"sum @0 0 1\"\/>\n<v:f eqn=\"prod @6 1 2\"\/>\n<v:f eqn=\"prod @7 21600 pixelWidth\"\/>\n<v:f eqn=\"sum @8 21600 0\"\/>\n<v:f eqn=\"prod @7 21600 pixelHeight\"\/>\n<v:f eqn=\"sum @10 21600 0\"\/>\n<\/v:formulas>\n<v:path o:extrusionok=\"f\" gradientshapeok=\"t\" o:connecttype=\"rect\"\/>\n<o:lock v:ext=\"edit\" aspectratio=\"t\"\/>\n<\/v:shapetype><v:shape id=\"K\u00e9p_x0020_5\" o:spid=\"_x0000_i1032\" type=\"#_x0000_t75\" alt=\"papaizoltan.jpg\" style='width:76.5pt;height:105pt;visibility:visible; mso-wrap-style:square'>\n<v:imagedata src=\"file:\/\/\/C:\\Users\\ROLAND~1\\AppData\\Local\\Temp\\msohtmlclip1\\01\\clip_image001.jpg\" o:title=\"papaizoltan\"\/>\n<\/v:shape><![endif]--><!-- [if !vml]--><img decoding=\"async\" loading=\"lazy\" style=\"border: 0;\" src=\"http:\/\/egrisportcentrumse.hu\/egris\/wp-content\/uploads\/2014\/11\/Ppai-Zoltn_Sajt1.png\" alt=\"papaizoltan.jpg\" width=\"102\" height=\"140\" border=\"0\" \/><!--[endif]--><\/td>\n<\/tr>\n<tr>\n<td style=\"width: 460.6pt; border-right-color: windowtext; border-bottom-color: windowtext; border-left-color: windowtext; border-right-width: 1pt; border-bottom-width: 1pt; border-left-width: 1pt; border-top-style: none; padding: 0cm 5.4pt;\" colspan=\"2\" valign=\"top\" width=\"614\">\n<p class=\"MsoNormal\" style=\"text-align: center;\" align=\"center\"><strong>P\u00e1pai Zolt\u00e1n<\/strong><\/p>\n<p class=\"MsoNormal\" style=\"text-align: center;\" align=\"center\">edz\u0151<\/p>\n<p class=\"MsoNormal\" style=\"text-align: center;\" align=\"center\">MLSZ \u2013 150737<\/p>\n<\/td>\n<\/tr>\n<tr>\n<td style=\"width: 230.3pt; border-right-color: windowtext; border-bottom-color: windowtext; border-left-color: windowtext; border-right-width: 1pt; border-bottom-width: 1pt; border-left-width: 1pt; border-top-style: none; padding: 0cm 5.4pt;\" valign=\"top\" width=\"307\">\n<p class=\"MsoNormal\" style=\"text-align: center;\" align=\"center\"><!-- [if gte vml 1]><v:shape id=\"K\u00e9p_x0020_0\" o:spid=\"_x0000_i1031\" type=\"#_x0000_t75\" alt=\"Kanalovics M\u00e1rk_U8-U9.JPG\" style='width:85.5pt;height:85.5pt;visibility:visible;mso-wrap-style:square'>\n<v:imagedata src=\"file:\/\/\/C:\\Users\\ROLAND~1\\AppData\\Local\\Temp\\msohtmlclip1\\01\\clip_image003.jpg\" o:title=\"Kanalovics M\u00e1rk_U8-U9\"\/>\n<\/v:shape><![endif]--><!-- [if !vml]--><img decoding=\"async\" loading=\"lazy\" style=\"border: 0;\" src=\"http:\/\/egrisportcentrumse.hu\/egris\/wp-content\/uploads\/2014\/11\/Kanalovics-Mrk_U8-U9.jpg\" alt=\"Kanalovics M\u00e1rk_U8-U9.JPG\" width=\"114\" height=\"114\" border=\"0\" \/><!--[endif]--><\/td>\n<td style=\"width: 230.3pt; border-top-style: none; border-left-style: none; border-bottom-color: windowtext; border-bottom-width: 1pt; border-right-color: windowtext; border-right-width: 1pt; padding: 0cm 5.4pt;\" valign=\"top\" width=\"307\">\n<p class=\"MsoNormal\" style=\"text-align: center;\" align=\"center\"><!-- [if gte vml 1]><v:shape id=\"K\u00e9p_x0020_1\" o:spid=\"_x0000_i1030\" type=\"#_x0000_t75\" alt=\"Mezei Bodond_U8-U9.JPG\" style='width:87pt;height:87pt;visibility:visible;mso-wrap-style:square'>\n<v:imagedata src=\"file:\/\/\/C:\\Users\\ROLAND~1\\AppData\\Local\\Temp\\msohtmlclip1\\01\\clip_image005.jpg\" o:title=\"Mezei Bodond_U8-U9\"\/>\n<\/v:shape><![endif]--><!-- [if !vml]--><img decoding=\"async\" loading=\"lazy\" style=\"border: 0;\" src=\"http:\/\/egrisportcentrumse.hu\/egris\/wp-content\/uploads\/2014\/11\/Mezei-Bodond_U8-U9.jpg\" alt=\"Mezei Bodond_U8-U9.JPG\" width=\"116\" height=\"116\" border=\"0\" \/><!--[endif]--><\/td>\n<\/tr>\n<tr>\n<td style=\"width: 230.3pt; border-right-color: windowtext; border-bottom-color: windowtext; border-left-color: windowtext; border-right-width: 1pt; border-bottom-width: 1pt; border-left-width: 1pt; border-top-style: none; padding: 0cm 5.4pt;\" valign=\"top\" width=\"307\">\n<p class=\"MsoNormal\" style=\"text-align: center;\" align=\"center\"><strong>Kanalovics M\u00e1rk<\/strong><\/p>\n<p class=\"MsoNormal\" style=\"text-align: center;\" align=\"center\">MLSZ &#8211; 633753<\/p>\n<\/td>\n<td style=\"width: 230.3pt; border-top-style: none; border-left-style: none; border-bottom-color: windowtext; border-bottom-width: 1pt; border-right-color: windowtext; border-right-width: 1pt; padding: 0cm 5.4pt;\" valign=\"top\" width=\"307\">\n<p class=\"MsoNormal\" style=\"text-align: center;\" align=\"center\"><strong>Mezei Botond<\/strong><\/p>\n<p class=\"MsoNormal\" style=\"text-align: center;\" align=\"center\">MLSZ \u2013 633758<\/p>\n<\/td>\n<\/tr>\n<tr>\n<td style=\"width: 230.3pt; border-right-color: windowtext; border-bottom-color: windowtext; border-left-color: windowtext; border-right-width: 1pt; border-bottom-width: 1pt; border-left-width: 1pt; border-top-style: none; padding: 0cm 5.4pt;\" valign=\"top\" width=\"307\">\n<p class=\"MsoNormal\" style=\"text-align: center;\" align=\"center\"><!-- [if gte vml 1]><v:shape id=\"K\u00e9p_x0020_2\" o:spid=\"_x0000_i1029\" type=\"#_x0000_t75\" alt=\"Nagy Korn\u00e9l_U8-U9.JPG\" style='width:90.75pt;height:90.75pt;visibility:visible;mso-wrap-style:square'>\n<v:imagedata src=\"file:\/\/\/C:\\Users\\ROLAND~1\\AppData\\Local\\Temp\\msohtmlclip1\\01\\clip_image007.jpg\" o:title=\"Nagy Korn\u00e9l_U8-U9\"\/>\n<\/v:shape><![endif]--><!-- [if !vml]--><img decoding=\"async\" loading=\"lazy\" style=\"border: 0;\" src=\"http:\/\/egrisportcentrumse.hu\/egris\/wp-content\/uploads\/2014\/11\/Nagy-Kornl_U8-U9.jpg\" alt=\"Nagy Korn\u00e9l_U8-U9.JPG\" width=\"121\" height=\"121\" border=\"0\" \/><!--[endif]--><\/td>\n<td style=\"width: 230.3pt; border-top-style: none; border-left-style: none; border-bottom-color: windowtext; border-bottom-width: 1pt; border-right-color: windowtext; border-right-width: 1pt; padding: 0cm 5.4pt;\" valign=\"top\" width=\"307\">\n<p class=\"MsoNormal\" style=\"text-align: center;\" align=\"center\"><!-- [if gte vml 1]><v:shape id=\"K\u00e9p_x0020_3\" o:spid=\"_x0000_i1028\" type=\"#_x0000_t75\" alt=\"So\u00f3s J\u00e1nos_U8-U9.JPG\" style='width:90.75pt;height:90.75pt;visibility:visible;mso-wrap-style:square'>\n<v:imagedata src=\"file:\/\/\/C:\\Users\\ROLAND~1\\AppData\\Local\\Temp\\msohtmlclip1\\01\\clip_image009.jpg\" o:title=\"So\u00f3s J\u00e1nos_U8-U9\"\/>\n<\/v:shape><![endif]--><!-- [if !vml]--><img decoding=\"async\" loading=\"lazy\" style=\"border: 0;\" src=\"http:\/\/egrisportcentrumse.hu\/egris\/wp-content\/uploads\/2014\/11\/Sos-Jnos_U8-U9.jpg\" alt=\"So\u00f3s J\u00e1nos_U8-U9.JPG\" width=\"121\" height=\"121\" border=\"0\" \/><!--[endif]--><\/td>\n<\/tr>\n<tr>\n<td style=\"width: 230.3pt; border-right-color: windowtext; border-bottom-color: windowtext; border-left-color: windowtext; border-right-width: 1pt; border-bottom-width: 1pt; border-left-width: 1pt; border-top-style: none; padding: 0cm 5.4pt;\" valign=\"top\" width=\"307\">\n<p class=\"MsoNormal\" style=\"text-align: center;\" align=\"center\"><strong>Nagy Korn\u00e9l<\/strong><\/p>\n<p class=\"MsoNormal\" style=\"text-align: center;\" align=\"center\">MLSZ &#8211; 633754<\/p>\n<\/td>\n<td style=\"width: 230.3pt; border-top-style: none; border-left-style: none; border-bottom-color: windowtext; border-bottom-width: 1pt; border-right-color: windowtext; border-right-width: 1pt; padding: 0cm 5.4pt;\" valign=\"top\" width=\"307\">\n<p class=\"MsoNormal\" style=\"text-align: center;\" align=\"center\"><strong>So\u00f3s J\u00e1nos<\/strong><\/p>\n<p class=\"MsoNormal\" style=\"text-align: center;\" align=\"center\">MLSZ \u2013 633760<span style=\"color: inherit; font-family: inherit; font-size: inherit;\">\u00a0<\/span><\/p>\n<\/td>\n<\/tr>\n<tr>\n<td style=\"width: 230.3pt; border-right-color: windowtext; border-bottom-color: windowtext; border-left-color: windowtext; border-right-width: 1pt; border-bottom-width: 1pt; border-left-width: 1pt; border-top-style: none; padding: 0cm 5.4pt;\" valign=\"top\" width=\"307\">\n<p class=\"MsoNormal\" style=\"text-align: center;\" align=\"center\"><!-- [if gte vml 1]><v:shape id=\"K\u00e9p_x0020_4\" o:spid=\"_x0000_i1027\" type=\"#_x0000_t75\" alt=\"Sz\u0151ll\u0151si Norbert_583279_U8-U9.JPG\" style='width:91.5pt;height:91.5pt;visibility:visible;mso-wrap-style:square'>\n<v:imagedata src=\"file:\/\/\/C:\\Users\\ROLAND~1\\AppData\\Local\\Temp\\msohtmlclip1\\01\\clip_image011.jpg\" o:title=\"Sz\u0151ll\u0151si Norbert_583279_U8-U9\"\/>\n<\/v:shape><![endif]--><!-- [if !vml]--><img decoding=\"async\" loading=\"lazy\" style=\"border: 0;\" src=\"http:\/\/egrisportcentrumse.hu\/egris\/wp-content\/uploads\/2014\/11\/Szllsi-Norbert_583279_U8-U9.jpg\" alt=\"Sz\u0151ll\u0151si Norbert_583279_U8-U9.JPG\" width=\"122\" height=\"122\" border=\"0\" \/><!--[endif]--><\/td>\n<td style=\"width: 230.3pt; border-top-style: none; border-left-style: none; border-bottom-color: windowtext; border-bottom-width: 1pt; border-right-color: windowtext; border-right-width: 1pt; padding: 0cm 5.4pt;\" valign=\"top\" width=\"307\">\n<p class=\"MsoNormal\" style=\"text-align: center;\" align=\"center\"><!-- [if gte vml 1]><v:shape id=\"K\u00e9p_x0020_6\" o:spid=\"_x0000_i1026\" type=\"#_x0000_t75\" alt=\"Teleki M\u00e1rton_U8-U9.JPG\" style='width:88.5pt;height:88.5pt;visibility:visible;mso-wrap-style:square'>\n<v:imagedata src=\"file:\/\/\/C:\\Users\\ROLAND~1\\AppData\\Local\\Temp\\msohtmlclip1\\01\\clip_image013.jpg\" o:title=\"Teleki M\u00e1rton_U8-U9\"\/>\n<\/v:shape><![endif]--><!-- [if !vml]--><img decoding=\"async\" loading=\"lazy\" style=\"border: 0;\" src=\"http:\/\/egrisportcentrumse.hu\/egris\/wp-content\/uploads\/2014\/11\/Teleki-Mrton_U8-U9.jpg\" alt=\"Teleki M\u00e1rton_U8-U9.JPG\" width=\"118\" height=\"118\" border=\"0\" \/><!--[endif]--><\/td>\n<\/tr>\n<tr>\n<td style=\"width: 230.3pt; border-right-color: windowtext; border-bottom-color: windowtext; border-left-color: windowtext; border-right-width: 1pt; border-bottom-width: 1pt; border-left-width: 1pt; border-top-style: none; padding: 0cm 5.4pt;\" valign=\"top\" width=\"307\">\n<p class=\"MsoNormal\" style=\"text-align: center;\" align=\"center\"><strong>Sz\u0151ll\u0151si Norbert<\/strong><\/p>\n<p class=\"MsoNormal\" style=\"text-align: center;\" align=\"center\">MLSZ &#8211; 583279<\/p>\n<\/td>\n<td style=\"width: 230.3pt; border-top-style: none; border-left-style: none; border-bottom-color: windowtext; border-bottom-width: 1pt; border-right-color: windowtext; border-right-width: 1pt; padding: 0cm 5.4pt;\" valign=\"top\" width=\"307\">\n<p class=\"MsoNormal\" style=\"text-align: center;\" align=\"center\"><strong>Teleki M\u00e1rton<\/strong><\/p>\n<p class=\"MsoNormal\" style=\"text-align: center;\" align=\"center\">MLSZ \u2013 633752<\/p>\n<\/td>\n<\/tr>\n<tr>\n<td style=\"width: 460.6pt; border-right-color: windowtext; border-bottom-color: windowtext; border-left-color: windowtext; border-right-width: 1pt; border-bottom-width: 1pt; border-left-width: 1pt; border-top-style: none; padding: 0cm 5.4pt;\" colspan=\"2\" valign=\"top\" width=\"614\">\n<p class=\"MsoNormal\" style=\"text-align: center;\" align=\"center\"><strong><!-- [if gte vml 1]><v:shape id=\"K\u00e9p_x0020_7\" o:spid=\"_x0000_i1025\" type=\"#_x0000_t75\" alt=\"Zs\u00f3fi Szil\u00e1rd_U8-U9.JPG\" style='width:90pt;height:90pt; visibility:visible;mso-wrap-style:square'>\n<v:imagedata src=\"file:\/\/\/C:\\Users\\ROLAND~1\\AppData\\Local\\Temp\\msohtmlclip1\\01\\clip_image015.jpg\" o:title=\"Zs\u00f3fi Szil\u00e1rd_U8-U9\"\/>\n<\/v:shape><![endif]--><!-- [if !vml]--><img decoding=\"async\" loading=\"lazy\" style=\"border: 0;\" src=\"http:\/\/egrisportcentrumse.hu\/egris\/wp-content\/uploads\/2014\/11\/Zsfi-Szilrd_U8-U9.jpg\" alt=\"Zs\u00f3fi Szil\u00e1rd_U8-U9.JPG\" width=\"120\" height=\"120\" border=\"0\" \/><!--[endif]--><\/strong><\/td>\n<\/tr>\n<tr>\n<td style=\"width: 460.6pt; border-right-color: windowtext; border-bottom-color: windowtext; border-left-color: windowtext; border-right-width: 1pt; border-bottom-width: 1pt; border-left-width: 1pt; border-top-style: none; padding: 0cm 5.4pt;\" colspan=\"2\" valign=\"top\" width=\"614\">\n<p class=\"MsoNormal\" style=\"text-align: center;\" align=\"center\"><strong>Zs\u00f3fi Szil\u00e1rd<\/strong><\/p>\n<p class=\"MsoNormal\" style=\"text-align: center;\" align=\"center\">MLSZ &#8211; 635098<\/p>\n<\/td>\n<\/tr>\n<\/tbody>\n<\/table>\n","protected":false},"excerpt":{"rendered":"<p>P\u00e1pai Zolt\u00e1n edz\u0151 MLSZ \u2013 150737 Kanalovics M\u00e1rk MLSZ &#8211; 633753 Mezei Botond MLSZ \u2013 633758 Nagy Korn\u00e9l MLSZ &#8211; 633754 So\u00f3s J\u00e1nos MLSZ \u2013 633760\u00a0 Sz\u0151ll\u0151si Norbert MLSZ &#8211; 583279 Teleki M\u00e1rton MLSZ \u2013 633752 Zs\u00f3fi Szil\u00e1rd MLSZ &#8211; 635098<\/p>\n","protected":false},"author":1,"featured_media":0,"parent":0,"menu_order":0,"comment_status":"open","ping_status":"open","template":"","meta":[],"_links":{"self":[{"href":"http:\/\/egrisportcentrumse.hu\/egris\/wp-json\/wp\/v2\/pages\/55"}],"collection":[{"href":"http:\/\/egrisportcentrumse.hu\/egris\/wp-json\/wp\/v2\/pages"}],"about":[{"href":"http:\/\/egrisportcentrumse.hu\/egris\/wp-json\/wp\/v2\/types\/page"}],"author":[{"embeddable":true,"href":"http:\/\/egrisportcentrumse.hu\/egris\/wp-json\/wp\/v2\/users\/1"}],"replies":[{"embeddable":true,"href":"http:\/\/egrisportcentrumse.hu\/egris\/wp-json\/wp\/v2\/comments?post=55"}],"version-history":[{"count":7,"href":"http:\/\/egrisportcentrumse.hu\/egris\/wp-json\/wp\/v2\/pages\/55\/revisions"}],"predecessor-version":[{"id":1449,"href":"http:\/\/egrisportcentrumse.hu\/egris\/wp-json\/wp\/v2\/pages\/55\/revisions\/1449"}],"wp:attachment":[{"href":"http:\/\/egrisportcentrumse.hu\/egris\/wp-json\/wp\/v2\/media?parent=55"}],"curies":[{"name":"wp","href":"https:\/\/api.w.org\/{rel}","templated":true}]}}