{"id":61,"date":"2014-11-06T14:47:48","date_gmt":"2014-11-06T14:47:48","guid":{"rendered":"http:\/\/egrisportcentrumse.hu\/egris\/?page_id=61"},"modified":"2015-03-02T12:28:31","modified_gmt":"2015-03-02T12:28:31","slug":"u10-u11","status":"publish","type":"page","link":"http:\/\/egrisportcentrumse.hu\/egris\/u10-u11\/","title":{"rendered":"U11"},"content":{"rendered":"<table class=\"MsoTableGrid\" style=\"border: none;\" border=\"1\" cellspacing=\"0\" cellpadding=\"0\">\n<tbody>\n<tr style=\"mso-yfti-irow: 0; mso-yfti-firstrow: yes; height: 92.1pt;\">\n<td style=\"width: 460.6pt; border-color: windowtext; border-width: 1pt; padding: 0cm 5.4pt; height: 92.1pt;\" colspan=\"2\" width=\"614\">\n<p class=\"MsoNormal\" style=\"text-align: center;\" align=\"center\"><!-- [if gte vml 1]><v:shapetype\nid=\"_x0000_t75\" coordsize=\"21600,21600\" o:spt=\"75\" o:preferrelative=\"t\"\npath=\"m@4@5l@4@11@9@11@9@5xe\" filled=\"f\" stroked=\"f\">\n<v:stroke joinstyle=\"miter\"\/>\n<v:formulas>\n<v:f eqn=\"if lineDrawn pixelLineWidth 0\"\/>\n<v:f eqn=\"sum @0 1 0\"\/>\n<v:f eqn=\"sum 0 0 @1\"\/>\n<v:f eqn=\"prod @2 1 2\"\/>\n<v:f eqn=\"prod @3 21600 pixelWidth\"\/>\n<v:f eqn=\"prod @3 21600 pixelHeight\"\/>\n<v:f eqn=\"sum @0 0 1\"\/>\n<v:f eqn=\"prod @6 1 2\"\/>\n<v:f eqn=\"prod @7 21600 pixelWidth\"\/>\n<v:f eqn=\"sum @8 21600 0\"\/>\n<v:f eqn=\"prod @7 21600 pixelHeight\"\/>\n<v:f eqn=\"sum @10 21600 0\"\/>\n<\/v:formulas>\n<v:path o:extrusionok=\"f\" gradientshapeok=\"t\" o:connecttype=\"rect\"\/>\n<o:lock v:ext=\"edit\" aspectratio=\"t\"\/>\n<\/v:shapetype><v:shape id=\"K\u00e9p_x0020_5\" o:spid=\"_x0000_i1032\" type=\"#_x0000_t75\"\nalt=\"papaizoltan.jpg\" style='width:75.75pt;height:104.25pt;visibility:visible;\nmso-wrap-style:square'>\n<v:imagedata src=\"file:\/\/\/C:\\Users\\ROLAND~1\\AppData\\Local\\Temp\\msohtmlclip1\\01\\clip_image001.jpg\"\no:title=\"papaizoltan\"\/>\n<\/v:shape><![endif]--><!-- [if !vml]--><a href=\"http:\/\/egrisportcentrumse.hu\/egris\/wp-content\/uploads\/2014\/11\/Ppai-Zoltn_Sajt1.png\"><img decoding=\"async\" loading=\"lazy\" style=\"border: 0;\" src=\"http:\/\/egrisportcentrumse.hu\/egris\/wp-content\/uploads\/2014\/11\/Ppai-Zoltn_Sajt1.png\" alt=\"papaizoltan.jpg\" width=\"101\" height=\"139\" border=\"0\" \/><\/a><!--[endif]--><\/td>\n<\/tr>\n<tr>\n<td style=\"width: 460.6pt; border-right-color: windowtext; border-bottom-color: windowtext; border-left-color: windowtext; border-right-width: 1pt; border-bottom-width: 1pt; border-left-width: 1pt; border-top-style: none; padding: 0cm 5.4pt;\" colspan=\"2\" valign=\"top\" width=\"614\">\n<p class=\"MsoNormal\" style=\"text-align: center;\" align=\"center\"><strong>P\u00e1pai Zolt\u00e1n<\/strong><\/p>\n<p class=\"MsoNormal\" style=\"text-align: center;\" align=\"center\">edz\u0151<\/p>\n<p class=\"MsoNormal\" style=\"text-align: center;\" align=\"center\">MLSZ \u2013 150737<\/p>\n<\/td>\n<\/tr>\n<tr>\n<td style=\"width: 230.3pt; border-right-color: windowtext; border-bottom-color: windowtext; border-left-color: windowtext; border-right-width: 1pt; border-bottom-width: 1pt; border-left-width: 1pt; border-top-style: none; padding: 0cm 5.4pt;\" valign=\"top\" width=\"307\">\n<p class=\"MsoNormal\" style=\"text-align: center;\" align=\"center\"><!-- [if gte vml 1]><v:shape\nid=\"K\u00e9p_x0020_19\" o:spid=\"_x0000_i1031\" type=\"#_x0000_t75\" alt=\"Aradi Armand_andornakr\u00f3l_U10-U11.JPG\"\nstyle='width:85.5pt;height:85.5pt;visibility:visible;mso-wrap-style:square'>\n<v:imagedata src=\"file:\/\/\/C:\\Users\\ROLAND~1\\AppData\\Local\\Temp\\msohtmlclip1\\01\\clip_image003.jpg\"\no:title=\"Aradi Armand_andornakr\u00f3l_U10-U11\"\/>\n<\/v:shape><![endif]--><!-- [if !vml]--><img decoding=\"async\" loading=\"lazy\" style=\"border: 0;\" src=\"http:\/\/egrisportcentrumse.hu\/egris\/wp-content\/uploads\/2014\/11\/Aradi-Armand_andornakrl_U10-U11.jpg\" alt=\"Aradi Armand_andornakr\u00f3l_U10-U11.JPG\" width=\"114\" height=\"114\" border=\"0\" \/><!--[endif]--><\/td>\n<td style=\"width: 230.3pt; border-top-style: none; border-left-style: none; border-bottom-color: windowtext; border-bottom-width: 1pt; border-right-color: windowtext; border-right-width: 1pt; padding: 0cm 5.4pt;\" valign=\"top\" width=\"307\">\n<p class=\"MsoNormal\" style=\"text-align: center;\" align=\"center\"><!-- [if gte vml 1]><v:shape\nid=\"K\u00e9p_x0020_20\" o:spid=\"_x0000_i1030\" type=\"#_x0000_t75\" alt=\"Balogh Attila_583294_U10-U11.JPG\"\nstyle='width:84.75pt;height:84.75pt;visibility:visible;mso-wrap-style:square'>\n<v:imagedata src=\"file:\/\/\/C:\\Users\\ROLAND~1\\AppData\\Local\\Temp\\msohtmlclip1\\01\\clip_image005.jpg\"\no:title=\"Balogh Attila_583294_U10-U11\"\/>\n<\/v:shape><![endif]--><!-- [if !vml]--><img decoding=\"async\" loading=\"lazy\" style=\"border: 0;\" src=\"http:\/\/egrisportcentrumse.hu\/egris\/wp-content\/uploads\/2014\/11\/Balogh-Attila_583294_U10-U11.jpg\" alt=\"Balogh Attila_583294_U10-U11.JPG\" width=\"113\" height=\"113\" border=\"0\" \/><!--[endif]--><\/td>\n<\/tr>\n<tr>\n<td style=\"width: 230.3pt; border-right-color: windowtext; border-bottom-color: windowtext; border-left-color: windowtext; border-right-width: 1pt; border-bottom-width: 1pt; border-left-width: 1pt; border-top-style: none; padding: 0cm 5.4pt;\" valign=\"top\" width=\"307\">\n<p class=\"MsoNormal\" style=\"text-align: center;\" align=\"center\"><strong>Aradi Armand<\/strong><\/p>\n<p class=\"MsoNormal\" style=\"text-align: center;\" align=\"center\">MLSZ &#8211; 567818<\/p>\n<\/td>\n<td style=\"width: 230.3pt; border-top-style: none; border-left-style: none; border-bottom-color: windowtext; border-bottom-width: 1pt; border-right-color: windowtext; border-right-width: 1pt; padding: 0cm 5.4pt;\" valign=\"top\" width=\"307\">\n<p class=\"MsoNormal\" style=\"text-align: center;\" align=\"center\"><strong>Balogh Attila<\/strong><\/p>\n<p class=\"MsoNormal\" style=\"text-align: center;\" align=\"center\">MLSZ \u2013 583294<\/p>\n<\/td>\n<\/tr>\n<tr>\n<td style=\"width: 230.3pt; border-right-color: windowtext; border-bottom-color: windowtext; border-left-color: windowtext; border-right-width: 1pt; border-bottom-width: 1pt; border-left-width: 1pt; border-top-style: none; padding: 0cm 5.4pt;\" valign=\"top\" width=\"307\">\n<p class=\"MsoNormal\" style=\"text-align: center;\" align=\"center\"><!-- [if gte vml 1]><v:shape\nid=\"K\u00e9p_x0020_21\" o:spid=\"_x0000_i1029\" type=\"#_x0000_t75\" alt=\"Fodor Krist\u00f3f_U10-U11.JPG\"\nstyle='width:1in;height:96pt;visibility:visible;mso-wrap-style:square'>\n<v:imagedata src=\"file:\/\/\/C:\\Users\\ROLAND~1\\AppData\\Local\\Temp\\msohtmlclip1\\01\\clip_image007.jpg\"\no:title=\"Fodor Krist\u00f3f_U10-U11\"\/>\n<\/v:shape><![endif]--><!-- [if !vml]--><img decoding=\"async\" loading=\"lazy\" style=\"border: 0;\" src=\"http:\/\/egrisportcentrumse.hu\/egris\/wp-content\/uploads\/2014\/11\/Fodor-Kristf_U10-U11.jpg\" alt=\"Fodor Krist\u00f3f_U10-U11.JPG\" width=\"96\" height=\"128\" border=\"0\" \/><!--[endif]--><\/td>\n<td style=\"width: 230.3pt; border-top-style: none; border-left-style: none; border-bottom-color: windowtext; border-bottom-width: 1pt; border-right-color: windowtext; border-right-width: 1pt; padding: 0cm 5.4pt;\" valign=\"top\" width=\"307\">\n<p class=\"MsoNormal\" style=\"text-align: center;\" align=\"center\"><!-- [if gte vml 1]><v:shape\nid=\"K\u00e9p_x0020_22\" o:spid=\"_x0000_i1028\" type=\"#_x0000_t75\" alt=\"Jakab Barnab\u00e1s Zsolt_U10-U11.JPG\"\nstyle='width:99.75pt;height:99.75pt;visibility:visible;mso-wrap-style:square'>\n<v:imagedata src=\"file:\/\/\/C:\\Users\\ROLAND~1\\AppData\\Local\\Temp\\msohtmlclip1\\01\\clip_image009.jpg\"\no:title=\"Jakab Barnab\u00e1s Zsolt_U10-U11\"\/>\n<\/v:shape><![endif]--><!-- [if !vml]--><img decoding=\"async\" loading=\"lazy\" style=\"border: 0;\" src=\"http:\/\/egrisportcentrumse.hu\/egris\/wp-content\/uploads\/2014\/11\/Jakab-Barnabs-Zsolt_U10-U11.jpg\" alt=\"Jakab Barnab\u00e1s Zsolt_U10-U11.JPG\" width=\"133\" height=\"133\" border=\"0\" \/><!--[endif]--><\/td>\n<\/tr>\n<tr>\n<td style=\"width: 230.3pt; border-right-color: windowtext; border-bottom-color: windowtext; border-left-color: windowtext; border-right-width: 1pt; border-bottom-width: 1pt; border-left-width: 1pt; border-top-style: none; padding: 0cm 5.4pt;\" valign=\"top\" width=\"307\">\n<p class=\"MsoNormal\" style=\"text-align: center;\" align=\"center\"><strong>Fodor Krist\u00f3f<\/strong><\/p>\n<p class=\"MsoNormal\" style=\"text-align: center;\" align=\"center\">MLSZ &#8211; 633751<\/p>\n<\/td>\n<td style=\"width: 230.3pt; border-top-style: none; border-left-style: none; border-bottom-color: windowtext; border-bottom-width: 1pt; border-right-color: windowtext; border-right-width: 1pt; padding: 0cm 5.4pt;\" valign=\"top\" width=\"307\">\n<p class=\"MsoNormal\" style=\"text-align: center;\" align=\"center\"><strong>Jakab Barnab\u00e1s Zsolt<\/strong><\/p>\n<p class=\"MsoNormal\" style=\"text-align: center;\" align=\"center\">MLSZ \u2013 565064<\/p>\n<\/td>\n<\/tr>\n<tr>\n<td style=\"width: 230.3pt; border-right-color: windowtext; border-bottom-color: windowtext; border-left-color: windowtext; border-right-width: 1pt; border-bottom-width: 1pt; border-left-width: 1pt; border-top-style: none; padding: 0cm 5.4pt;\" valign=\"top\" width=\"307\">\n<p class=\"MsoNormal\" style=\"text-align: center;\" align=\"center\"><!-- [if gte vml 1]><v:shape\nid=\"K\u00e9p_x0020_23\" o:spid=\"_x0000_i1027\" type=\"#_x0000_t75\" alt=\"Radics M\u00e1t\u00e9 Mih\u00e1ly_583272_U10-U11.JPG\"\nstyle='width:79.5pt;height:106.5pt;visibility:visible;mso-wrap-style:square'>\n<v:imagedata src=\"file:\/\/\/C:\\Users\\ROLAND~1\\AppData\\Local\\Temp\\msohtmlclip1\\01\\clip_image011.jpg\"\no:title=\"Radics M\u00e1t\u00e9 Mih\u00e1ly_583272_U10-U11\"\/>\n<\/v:shape><![endif]--><!-- [if !vml]--><img decoding=\"async\" loading=\"lazy\" style=\"border: 0;\" src=\"http:\/\/egrisportcentrumse.hu\/egris\/wp-content\/uploads\/2014\/11\/Radics-Mt-Mihly_583272_U10-U11.jpg\" alt=\"Radics M\u00e1t\u00e9 Mih\u00e1ly_583272_U10-U11.JPG\" width=\"106\" height=\"142\" border=\"0\" \/><!--[endif]--><\/td>\n<td style=\"width: 230.3pt; border-top-style: none; border-left-style: none; border-bottom-color: windowtext; border-bottom-width: 1pt; border-right-color: windowtext; border-right-width: 1pt; padding: 0cm 5.4pt;\" valign=\"top\" width=\"307\">\n<p class=\"MsoNormal\" style=\"text-align: center;\" align=\"center\"><!-- [if gte vml 1]><v:shape\nid=\"K\u00e9p_x0020_24\" o:spid=\"_x0000_i1026\" type=\"#_x0000_t75\" alt=\"Sz\u0151ll\u0151si Istv\u00e1n_583296_U10-11.JPG\"\nstyle='width:105pt;height:105pt;visibility:visible;mso-wrap-style:square'>\n<v:imagedata src=\"file:\/\/\/C:\\Users\\ROLAND~1\\AppData\\Local\\Temp\\msohtmlclip1\\01\\clip_image013.jpg\"\no:title=\"Sz\u0151ll\u0151si Istv\u00e1n_583296_U10-11\"\/>\n<\/v:shape><![endif]--><!-- [if !vml]--><img decoding=\"async\" loading=\"lazy\" style=\"border: 0;\" src=\"http:\/\/egrisportcentrumse.hu\/egris\/wp-content\/uploads\/2014\/11\/Szllsi-Istvn_583296_U10-11.jpg\" alt=\"Sz\u0151ll\u0151si Istv\u00e1n_583296_U10-11.JPG\" width=\"140\" height=\"140\" border=\"0\" \/><!--[endif]--><\/td>\n<\/tr>\n<tr>\n<td style=\"width: 230.3pt; border-right-color: windowtext; border-bottom-color: windowtext; border-left-color: windowtext; border-right-width: 1pt; border-bottom-width: 1pt; border-left-width: 1pt; border-top-style: none; padding: 0cm 5.4pt;\" valign=\"top\" width=\"307\">\n<p class=\"MsoNormal\" style=\"text-align: center;\" align=\"center\"><strong>Radics M\u00e1t\u00e9 Mih\u00e1ly<\/strong><\/p>\n<p class=\"MsoNormal\" style=\"text-align: center;\" align=\"center\">MLSZ &#8211; 583272<\/p>\n<\/td>\n<td style=\"width: 230.3pt; border-top-style: none; border-left-style: none; border-bottom-color: windowtext; border-bottom-width: 1pt; border-right-color: windowtext; border-right-width: 1pt; padding: 0cm 5.4pt;\" valign=\"top\" width=\"307\">\n<p class=\"MsoNormal\" style=\"text-align: center;\" align=\"center\"><strong>Sz\u0151ll\u0151si Istv\u00e1n<\/strong><\/p>\n<p class=\"MsoNormal\" style=\"text-align: center;\" align=\"center\">MLSZ \u2013 583296<\/p>\n<\/td>\n<\/tr>\n<tr>\n<td style=\"width: 460.6pt; border-right-color: windowtext; border-bottom-color: windowtext; border-left-color: windowtext; border-right-width: 1pt; border-bottom-width: 1pt; border-left-width: 1pt; border-top-style: none; padding: 0cm 5.4pt;\" colspan=\"2\" valign=\"top\" width=\"614\">\n<p class=\"MsoNormal\" style=\"text-align: center;\" align=\"center\"><strong><!-- [if gte vml 1]><v:shape id=\"K\u00e9p_x0020_25\" o:spid=\"_x0000_i1025\"\ntype=\"#_x0000_t75\" alt=\"Tat\u00e1r Roland_U10-U11.JPG\" style='width:102pt;\nheight:102pt;visibility:visible;mso-wrap-style:square'>\n<v:imagedata src=\"file:\/\/\/C:\\Users\\ROLAND~1\\AppData\\Local\\Temp\\msohtmlclip1\\01\\clip_image015.jpg\"\no:title=\"Tat\u00e1r Roland_U10-U11\"\/>\n<\/v:shape><![endif]--><!-- [if !vml]--><img decoding=\"async\" loading=\"lazy\" style=\"border: 0;\" src=\"http:\/\/egrisportcentrumse.hu\/egris\/wp-content\/uploads\/2014\/11\/Tatr-Roland_U10-U11.jpg\" alt=\"Tat\u00e1r Roland_U10-U11.JPG\" width=\"136\" height=\"136\" border=\"0\" \/><!--[endif]--><\/strong><\/td>\n<\/tr>\n<tr>\n<td style=\"width: 460.6pt; border-right-color: windowtext; border-bottom-color: windowtext; border-left-color: windowtext; border-right-width: 1pt; border-bottom-width: 1pt; border-left-width: 1pt; border-top-style: none; padding: 0cm 5.4pt;\" colspan=\"2\" valign=\"top\" width=\"614\">\n<p class=\"MsoNormal\" style=\"text-align: center;\" align=\"center\"><strong>Tat\u00e1r Roland<\/strong><\/p>\n<p class=\"MsoNormal\" style=\"text-align: center;\" align=\"center\">MLSZ &#8211; 633757<\/p>\n<\/td>\n<\/tr>\n<\/tbody>\n<\/table>\n<p>&nbsp;<\/p>\n","protected":false},"excerpt":{"rendered":"<p>P\u00e1pai Zolt\u00e1n edz\u0151 MLSZ \u2013 150737 Aradi Armand MLSZ &#8211; 567818 Balogh Attila MLSZ \u2013 583294 Fodor Krist\u00f3f MLSZ &#8211; 633751 Jakab Barnab\u00e1s Zsolt MLSZ \u2013 565064 Radics M\u00e1t\u00e9 Mih\u00e1ly MLSZ &#8211; 583272 Sz\u0151ll\u0151si Istv\u00e1n MLSZ \u2013 583296 Tat\u00e1r Roland MLSZ &#8211; 633757 &nbsp;<\/p>\n","protected":false},"author":1,"featured_media":0,"parent":0,"menu_order":0,"comment_status":"open","ping_status":"open","template":"","meta":[],"_links":{"self":[{"href":"http:\/\/egrisportcentrumse.hu\/egris\/wp-json\/wp\/v2\/pages\/61"}],"collection":[{"href":"http:\/\/egrisportcentrumse.hu\/egris\/wp-json\/wp\/v2\/pages"}],"about":[{"href":"http:\/\/egrisportcentrumse.hu\/egris\/wp-json\/wp\/v2\/types\/page"}],"author":[{"embeddable":true,"href":"http:\/\/egrisportcentrumse.hu\/egris\/wp-json\/wp\/v2\/users\/1"}],"replies":[{"embeddable":true,"href":"http:\/\/egrisportcentrumse.hu\/egris\/wp-json\/wp\/v2\/comments?post=61"}],"version-history":[{"count":6,"href":"http:\/\/egrisportcentrumse.hu\/egris\/wp-json\/wp\/v2\/pages\/61\/revisions"}],"predecessor-version":[{"id":1447,"href":"http:\/\/egrisportcentrumse.hu\/egris\/wp-json\/wp\/v2\/pages\/61\/revisions\/1447"}],"wp:attachment":[{"href":"http:\/\/egrisportcentrumse.hu\/egris\/wp-json\/wp\/v2\/media?parent=61"}],"curies":[{"name":"wp","href":"https:\/\/api.w.org\/{rel}","templated":true}]}}