{"id":65,"date":"2014-11-06T14:48:17","date_gmt":"2014-11-06T14:48:17","guid":{"rendered":"http:\/\/egrisportcentrumse.hu\/egris\/?page_id=65"},"modified":"2014-11-09T16:42:00","modified_gmt":"2014-11-09T16:42:00","slug":"u13","status":"publish","type":"page","link":"http:\/\/egrisportcentrumse.hu\/egris\/u13\/","title":{"rendered":"U13"},"content":{"rendered":"<table class=\"MsoTableGrid\" style=\"border: none;\" border=\"0\" cellspacing=\"0\" cellpadding=\"0\">\n<tbody>\n<tr style=\"mso-yfti-irow: 0; mso-yfti-firstrow: yes; height: 92.1pt;\">\n<td style=\"width: 460.6pt; padding: 0cm 5.4pt 0cm 5.4pt; height: 92.1pt;\" colspan=\"2\" width=\"614\">\n<p class=\"MsoNormal\" style=\"text-align: center;\" align=\"center\"><!--[if gte vml 1]><v:shapetype\n   id=\"_x0000_t75\" coordsize=\"21600,21600\" o:spt=\"75\" o:preferrelative=\"t\"\n   path=\"m@4@5l@4@11@9@11@9@5xe\" filled=\"f\" stroked=\"f\">\n   <v:stroke joinstyle=\"miter\"\/>\n   <v:formulas>\n    <v:f eqn=\"if lineDrawn pixelLineWidth 0\"\/>\n    <v:f eqn=\"sum @0 1 0\"\/>\n    <v:f eqn=\"sum 0 0 @1\"\/>\n    <v:f eqn=\"prod @2 1 2\"\/>\n    <v:f eqn=\"prod @3 21600 pixelWidth\"\/>\n    <v:f eqn=\"prod @3 21600 pixelHeight\"\/>\n    <v:f eqn=\"sum @0 0 1\"\/>\n    <v:f eqn=\"prod @6 1 2\"\/>\n    <v:f eqn=\"prod @7 21600 pixelWidth\"\/>\n    <v:f eqn=\"sum @8 21600 0\"\/>\n    <v:f eqn=\"prod @7 21600 pixelHeight\"\/>\n    <v:f eqn=\"sum @10 21600 0\"\/>\n   <\/v:formulas>\n   <v:path o:extrusionok=\"f\" gradientshapeok=\"t\" o:connecttype=\"rect\"\/>\n   <o:lock v:ext=\"edit\" aspectratio=\"t\"\/>\n  <\/v:shapetype><v:shape id=\"K\u00e9p_x0020_0\" o:spid=\"_x0000_i1042\" type=\"#_x0000_t75\"\n   alt=\"Sz\u00e9kely K\u00e1roly.JPG\" style='width:83.25pt;height:103.5pt;visibility:visible;\n   mso-wrap-style:square'>\n   <v:imagedata src=\"file:\/\/\/C:\\Users\\EPAWKS07\\AppData\\Local\\Temp\\msohtmlclip1\\01\\clip_image001.jpg\"\n    o:title=\"Sz\u00e9kely K\u00e1roly\"\/>\n  <\/v:shape><![endif]--><!--[if !vml]--><img decoding=\"async\" loading=\"lazy\" src=\"http:\/\/egrisportcentrumse.hu\/egris\/wp-content\/uploads\/2014\/11\/szekka-1.jpg\" border=\"0\" alt=\"Sz\u00e9kely K\u00e1roly.JPG\" width=\"111\" height=\"138\" style=\"border: 0;\" \/><!--[endif]--><\/p>\n<\/td>\n<\/tr>\n<tr>\n<td style=\"width: 460.6pt; padding: 0cm 5.4pt 0cm 5.4pt;\" colspan=\"2\" valign=\"top\" width=\"614\">\n<p class=\"MsoNormal\" style=\"text-align: center;\" align=\"center\"><strong>Sz\u00e9kely K\u00e1roly<\/strong><\/p>\n<p class=\"MsoNormal\" style=\"text-align: center;\" align=\"center\">edz\u0151<\/p>\n<p class=\"MsoNormal\" style=\"text-align: center;\" align=\"center\">MLSZ \u2013 329891<\/p>\n<\/td>\n<\/tr>\n<tr>\n<td style=\"width: 230.3pt; padding: 0cm 5.4pt 0cm 5.4pt;\" valign=\"top\" width=\"307\">\n<p class=\"MsoNormal\" style=\"text-align: center;\" align=\"center\"><!--[if gte vml 1]><v:shape\n   id=\"K\u00e9p_x0020_1\" o:spid=\"_x0000_i1041\" type=\"#_x0000_t75\" alt=\"Barna Krisztofer.jpg\"\n   style='width:73.5pt;height:105pt;visibility:visible;mso-wrap-style:square'>\n   <v:imagedata src=\"file:\/\/\/C:\\Users\\EPAWKS07\\AppData\\Local\\Temp\\msohtmlclip1\\01\\clip_image003.jpg\"\n    o:title=\"Barna Krisztofer\"\/>\n  <\/v:shape><![endif]--><!--[if !vml]--><img decoding=\"async\" loading=\"lazy\" src=\"http:\/\/egrisportcentrumse.hu\/egris\/wp-content\/uploads\/2014\/11\/barna.jpg\" border=\"0\" alt=\"Barna Krisztofer.jpg\" width=\"98\" height=\"140\" style=\"border: 0;\" \/><!--[endif]--><\/p>\n<\/td>\n<td style=\"width: 230.3pt; padding: 0cm 5.4pt 0cm 5.4pt;\" valign=\"top\" width=\"307\">\n<p class=\"MsoNormal\" style=\"text-align: center;\" align=\"center\"><!--[if gte vml 1]><v:shape\n   id=\"K\u00e9p_x0020_2\" o:spid=\"_x0000_i1040\" type=\"#_x0000_t75\" alt=\"Derda Dominik Kolos.jpg\"\n   style='width:87.75pt;height:105pt;visibility:visible;mso-wrap-style:square'>\n   <v:imagedata src=\"file:\/\/\/C:\\Users\\EPAWKS07\\AppData\\Local\\Temp\\msohtmlclip1\\01\\clip_image005.jpg\"\n    o:title=\"Derda Dominik Kolos\"\/>\n  <\/v:shape><![endif]--><!--[if !vml]--><img decoding=\"async\" loading=\"lazy\" src=\"http:\/\/egrisportcentrumse.hu\/egris\/wp-content\/uploads\/2014\/11\/derda.jpg\" border=\"0\" alt=\"Derda Dominik Kolos.jpg\" width=\"117\" height=\"140\" style=\"border: 0;\" \/><!--[endif]--><\/p>\n<\/td>\n<\/tr>\n<tr>\n<td style=\"width: 230.3pt; padding: 0cm 5.4pt 0cm 5.4pt;\" valign=\"top\" width=\"307\">\n<p class=\"MsoNormal\" style=\"text-align: center;\" align=\"center\"><strong>Barna Krisztofer<\/strong><\/p>\n<p class=\"MsoNormal\" style=\"text-align: center;\" align=\"center\">MLSZ &#8211; 493830<\/p>\n<\/td>\n<td style=\"width: 230.3pt; padding: 0cm 5.4pt 0cm 5.4pt;\" valign=\"top\" width=\"307\">\n<p class=\"MsoNormal\" style=\"text-align: center;\" align=\"center\"><strong>Derda Dominik Kolos<\/strong><\/p>\n<p class=\"MsoNormal\" style=\"text-align: center;\" align=\"center\">MLSZ \u2013 408831<\/p>\n<\/td>\n<\/tr>\n<tr>\n<td style=\"width: 230.3pt; padding: 0cm 5.4pt 0cm 5.4pt;\" valign=\"top\" width=\"307\">\n<p class=\"MsoNormal\" style=\"text-align: center;\" align=\"center\"><!--[if gte vml 1]><v:shape\n   id=\"K\u00e9p_x0020_3\" o:spid=\"_x0000_i1039\" type=\"#_x0000_t75\" alt=\"Hal\u00e1sz Dominik.jpg\"\n   style='width:79.5pt;height:99pt;visibility:visible;mso-wrap-style:square'>\n   <v:imagedata src=\"file:\/\/\/C:\\Users\\EPAWKS07\\AppData\\Local\\Temp\\msohtmlclip1\\01\\clip_image007.jpg\"\n    o:title=\"Hal\u00e1sz Dominik\"\/>\n  <\/v:shape><![endif]--><!--[if !vml]--><img decoding=\"async\" loading=\"lazy\" src=\"http:\/\/egrisportcentrumse.hu\/egris\/wp-content\/uploads\/2014\/11\/halasz.jpg\" border=\"0\" alt=\"Hal\u00e1sz Dominik.jpg\" width=\"106\" height=\"132\" style=\"border: 0;\" \/><!--[endif]--><\/p>\n<\/td>\n<td style=\"width: 230.3pt; padding: 0cm 5.4pt 0cm 5.4pt;\" valign=\"top\" width=\"307\">\n<p class=\"MsoNormal\" style=\"text-align: center;\" align=\"center\"><!--[if gte vml 1]><v:shape\n   id=\"K\u00e9p_x0020_4\" o:spid=\"_x0000_i1038\" type=\"#_x0000_t75\" alt=\"Juh\u00e1sz B\u00e1lint.jpg\"\n   style='width:86.25pt;height:96.75pt;visibility:visible;mso-wrap-style:square'>\n   <v:imagedata src=\"file:\/\/\/C:\\Users\\EPAWKS07\\AppData\\Local\\Temp\\msohtmlclip1\\01\\clip_image009.jpg\"\n    o:title=\"Juh\u00e1sz B\u00e1lint\"\/>\n  <\/v:shape><![endif]--><!--[if !vml]--><img decoding=\"async\" loading=\"lazy\" src=\"http:\/\/egrisportcentrumse.hu\/egris\/wp-content\/uploads\/2014\/11\/juhasz.jpg\" border=\"0\" alt=\"Juh\u00e1sz B\u00e1lint.jpg\" width=\"115\" height=\"129\" style=\"border: 0;\" \/><!--[endif]--><\/p>\n<\/td>\n<\/tr>\n<tr>\n<td style=\"width: 230.3pt; padding: 0cm 5.4pt 0cm 5.4pt;\" valign=\"top\" width=\"307\">\n<p class=\"MsoNormal\" style=\"text-align: center;\" align=\"center\"><strong>Hal\u00e1sz Dominik<\/strong><\/p>\n<p class=\"MsoNormal\" style=\"text-align: center;\" align=\"center\">MLSZ &#8211; 408849<\/p>\n<\/td>\n<td style=\"width: 230.3pt; padding: 0cm 5.4pt 0cm 5.4pt;\" valign=\"top\" width=\"307\">\n<p class=\"MsoNormal\" style=\"text-align: center;\" align=\"center\"><strong>Juh\u00e1sz B\u00e1lint<\/strong><\/p>\n<p class=\"MsoNormal\" style=\"text-align: center;\" align=\"center\">MLSZ \u2013 442684<\/p>\n<\/td>\n<\/tr>\n<tr>\n<td style=\"width: 230.3pt; padding: 0cm 5.4pt 0cm 5.4pt;\" valign=\"top\" width=\"307\">\n<p class=\"MsoNormal\" style=\"text-align: center;\" align=\"center\"><!--[if gte vml 1]><v:shape\n   id=\"K\u00e9p_x0020_6\" o:spid=\"_x0000_i1037\" type=\"#_x0000_t75\" alt=\"Juh\u00e1sz Gerg\u0151.jpg\"\n   style='width:78pt;height:88.5pt;visibility:visible;mso-wrap-style:square'>\n   <v:imagedata src=\"file:\/\/\/C:\\Users\\EPAWKS07\\AppData\\Local\\Temp\\msohtmlclip1\\01\\clip_image011.jpg\"\n    o:title=\"Juh\u00e1sz Gerg\u0151\"\/>\n  <\/v:shape><![endif]--><!--[if !vml]--><img decoding=\"async\" loading=\"lazy\" src=\"http:\/\/egrisportcentrumse.hu\/egris\/wp-content\/uploads\/2014\/11\/juhaszg.jpg\" border=\"0\" alt=\"Juh\u00e1sz Gerg\u0151.jpg\" width=\"104\" height=\"118\" style=\"border: 0;\" \/><!--[endif]--><\/p>\n<\/td>\n<td style=\"width: 230.3pt; padding: 0cm 5.4pt 0cm 5.4pt;\" valign=\"top\" width=\"307\">\n<p class=\"MsoNormal\" style=\"text-align: center;\" align=\"center\"><!--[if gte vml 1]><v:shape\n   id=\"K\u00e9p_x0020_7\" o:spid=\"_x0000_i1036\" type=\"#_x0000_t75\" alt=\"Kacs\u00f3 Botond.jpg\"\n   style='width:70.5pt;height:87pt;visibility:visible;mso-wrap-style:square'>\n   <v:imagedata src=\"file:\/\/\/C:\\Users\\EPAWKS07\\AppData\\Local\\Temp\\msohtmlclip1\\01\\clip_image013.jpg\"\n    o:title=\"Kacs\u00f3 Botond\"\/>\n  <\/v:shape><![endif]--><!--[if !vml]--><img decoding=\"async\" loading=\"lazy\" src=\"http:\/\/egrisportcentrumse.hu\/egris\/wp-content\/uploads\/2014\/11\/kacso.jpg\" border=\"0\" alt=\"Kacs\u00f3 Botond.jpg\" width=\"94\" height=\"116\" style=\"border: 0;\" \/><!--[endif]--><\/p>\n<\/td>\n<\/tr>\n<tr>\n<td style=\"width: 230.3pt; padding: 0cm 5.4pt 0cm 5.4pt;\" valign=\"top\" width=\"307\">\n<p class=\"MsoNormal\" style=\"text-align: center;\" align=\"center\"><strong>Juh\u00e1sz Gerg\u0151<\/strong><\/p>\n<p class=\"MsoNormal\" style=\"text-align: center;\" align=\"center\">MLSZ &#8211; 348325<\/p>\n<\/td>\n<td style=\"width: 230.3pt; padding: 0cm 5.4pt 0cm 5.4pt;\" valign=\"top\" width=\"307\">\n<p class=\"MsoNormal\" style=\"text-align: center;\" align=\"center\"><strong>Kacs\u00f3 Botond<\/strong><\/p>\n<p class=\"MsoNormal\" style=\"text-align: center;\" align=\"center\">MLSZ \u2013 471458<\/p>\n<\/td>\n<\/tr>\n<tr>\n<td style=\"width: 230.3pt; padding: 0cm 5.4pt 0cm 5.4pt;\" valign=\"top\" width=\"307\">\n<p class=\"MsoNormal\" style=\"text-align: center;\" align=\"center\"><!--[if gte vml 1]><v:shape\n   id=\"K\u00e9p_x0020_8\" o:spid=\"_x0000_i1035\" type=\"#_x0000_t75\" alt=\"Kiss Marcell Bence.jpg\"\n   style='width:78.75pt;height:99pt;visibility:visible;mso-wrap-style:square'>\n   <v:imagedata src=\"file:\/\/\/C:\\Users\\EPAWKS07\\AppData\\Local\\Temp\\msohtmlclip1\\01\\clip_image015.jpg\"\n    o:title=\"Kiss Marcell Bence\"\/>\n  <\/v:shape><![endif]--><!--[if !vml]--><img decoding=\"async\" loading=\"lazy\" src=\"http:\/\/egrisportcentrumse.hu\/egris\/wp-content\/uploads\/2014\/11\/kismarcell.jpg\" border=\"0\" alt=\"Kiss Marcell Bence.jpg\" width=\"105\" height=\"132\" style=\"border: 0;\" \/><!--[endif]--><\/p>\n<\/td>\n<td style=\"width: 230.3pt; padding: 0cm 5.4pt 0cm 5.4pt;\" valign=\"top\" width=\"307\">\n<p class=\"MsoNormal\" style=\"text-align: center;\" align=\"center\"><!--[if gte vml 1]><v:shape\n   id=\"K\u00e9p_x0020_9\" o:spid=\"_x0000_i1034\" type=\"#_x0000_t75\" alt=\"Kiss-Szem\u00e1n P\u00e9ter.jpg\"\n   style='width:93.75pt;height:98.25pt;visibility:visible;mso-wrap-style:square'>\n   <v:imagedata src=\"file:\/\/\/C:\\Users\\EPAWKS07\\AppData\\Local\\Temp\\msohtmlclip1\\01\\clip_image017.jpg\"\n    o:title=\"Kiss-Szem\u00e1n P\u00e9ter\"\/>\n  <\/v:shape><![endif]--><!--[if !vml]--><img decoding=\"async\" loading=\"lazy\" src=\"http:\/\/egrisportcentrumse.hu\/egris\/wp-content\/uploads\/2014\/11\/kissszeman.jpg\" border=\"0\" alt=\"Kiss-Szem\u00e1n P\u00e9ter.jpg\" width=\"125\" height=\"131\" style=\"border: 0;\" \/><!--[endif]--><\/p>\n<\/td>\n<\/tr>\n<tr>\n<td style=\"width: 230.3pt; padding: 0cm 5.4pt 0cm 5.4pt;\" valign=\"top\" width=\"307\">\n<p class=\"MsoNormal\" style=\"text-align: center;\" align=\"center\"><strong>Kis Marcell Bence<\/strong><\/p>\n<p class=\"MsoNormal\" style=\"text-align: center;\" align=\"center\">MLSZ \u2013 408838<\/p>\n<\/td>\n<td style=\"width: 230.3pt; padding: 0cm 5.4pt 0cm 5.4pt;\" valign=\"top\" width=\"307\">\n<p class=\"MsoNormal\" style=\"text-align: center;\" align=\"center\"><strong>Kiss-Szem\u00e1n P\u00e9ter<\/strong><\/p>\n<p class=\"MsoNormal\" style=\"text-align: center;\" align=\"center\">MLSZ \u2013 409557<\/p>\n<\/td>\n<\/tr>\n<tr>\n<td style=\"width: 230.3pt; padding: 0cm 5.4pt 0cm 5.4pt;\" valign=\"top\" width=\"307\">\n<p class=\"MsoNormal\" style=\"text-align: center;\" align=\"center\"><!--[if gte vml 1]><v:shape\n   id=\"K\u00e9p_x0020_10\" o:spid=\"_x0000_i1033\" type=\"#_x0000_t75\" alt=\"Kov\u00e1cs Gell\u00e9rt.jpg\"\n   style='width:70.5pt;height:89.25pt;visibility:visible;mso-wrap-style:square'>\n   <v:imagedata src=\"file:\/\/\/C:\\Users\\EPAWKS07\\AppData\\Local\\Temp\\msohtmlclip1\\01\\clip_image019.jpg\"\n    o:title=\"Kov\u00e1cs Gell\u00e9rt\"\/>\n  <\/v:shape><![endif]--><!--[if !vml]--><img decoding=\"async\" loading=\"lazy\" src=\"http:\/\/egrisportcentrumse.hu\/egris\/wp-content\/uploads\/2014\/11\/kovacs.jpg\" border=\"0\" alt=\"Kov\u00e1cs Gell\u00e9rt.jpg\" width=\"94\" height=\"119\" style=\"border: 0;\" \/><!--[endif]--><\/p>\n<\/td>\n<td style=\"width: 230.3pt; padding: 0cm 5.4pt 0cm 5.4pt;\" valign=\"top\" width=\"307\">\n<p class=\"MsoNormal\" style=\"text-align: center;\" align=\"center\"><!--[if gte vml 1]><v:shape\n   id=\"K\u00e9p_x0020_11\" o:spid=\"_x0000_i1032\" type=\"#_x0000_t75\" alt=\"Lakatos P\u00e9ter Zsolt.jpg\"\n   style='width:1in;height:90.75pt;visibility:visible;mso-wrap-style:square'>\n   <v:imagedata src=\"file:\/\/\/C:\\Users\\EPAWKS07\\AppData\\Local\\Temp\\msohtmlclip1\\01\\clip_image021.jpg\"\n    o:title=\"Lakatos P\u00e9ter Zsolt\"\/>\n  <\/v:shape><![endif]--><!--[if !vml]--><img decoding=\"async\" loading=\"lazy\" src=\"http:\/\/egrisportcentrumse.hu\/egris\/wp-content\/uploads\/2014\/11\/lakatos.jpg\" border=\"0\" alt=\"Lakatos P\u00e9ter Zsolt.jpg\" width=\"96\" height=\"121\" style=\"border: 0;\" \/><!--[endif]--><\/p>\n<\/td>\n<\/tr>\n<tr>\n<td style=\"width: 230.3pt; padding: 0cm 5.4pt 0cm 5.4pt;\" valign=\"top\" width=\"307\">\n<p class=\"MsoNormal\" style=\"text-align: center;\" align=\"center\"><strong>Kov\u00e1cs Gell\u00e9rt<\/strong><\/p>\n<p class=\"MsoNormal\" style=\"text-align: center;\" align=\"center\">MLSZ \u2013 471465<\/p>\n<\/td>\n<td style=\"width: 230.3pt; padding: 0cm 5.4pt 0cm 5.4pt;\" valign=\"top\" width=\"307\">\n<p class=\"MsoNormal\" style=\"text-align: center;\" align=\"center\"><strong>Lakatos P\u00e9ter Zsolt<\/strong><\/p>\n<p class=\"MsoNormal\" style=\"text-align: center;\" align=\"center\">MLSZ \u2013 471457<span style=\"color: inherit; font-family: inherit; font-size: inherit;\">\u00a0<\/span><\/p>\n<\/td>\n<\/tr>\n<tr>\n<td style=\"width: 230.3pt; padding: 0cm 5.4pt 0cm 5.4pt;\" valign=\"top\" width=\"307\">\n<p class=\"MsoNormal\" style=\"text-align: center;\" align=\"center\"><!--[if gte vml 1]><v:shape\n   id=\"K\u00e9p_x0020_12\" o:spid=\"_x0000_i1031\" type=\"#_x0000_t75\" alt=\"Moln\u00e1r Krist\u00f3f Ferenc.jpg\"\n   style='width:71.25pt;height:99.75pt;visibility:visible;mso-wrap-style:square'>\n   <v:imagedata src=\"file:\/\/\/C:\\Users\\EPAWKS07\\AppData\\Local\\Temp\\msohtmlclip1\\01\\clip_image023.jpg\"\n    o:title=\"Moln\u00e1r Krist\u00f3f Ferenc\"\/>\n  <\/v:shape><![endif]--><!--[if !vml]--><img decoding=\"async\" loading=\"lazy\" src=\"http:\/\/egrisportcentrumse.hu\/egris\/wp-content\/uploads\/2014\/11\/molnar.jpg\" border=\"0\" alt=\"Moln\u00e1r Krist\u00f3f Ferenc.jpg\" width=\"95\" height=\"133\" style=\"border: 0;\" \/><!--[endif]--><\/p>\n<\/td>\n<td style=\"width: 230.3pt; padding: 0cm 5.4pt 0cm 5.4pt;\" valign=\"top\" width=\"307\">\n<p class=\"MsoNormal\" style=\"text-align: center;\" align=\"center\"><!--[if gte vml 1]><v:shape\n   id=\"K\u00e9p_x0020_13\" o:spid=\"_x0000_i1030\" type=\"#_x0000_t75\" alt=\"Sug\u00e1r P\u00e9ter.jpg\"\n   style='width:72.75pt;height:102.75pt;visibility:visible;mso-wrap-style:square'>\n   <v:imagedata src=\"file:\/\/\/C:\\Users\\EPAWKS07\\AppData\\Local\\Temp\\msohtmlclip1\\01\\clip_image025.jpg\"\n    o:title=\"Sug\u00e1r P\u00e9ter\"\/>\n  <\/v:shape><![endif]--><!--[if !vml]--><img decoding=\"async\" loading=\"lazy\" src=\"http:\/\/egrisportcentrumse.hu\/egris\/wp-content\/uploads\/2014\/11\/sugar.jpg\" border=\"0\" alt=\"Sug\u00e1r P\u00e9ter.jpg\" width=\"97\" height=\"137\" style=\"border: 0;\" \/><!--[endif]--><\/p>\n<\/td>\n<\/tr>\n<tr>\n<td style=\"width: 230.3pt; padding: 0cm 5.4pt 0cm 5.4pt;\" valign=\"top\" width=\"307\">\n<p class=\"MsoNormal\" style=\"text-align: center;\" align=\"center\"><strong>Moln\u00e1r Krist\u00f3f Ferenc<\/strong><\/p>\n<p class=\"MsoNormal\" style=\"text-align: center;\" align=\"center\">MLSZ \u2013 344761<\/p>\n<\/td>\n<td style=\"width: 230.3pt; padding: 0cm 5.4pt 0cm 5.4pt;\" valign=\"top\" width=\"307\">\n<p class=\"MsoNormal\" style=\"text-align: center;\" align=\"center\"><strong>Sug\u00e1r P\u00e9ter<\/strong><\/p>\n<p class=\"MsoNormal\" style=\"text-align: center;\" align=\"center\">MLSZ \u2013 348701<\/p>\n<\/td>\n<\/tr>\n<tr>\n<td style=\"width: 230.3pt; padding: 0cm 5.4pt 0cm 5.4pt;\" valign=\"top\" width=\"307\">\n<p class=\"MsoNormal\" style=\"text-align: center;\" align=\"center\"><!--[if gte vml 1]><v:shape\n   id=\"K\u00e9p_x0020_14\" o:spid=\"_x0000_i1029\" type=\"#_x0000_t75\" alt=\"Szab\u00f3 Patrik.jpg\"\n   style='width:76.5pt;height:86.25pt;visibility:visible;mso-wrap-style:square'>\n   <v:imagedata src=\"file:\/\/\/C:\\Users\\EPAWKS07\\AppData\\Local\\Temp\\msohtmlclip1\\01\\clip_image027.jpg\"\n    o:title=\"Szab\u00f3 Patrik\"\/>\n  <\/v:shape><![endif]--><!--[if !vml]--><img decoding=\"async\" loading=\"lazy\" src=\"http:\/\/egrisportcentrumse.hu\/egris\/wp-content\/uploads\/2014\/11\/szabo.jpg\" border=\"0\" alt=\"Szab\u00f3 Patrik.jpg\" width=\"102\" height=\"115\" style=\"border: 0;\" \/><!--[endif]--><\/p>\n<\/td>\n<td style=\"width: 230.3pt; padding: 0cm 5.4pt 0cm 5.4pt;\" valign=\"top\" width=\"307\">\n<p class=\"MsoNormal\" style=\"text-align: center;\" align=\"center\"><!--[if gte vml 1]><v:shape\n   id=\"K\u00e9p_x0020_15\" o:spid=\"_x0000_i1028\" type=\"#_x0000_t75\" alt=\"Terj\u00e9k Bal\u00e1zs.jpg\"\n   style='width:74.25pt;height:89.25pt;visibility:visible;mso-wrap-style:square'>\n   <v:imagedata src=\"file:\/\/\/C:\\Users\\EPAWKS07\\AppData\\Local\\Temp\\msohtmlclip1\\01\\clip_image029.jpg\"\n    o:title=\"Terj\u00e9k Bal\u00e1zs\"\/>\n  <\/v:shape><![endif]--><!--[if !vml]--><img decoding=\"async\" loading=\"lazy\" src=\"http:\/\/egrisportcentrumse.hu\/egris\/wp-content\/uploads\/2014\/11\/terjek.jpg\" border=\"0\" alt=\"Terj\u00e9k Bal\u00e1zs.jpg\" width=\"99\" height=\"119\" style=\"border: 0;\" \/><!--[endif]--><\/p>\n<\/td>\n<\/tr>\n<tr>\n<td style=\"width: 230.3pt; padding: 0cm 5.4pt 0cm 5.4pt;\" valign=\"top\" width=\"307\">\n<p class=\"MsoNormal\" style=\"text-align: center;\" align=\"center\"><strong>Szab\u00f3 Patrik<\/strong><\/p>\n<p class=\"MsoNormal\" style=\"text-align: center;\" align=\"center\">MLSZ \u2013 408848<\/p>\n<\/td>\n<td style=\"width: 230.3pt; padding: 0cm 5.4pt 0cm 5.4pt;\" valign=\"top\" width=\"307\">\n<p class=\"MsoNormal\" style=\"text-align: center;\" align=\"center\"><strong>Terj\u00e9k Bal\u00e1zs<\/strong><\/p>\n<p class=\"MsoNormal\" style=\"text-align: center;\" align=\"center\">MLSZ \u2013 475152<\/p>\n<\/td>\n<\/tr>\n<tr>\n<td style=\"width: 230.3pt; padding: 0cm 5.4pt 0cm 5.4pt;\" valign=\"top\" width=\"307\">\n<p class=\"MsoNormal\" style=\"text-align: center;\" align=\"center\"><!--[if gte vml 1]><v:shape\n   id=\"K\u00e9p_x0020_16\" o:spid=\"_x0000_i1027\" type=\"#_x0000_t75\" alt=\"Trenka Dominik.jpg\"\n   style='width:75pt;height:93pt;visibility:visible;mso-wrap-style:square'>\n   <v:imagedata src=\"file:\/\/\/C:\\Users\\EPAWKS07\\AppData\\Local\\Temp\\msohtmlclip1\\01\\clip_image031.jpg\"\n    o:title=\"Trenka Dominik\"\/>\n  <\/v:shape><![endif]--><!--[if !vml]--><img decoding=\"async\" loading=\"lazy\" src=\"http:\/\/egrisportcentrumse.hu\/egris\/wp-content\/uploads\/2014\/11\/trenka.jpg\" border=\"0\" alt=\"Trenka Dominik.jpg\" width=\"100\" height=\"124\" style=\"border: 0;\" \/><!--[endif]--><\/p>\n<\/td>\n<td style=\"width: 230.3pt; padding: 0cm 5.4pt 0cm 5.4pt;\" valign=\"top\" width=\"307\">\n<p class=\"MsoNormal\" style=\"text-align: center;\" align=\"center\"><!--[if gte vml 1]><v:shape\n   id=\"K\u00e9p_x0020_17\" o:spid=\"_x0000_i1026\" type=\"#_x0000_t75\" alt=\"Tyukodi J\u00f3zsef.jpg\"\n   style='width:90pt;height:92.25pt;visibility:visible;mso-wrap-style:square'>\n   <v:imagedata src=\"file:\/\/\/C:\\Users\\EPAWKS07\\AppData\\Local\\Temp\\msohtmlclip1\\01\\clip_image033.jpg\"\n    o:title=\"Tyukodi J\u00f3zsef\"\/>\n  <\/v:shape><![endif]--><!--[if !vml]--><img decoding=\"async\" loading=\"lazy\" src=\"http:\/\/egrisportcentrumse.hu\/egris\/wp-content\/uploads\/2014\/11\/tyukodi.jpg\" border=\"0\" alt=\"Tyukodi J\u00f3zsef.jpg\" width=\"120\" height=\"123\" style=\"border: 0;\" \/><!--[endif]--><\/p>\n<\/td>\n<\/tr>\n<tr>\n<td style=\"width: 230.3pt; padding: 0cm 5.4pt 0cm 5.4pt;\" valign=\"top\" width=\"307\">\n<p class=\"MsoNormal\" style=\"text-align: center;\" align=\"center\"><strong>Trenka Dominik<\/strong><\/p>\n<p class=\"MsoNormal\" style=\"text-align: center;\" align=\"center\">MLSZ \u2013 348704<\/p>\n<\/td>\n<td style=\"width: 230.3pt; padding: 0cm 5.4pt 0cm 5.4pt;\" valign=\"top\" width=\"307\">\n<p class=\"MsoNormal\" style=\"text-align: center;\" align=\"center\"><strong>Tyukodi J\u00f3zsef<\/strong><\/p>\n<p class=\"MsoNormal\" style=\"text-align: center;\" align=\"center\">MLSZ \u2013 475146<\/p>\n<\/td>\n<\/tr>\n<tr>\n<td style=\"width: 460.6pt; padding: 0cm 5.4pt 0cm 5.4pt;\" colspan=\"2\" valign=\"top\" width=\"614\">\n<p class=\"MsoNormal\" style=\"text-align: center;\" align=\"center\"><strong><!--[if gte vml 1]><v:shape id=\"K\u00e9p_x0020_18\" o:spid=\"_x0000_i1025\"\n   type=\"#_x0000_t75\" alt=\"V\u00e1rkonyi S\u00e1ndor D\u00e1vid.jpg\" style='width:59.25pt;\n   height:88.5pt;visibility:visible;mso-wrap-style:square'>\n   <v:imagedata src=\"file:\/\/\/C:\\Users\\EPAWKS07\\AppData\\Local\\Temp\\msohtmlclip1\\01\\clip_image035.jpg\"\n    o:title=\"V\u00e1rkonyi S\u00e1ndor D\u00e1vid\"\/>\n  <\/v:shape><![endif]--><!--[if !vml]--><img decoding=\"async\" loading=\"lazy\" src=\"http:\/\/egrisportcentrumse.hu\/egris\/wp-content\/uploads\/2014\/11\/varkonyi.jpg\" border=\"0\" alt=\"V\u00e1rkonyi S\u00e1ndor D\u00e1vid.jpg\" width=\"79\" height=\"118\" style=\"border: 0;\" \/><!--[endif]--><\/strong><\/p>\n<\/td>\n<\/tr>\n<tr>\n<td style=\"width: 460.6pt; padding: 0cm 5.4pt 0cm 5.4pt;\" colspan=\"2\" valign=\"top\" width=\"614\">\n<p class=\"MsoNormal\" style=\"text-align: center;\" align=\"center\"><strong>V\u00e1rkonyi S. D\u00e1vid<\/strong><\/p>\n<p class=\"MsoNormal\" style=\"text-align: center;\" align=\"center\">MLSZ &#8211; 375795<\/p>\n<\/td>\n<\/tr>\n<\/tbody>\n<\/table>\n","protected":false},"excerpt":{"rendered":"<p>Sz\u00e9kely K\u00e1roly edz\u0151 MLSZ \u2013 329891 Barna Krisztofer MLSZ &#8211; 493830 Derda Dominik Kolos MLSZ \u2013 408831 Hal\u00e1sz Dominik MLSZ &#8211; 408849 Juh\u00e1sz B\u00e1lint MLSZ \u2013 442684 Juh\u00e1sz Gerg\u0151 MLSZ &#8211; 348325 Kacs\u00f3 Botond MLSZ \u2013 471458 Kis Marcell Bence MLSZ \u2013 408838 Kiss-Szem\u00e1n P\u00e9ter MLSZ \u2013 409557 Kov\u00e1cs Gell\u00e9rt MLSZ \u2013 471465 Lakatos P\u00e9ter [&hellip;]<\/p>\n","protected":false},"author":1,"featured_media":0,"parent":0,"menu_order":0,"comment_status":"open","ping_status":"open","template":"","meta":[],"_links":{"self":[{"href":"http:\/\/egrisportcentrumse.hu\/egris\/wp-json\/wp\/v2\/pages\/65"}],"collection":[{"href":"http:\/\/egrisportcentrumse.hu\/egris\/wp-json\/wp\/v2\/pages"}],"about":[{"href":"http:\/\/egrisportcentrumse.hu\/egris\/wp-json\/wp\/v2\/types\/page"}],"author":[{"embeddable":true,"href":"http:\/\/egrisportcentrumse.hu\/egris\/wp-json\/wp\/v2\/users\/1"}],"replies":[{"embeddable":true,"href":"http:\/\/egrisportcentrumse.hu\/egris\/wp-json\/wp\/v2\/comments?post=65"}],"version-history":[{"count":5,"href":"http:\/\/egrisportcentrumse.hu\/egris\/wp-json\/wp\/v2\/pages\/65\/revisions"}],"predecessor-version":[{"id":641,"href":"http:\/\/egrisportcentrumse.hu\/egris\/wp-json\/wp\/v2\/pages\/65\/revisions\/641"}],"wp:attachment":[{"href":"http:\/\/egrisportcentrumse.hu\/egris\/wp-json\/wp\/v2\/media?parent=65"}],"curies":[{"name":"wp","href":"https:\/\/api.w.org\/{rel}","templated":true}]}}