{"id":69,"date":"2014-11-06T14:48:39","date_gmt":"2014-11-06T14:48:39","guid":{"rendered":"http:\/\/egrisportcentrumse.hu\/egris\/?page_id=69"},"modified":"2014-11-09T17:11:20","modified_gmt":"2014-11-09T17:11:20","slug":"u15","status":"publish","type":"page","link":"http:\/\/egrisportcentrumse.hu\/egris\/u15\/","title":{"rendered":"U15"},"content":{"rendered":"<table class=\"MsoTableGrid\" style=\"border: none;\" border=\"0\" cellspacing=\"0\" cellpadding=\"0\">\n<tbody>\n<tr style=\"mso-yfti-irow: 0; mso-yfti-firstrow: yes; height: 92.1pt;\">\n<td style=\"width: 460.6pt; padding: 0cm 5.4pt 0cm 5.4pt; height: 92.1pt;\" colspan=\"2\" width=\"614\">\n<p class=\"MsoNormal\" style=\"text-align: center;\" align=\"center\"><!--[if gte vml 1]><v:shapetype\n   id=\"_x0000_t75\" coordsize=\"21600,21600\" o:spt=\"75\" o:preferrelative=\"t\"\n   path=\"m@4@5l@4@11@9@11@9@5xe\" filled=\"f\" stroked=\"f\">\n   <v:stroke joinstyle=\"miter\"\/>\n   <v:formulas>\n    <v:f eqn=\"if lineDrawn pixelLineWidth 0\"\/>\n    <v:f eqn=\"sum @0 1 0\"\/>\n    <v:f eqn=\"sum 0 0 @1\"\/>\n    <v:f eqn=\"prod @2 1 2\"\/>\n    <v:f eqn=\"prod @3 21600 pixelWidth\"\/>\n    <v:f eqn=\"prod @3 21600 pixelHeight\"\/>\n    <v:f eqn=\"sum @0 0 1\"\/>\n    <v:f eqn=\"prod @6 1 2\"\/>\n    <v:f eqn=\"prod @7 21600 pixelWidth\"\/>\n    <v:f eqn=\"sum @8 21600 0\"\/>\n    <v:f eqn=\"prod @7 21600 pixelHeight\"\/>\n    <v:f eqn=\"sum @10 21600 0\"\/>\n   <\/v:formulas>\n   <v:path o:extrusionok=\"f\" gradientshapeok=\"t\" o:connecttype=\"rect\"\/>\n   <o:lock v:ext=\"edit\" aspectratio=\"t\"\/>\n  <\/v:shapetype><v:shape id=\"K\u00e9p_x0020_0\" o:spid=\"_x0000_i1040\" type=\"#_x0000_t75\"\n   alt=\"Sz\u00e9kely K\u00e1roly.JPG\" style='width:69pt;height:86.25pt;visibility:visible;\n   mso-wrap-style:square'>\n   <v:imagedata src=\"file:\/\/\/C:\\Users\\EPAWKS07\\AppData\\Local\\Temp\\msohtmlclip1\\01\\clip_image001.jpg\"\n    o:title=\"Sz\u00e9kely K\u00e1roly\"\/>\n  <\/v:shape><![endif]--><!--[if !vml]--><img decoding=\"async\" loading=\"lazy\" src=\"http:\/\/egrisportcentrumse.hu\/egris\/wp-content\/uploads\/2014\/11\/szekka-1.jpg\" width=\"92\" height=\"115\" style=\"border: 0;\" \/><!--[endif]--><\/p>\n<\/td>\n<\/tr>\n<tr>\n<td style=\"width: 460.6pt; padding: 0cm 5.4pt 0cm 5.4pt;\" colspan=\"2\" valign=\"top\" width=\"614\">\n<p class=\"MsoNormal\" style=\"text-align: center;\" align=\"center\"><strong>Sz\u00e9kely K\u00e1roly<\/strong><\/p>\n<p class=\"MsoNormal\" style=\"text-align: center;\" align=\"center\">edz\u0151<\/p>\n<p class=\"MsoNormal\" style=\"text-align: center;\" align=\"center\">MLSZ \u2013 329891<\/p>\n<\/td>\n<\/tr>\n<tr>\n<td style=\"width: 230.3pt; padding: 0cm 5.4pt 0cm 5.4pt;\" valign=\"top\" width=\"307\">\n<p class=\"MsoNormal\" style=\"text-align: center;\" align=\"center\"><!--[if gte vml 1]><v:shape\n   id=\"K\u00e9p_x0020_19\" o:spid=\"_x0000_i1039\" type=\"#_x0000_t75\" alt=\"Barta D\u00e1niel.jpg\"\n   style='width:1in;height:78.75pt;visibility:visible;mso-wrap-style:square'>\n   <v:imagedata src=\"file:\/\/\/C:\\Users\\EPAWKS07\\AppData\\Local\\Temp\\msohtmlclip1\\01\\clip_image003.jpg\"\n    o:title=\"Barta D\u00e1niel\"\/>\n  <\/v:shape><![endif]--><!--[if !vml]--><img decoding=\"async\" loading=\"lazy\" src=\"http:\/\/egrisportcentrumse.hu\/egris\/wp-content\/uploads\/2014\/11\/Barta-Dniel.jpg\" border=\"0\" alt=\"Barta D\u00e1niel.jpg\" width=\"96\" height=\"105\" style=\"border: 0;\" \/><!--[endif]--><\/p>\n<\/td>\n<td style=\"width: 230.3pt; padding: 0cm 5.4pt 0cm 5.4pt;\" valign=\"top\" width=\"307\">\n<p class=\"MsoNormal\" style=\"text-align: center;\" align=\"center\"><!--[if gte vml 1]><v:shape\n   id=\"K\u00e9p_x0020_20\" o:spid=\"_x0000_i1038\" type=\"#_x0000_t75\" alt=\"Berencsi M\u00e1t\u00e9.jpg\"\n   style='width:63.75pt;height:79.5pt;visibility:visible;mso-wrap-style:square'>\n   <v:imagedata src=\"file:\/\/\/C:\\Users\\EPAWKS07\\AppData\\Local\\Temp\\msohtmlclip1\\01\\clip_image005.jpg\"\n    o:title=\"Berencsi M\u00e1t\u00e9\"\/>\n  <\/v:shape><![endif]--><!--[if !vml]--><img decoding=\"async\" loading=\"lazy\" src=\"http:\/\/egrisportcentrumse.hu\/egris\/wp-content\/uploads\/2014\/11\/Berencsi-Mt.jpg\" border=\"0\" alt=\"Berencsi M\u00e1t\u00e9.jpg\" width=\"85\" height=\"106\" style=\"border: 0;\" \/><!--[endif]--><\/p>\n<\/td>\n<\/tr>\n<tr>\n<td style=\"width: 230.3pt; padding: 0cm 5.4pt 0cm 5.4pt;\" valign=\"top\" width=\"307\">\n<p class=\"MsoNormal\" style=\"text-align: center;\" align=\"center\"><strong>Barta D\u00e1niel<\/strong><\/p>\n<p class=\"MsoNormal\" style=\"text-align: center;\" align=\"center\">MLSZ &#8211; 469937<\/p>\n<\/td>\n<td style=\"width: 230.3pt; padding: 0cm 5.4pt 0cm 5.4pt;\" valign=\"top\" width=\"307\">\n<p class=\"MsoNormal\" style=\"text-align: center;\" align=\"center\"><strong>Berencsi M\u00e1t\u00e9<\/strong><\/p>\n<p class=\"MsoNormal\" style=\"text-align: center;\" align=\"center\">MLSZ \u2013 535609<span style=\"color: inherit; font-family: inherit; font-size: inherit;\">\u00a0<\/span><\/p>\n<\/td>\n<\/tr>\n<tr>\n<td style=\"width: 230.3pt; padding: 0cm 5.4pt 0cm 5.4pt;\" valign=\"top\" width=\"307\">\n<p class=\"MsoNormal\" style=\"text-align: center;\" align=\"center\"><!--[if gte vml 1]><v:shape\n   id=\"K\u00e9p_x0020_21\" o:spid=\"_x0000_i1037\" type=\"#_x0000_t75\" alt=\"Csuhay M\u00e1rk.jpg\"\n   style='width:67.5pt;height:84pt;visibility:visible;mso-wrap-style:square'>\n   <v:imagedata src=\"file:\/\/\/C:\\Users\\EPAWKS07\\AppData\\Local\\Temp\\msohtmlclip1\\01\\clip_image007.jpg\"\n    o:title=\"Csuhay M\u00e1rk\"\/>\n  <\/v:shape><![endif]--><!--[if !vml]--><img decoding=\"async\" loading=\"lazy\" src=\"http:\/\/egrisportcentrumse.hu\/egris\/wp-content\/uploads\/2014\/11\/Csuhay-Mrk.jpg\" border=\"0\" alt=\"Csuhay M\u00e1rk.jpg\" width=\"90\" height=\"112\" style=\"border: 0;\" \/><!--[endif]--><\/p>\n<\/td>\n<td style=\"width: 230.3pt; padding: 0cm 5.4pt 0cm 5.4pt;\" valign=\"top\" width=\"307\">\n<p class=\"MsoNormal\" style=\"text-align: center;\" align=\"center\"><!--[if gte vml 1]><v:shape\n   id=\"K\u00e9p_x0020_22\" o:spid=\"_x0000_i1036\" type=\"#_x0000_t75\" alt=\"Kov\u00e1cs Bal\u00e1zs.jpg\"\n   style='width:66pt;height:81pt;visibility:visible;mso-wrap-style:square'>\n   <v:imagedata src=\"file:\/\/\/C:\\Users\\EPAWKS07\\AppData\\Local\\Temp\\msohtmlclip1\\01\\clip_image009.jpg\"\n    o:title=\"Kov\u00e1cs Bal\u00e1zs\"\/>\n  <\/v:shape><![endif]--><!--[if !vml]--><img decoding=\"async\" loading=\"lazy\" src=\"http:\/\/egrisportcentrumse.hu\/egris\/wp-content\/uploads\/2014\/11\/Kovcs-Balzs.jpg\" border=\"0\" alt=\"Kov\u00e1cs Bal\u00e1zs.jpg\" width=\"88\" height=\"108\" style=\"border: 0;\" \/><!--[endif]--><\/p>\n<\/td>\n<\/tr>\n<tr>\n<td style=\"width: 230.3pt; padding: 0cm 5.4pt 0cm 5.4pt;\" valign=\"top\" width=\"307\">\n<p class=\"MsoNormal\" style=\"text-align: center;\" align=\"center\"><strong>Csuhay M\u00e1rk<\/strong><\/p>\n<p class=\"MsoNormal\" style=\"text-align: center;\" align=\"center\">MLSZ &#8211; 382902<\/p>\n<\/td>\n<td style=\"width: 230.3pt; padding: 0cm 5.4pt 0cm 5.4pt;\" valign=\"top\" width=\"307\">\n<p class=\"MsoNormal\" style=\"text-align: center;\" align=\"center\"><strong>Kov\u00e1cs Bal\u00e1zs<\/strong><\/p>\n<p class=\"MsoNormal\" style=\"text-align: center;\" align=\"center\">MLSZ \u2013 471095<span style=\"color: inherit; font-family: inherit; font-size: inherit;\">\u00a0<\/span><\/p>\n<\/td>\n<\/tr>\n<tr>\n<td style=\"width: 230.3pt; padding: 0cm 5.4pt 0cm 5.4pt;\" valign=\"top\" width=\"307\">\n<p class=\"MsoNormal\" style=\"text-align: center;\" align=\"center\"><!--[if gte vml 1]><v:shape\n   id=\"K\u00e9p_x0020_24\" o:spid=\"_x0000_i1035\" type=\"#_x0000_t75\" alt=\"Kov\u00e1cs D\u00e1vid.png\"\n   style='width:63pt;height:84.75pt;visibility:visible;mso-wrap-style:square'>\n   <v:imagedata src=\"file:\/\/\/C:\\Users\\EPAWKS07\\AppData\\Local\\Temp\\msohtmlclip1\\01\\clip_image011.png\"\n    o:title=\"Kov\u00e1cs D\u00e1vid\"\/>\n  <\/v:shape><![endif]--><!--[if !vml]--><img decoding=\"async\" loading=\"lazy\" src=\"http:\/\/egrisportcentrumse.hu\/egris\/wp-content\/uploads\/2014\/11\/Kovcs-Dvid.png\" border=\"0\" alt=\"Kov\u00e1cs D\u00e1vid.png\" width=\"84\" height=\"113\" style=\"border: 0;\" \/><!--[endif]--><\/p>\n<\/td>\n<td style=\"width: 230.3pt; padding: 0cm 5.4pt 0cm 5.4pt;\" valign=\"top\" width=\"307\">\n<p class=\"MsoNormal\" style=\"text-align: center;\" align=\"center\"><!--[if gte vml 1]><v:shape\n   id=\"K\u00e9p_x0020_25\" o:spid=\"_x0000_i1034\" type=\"#_x0000_t75\" alt=\"Kuborczik Istv\u00e1n.jpg\"\n   style='width:67.5pt;height:86.25pt;visibility:visible;mso-wrap-style:square'>\n   <v:imagedata src=\"file:\/\/\/C:\\Users\\EPAWKS07\\AppData\\Local\\Temp\\msohtmlclip1\\01\\clip_image013.jpg\"\n    o:title=\"Kuborczik Istv\u00e1n\"\/>\n  <\/v:shape><![endif]--><!--[if !vml]--><img decoding=\"async\" loading=\"lazy\" src=\"http:\/\/egrisportcentrumse.hu\/egris\/wp-content\/uploads\/2014\/11\/Kuborczik-Istvn.jpg\" border=\"0\" alt=\"Kuborczik Istv\u00e1n.jpg\" width=\"90\" height=\"115\" style=\"border: 0;\" \/><!--[endif]--><\/p>\n<\/td>\n<\/tr>\n<tr>\n<td style=\"width: 230.3pt; padding: 0cm 5.4pt 0cm 5.4pt;\" valign=\"top\" width=\"307\">\n<p class=\"MsoNormal\" style=\"text-align: center;\" align=\"center\"><strong>Kov\u00e1cs D\u00e1vid<\/strong><\/p>\n<p class=\"MsoNormal\" style=\"text-align: center;\" align=\"center\">MLSZ &#8211; 410013<\/p>\n<\/td>\n<td style=\"width: 230.3pt; padding: 0cm 5.4pt 0cm 5.4pt;\" valign=\"top\" width=\"307\">\n<p class=\"MsoNormal\" style=\"text-align: center;\" align=\"center\"><strong>Kuborczik Istv\u00e1n<\/strong><\/p>\n<p class=\"MsoNormal\" style=\"text-align: center;\" align=\"center\">MLSZ \u2013 519146<\/p>\n<\/td>\n<\/tr>\n<tr>\n<td style=\"width: 230.3pt; padding: 0cm 5.4pt 0cm 5.4pt;\" valign=\"top\" width=\"307\">\n<p class=\"MsoNormal\" style=\"text-align: center;\" align=\"center\"><!--[if gte vml 1]><v:shape\n   id=\"K\u00e9p_x0020_26\" o:spid=\"_x0000_i1033\" type=\"#_x0000_t75\" alt=\"Majoros Norbert.jpg\"\n   style='width:73.5pt;height:72.75pt;visibility:visible;mso-wrap-style:square'>\n   <v:imagedata src=\"file:\/\/\/C:\\Users\\EPAWKS07\\AppData\\Local\\Temp\\msohtmlclip1\\01\\clip_image015.jpg\"\n    o:title=\"Majoros Norbert\"\/>\n  <\/v:shape><![endif]--><!--[if !vml]--><img decoding=\"async\" loading=\"lazy\" src=\"http:\/\/egrisportcentrumse.hu\/egris\/wp-content\/uploads\/2014\/11\/Majoros-Norbert.jpg\" border=\"0\" alt=\"Majoros Norbert.jpg\" width=\"98\" height=\"97\" style=\"border: 0;\" \/><!--[endif]--><\/p>\n<\/td>\n<td style=\"width: 230.3pt; padding: 0cm 5.4pt 0cm 5.4pt;\" valign=\"top\" width=\"307\">\n<p class=\"MsoNormal\" style=\"text-align: center;\" align=\"center\"><!--[if gte vml 1]><v:shape\n   id=\"K\u00e9p_x0020_27\" o:spid=\"_x0000_i1032\" type=\"#_x0000_t75\" alt=\"Moln\u00e1r Andr\u00e1s M\u00e1t\u00e9.jpg\"\n   style='width:72.75pt;height:75pt;visibility:visible;mso-wrap-style:square'>\n   <v:imagedata src=\"file:\/\/\/C:\\Users\\EPAWKS07\\AppData\\Local\\Temp\\msohtmlclip1\\01\\clip_image017.jpg\"\n    o:title=\"Moln\u00e1r Andr\u00e1s M\u00e1t\u00e9\"\/>\n  <\/v:shape><![endif]--><!--[if !vml]--><img decoding=\"async\" loading=\"lazy\" src=\"http:\/\/egrisportcentrumse.hu\/egris\/wp-content\/uploads\/2014\/11\/Molnr-Andrs-Mt.jpg\" border=\"0\" alt=\"Moln\u00e1r Andr\u00e1s M\u00e1t\u00e9.jpg\" width=\"97\" height=\"100\" style=\"border: 0;\" \/><!--[endif]--><\/p>\n<\/td>\n<\/tr>\n<tr>\n<td style=\"width: 230.3pt; padding: 0cm 5.4pt 0cm 5.4pt;\" valign=\"top\" width=\"307\">\n<p class=\"MsoNormal\" style=\"text-align: center;\" align=\"center\"><strong>Majoros Norbert<\/strong><\/p>\n<p class=\"MsoNormal\" style=\"text-align: center;\" align=\"center\">MLSZ \u2013 629510<\/p>\n<\/td>\n<td style=\"width: 230.3pt; padding: 0cm 5.4pt 0cm 5.4pt;\" valign=\"top\" width=\"307\">\n<p class=\"MsoNormal\" style=\"text-align: center;\" align=\"center\"><strong>Moln\u00e1r Andr\u00e1s<\/strong><\/p>\n<p class=\"MsoNormal\" style=\"text-align: center;\" align=\"center\">MLSZ \u2013 444645<span style=\"color: inherit; font-family: inherit; font-size: inherit;\">\u00a0<\/span><\/p>\n<\/td>\n<\/tr>\n<tr>\n<td style=\"width: 230.3pt; padding: 0cm 5.4pt 0cm 5.4pt;\" valign=\"top\" width=\"307\">\n<p class=\"MsoNormal\" style=\"text-align: center;\" align=\"center\"><!--[if gte vml 1]><v:shape\n   id=\"K\u00e9p_x0020_28\" o:spid=\"_x0000_i1031\" type=\"#_x0000_t75\" alt=\"Reibl Imre Krist\u00f3f.jpg\"\n   style='width:58.5pt;height:75pt;visibility:visible;mso-wrap-style:square'>\n   <v:imagedata src=\"file:\/\/\/C:\\Users\\EPAWKS07\\AppData\\Local\\Temp\\msohtmlclip1\\01\\clip_image019.jpg\"\n    o:title=\"Reibl Imre Krist\u00f3f\"\/>\n  <\/v:shape><![endif]--><!--[if !vml]--><img decoding=\"async\" loading=\"lazy\" src=\"http:\/\/egrisportcentrumse.hu\/egris\/wp-content\/uploads\/2014\/11\/Reibl-Imre-Kristf.jpg\" border=\"0\" alt=\"Reibl Imre Krist\u00f3f.jpg\" width=\"78\" height=\"100\" style=\"border: 0;\" \/><!--[endif]--><\/p>\n<\/td>\n<td style=\"width: 230.3pt; padding: 0cm 5.4pt 0cm 5.4pt;\" valign=\"top\" width=\"307\">\n<p class=\"MsoNormal\" style=\"text-align: center;\" align=\"center\"><!--[if gte vml 1]><v:shape\n   id=\"K\u00e9p_x0020_29\" o:spid=\"_x0000_i1030\" type=\"#_x0000_t75\" alt=\"Simon Dominik.jpg\"\n   style='width:66.75pt;height:75.75pt;visibility:visible;mso-wrap-style:square'>\n   <v:imagedata src=\"file:\/\/\/C:\\Users\\EPAWKS07\\AppData\\Local\\Temp\\msohtmlclip1\\01\\clip_image021.jpg\"\n    o:title=\"Simon Dominik\"\/>\n  <\/v:shape><![endif]--><!--[if !vml]--><img decoding=\"async\" loading=\"lazy\" src=\"http:\/\/egrisportcentrumse.hu\/egris\/wp-content\/uploads\/2014\/11\/Simon-Dominik.jpg\" border=\"0\" alt=\"Simon Dominik.jpg\" width=\"89\" height=\"101\" style=\"border: 0;\" \/><!--[endif]--><\/p>\n<\/td>\n<\/tr>\n<tr>\n<td style=\"width: 230.3pt; padding: 0cm 5.4pt 0cm 5.4pt;\" valign=\"top\" width=\"307\">\n<p class=\"MsoNormal\" style=\"text-align: center;\" align=\"center\"><strong>Reibl Krist\u00f3f<\/strong><\/p>\n<p class=\"MsoNormal\" style=\"text-align: center;\" align=\"center\">MLSZ \u2013 410000<\/p>\n<\/td>\n<td style=\"width: 230.3pt; padding: 0cm 5.4pt 0cm 5.4pt;\" valign=\"top\" width=\"307\">\n<p class=\"MsoNormal\" style=\"text-align: center;\" align=\"center\"><strong>Simon Dominik<\/strong><\/p>\n<p class=\"MsoNormal\" style=\"text-align: center;\" align=\"center\">MLSZ \u2013 452634<\/p>\n<\/td>\n<\/tr>\n<tr>\n<td style=\"width: 230.3pt; padding: 0cm 5.4pt 0cm 5.4pt;\" valign=\"top\" width=\"307\">\n<p class=\"MsoNormal\" style=\"text-align: center;\" align=\"center\"><!--[if gte vml 1]><v:shape\n   id=\"K\u00e9p_x0020_30\" o:spid=\"_x0000_i1029\" type=\"#_x0000_t75\" alt=\"Tak\u00e1cs D\u00e1vid.jpg\"\n   style='width:67.5pt;height:75pt;visibility:visible;mso-wrap-style:square'>\n   <v:imagedata src=\"file:\/\/\/C:\\Users\\EPAWKS07\\AppData\\Local\\Temp\\msohtmlclip1\\01\\clip_image023.jpg\"\n    o:title=\"Tak\u00e1cs D\u00e1vid\"\/>\n  <\/v:shape><![endif]--><!--[if !vml]--><img decoding=\"async\" loading=\"lazy\" src=\"http:\/\/egrisportcentrumse.hu\/egris\/wp-content\/uploads\/2014\/11\/Takcs-Dvid.jpg\" border=\"0\" alt=\"Tak\u00e1cs D\u00e1vid.jpg\" width=\"90\" height=\"100\" style=\"border: 0;\" \/><!--[endif]--><\/p>\n<\/td>\n<td style=\"width: 230.3pt; padding: 0cm 5.4pt 0cm 5.4pt;\" valign=\"top\" width=\"307\">\n<p class=\"MsoNormal\" style=\"text-align: center;\" align=\"center\"><!--[if gte vml 1]><v:shape\n   id=\"K\u00e9p_x0020_31\" o:spid=\"_x0000_i1028\" type=\"#_x0000_t75\" alt=\"T\u00f3th Kriszti\u00e1n Krist\u00f3f.jpg\"\n   style='width:55.5pt;height:75pt;visibility:visible;mso-wrap-style:square'>\n   <v:imagedata src=\"file:\/\/\/C:\\Users\\EPAWKS07\\AppData\\Local\\Temp\\msohtmlclip1\\01\\clip_image025.jpg\"\n    o:title=\"T\u00f3th Kriszti\u00e1n Krist\u00f3f\"\/>\n  <\/v:shape><![endif]--><!--[if !vml]--><img decoding=\"async\" loading=\"lazy\" src=\"http:\/\/egrisportcentrumse.hu\/egris\/wp-content\/uploads\/2014\/11\/Tth-Krisztin-Kristf.jpg\" border=\"0\" alt=\"T\u00f3th Kriszti\u00e1n Krist\u00f3f.jpg\" width=\"74\" height=\"100\" style=\"border: 0;\" \/><!--[endif]--><\/p>\n<\/td>\n<\/tr>\n<tr>\n<td style=\"width: 230.3pt; padding: 0cm 5.4pt 0cm 5.4pt;\" valign=\"top\" width=\"307\">\n<p class=\"MsoNormal\" style=\"text-align: center;\" align=\"center\"><strong>Tak\u00e1cs D\u00e1vid<\/strong><\/p>\n<p class=\"MsoNormal\" style=\"text-align: center;\" align=\"center\">MLSZ \u2013 470345<\/p>\n<\/td>\n<td style=\"width: 230.3pt; padding: 0cm 5.4pt 0cm 5.4pt;\" valign=\"top\" width=\"307\">\n<p class=\"MsoNormal\" style=\"text-align: center;\" align=\"center\"><strong>T\u00f3th Kriszti\u00e1n<\/strong><\/p>\n<p class=\"MsoNormal\" style=\"text-align: center;\" align=\"center\">MLSZ \u2013 411635<\/p>\n<\/td>\n<\/tr>\n<tr>\n<td style=\"width: 230.3pt; padding: 0cm 5.4pt 0cm 5.4pt;\" valign=\"top\" width=\"307\">\n<p class=\"MsoNormal\" style=\"text-align: center;\" align=\"center\"><!--[if gte vml 1]><v:shape\n   id=\"K\u00e9p_x0020_32\" o:spid=\"_x0000_i1027\" type=\"#_x0000_t75\" alt=\"Vezek\u00e9nyi M\u00e1rk.jpg\"\n   style='width:62.25pt;height:81pt;visibility:visible;mso-wrap-style:square'>\n   <v:imagedata src=\"file:\/\/\/C:\\Users\\EPAWKS07\\AppData\\Local\\Temp\\msohtmlclip1\\01\\clip_image027.jpg\"\n    o:title=\"Vezek\u00e9nyi M\u00e1rk\"\/>\n  <\/v:shape><![endif]--><!--[if !vml]--><img decoding=\"async\" loading=\"lazy\" src=\"http:\/\/egrisportcentrumse.hu\/egris\/wp-content\/uploads\/2014\/11\/Vezeknyi-Mrk.jpg\" border=\"0\" alt=\"Vezek\u00e9nyi M\u00e1rk.jpg\" width=\"83\" height=\"108\" style=\"border: 0;\" \/><!--[endif]--><\/p>\n<\/td>\n<td style=\"width: 230.3pt; padding: 0cm 5.4pt 0cm 5.4pt;\" valign=\"top\" width=\"307\">\n<p class=\"MsoNormal\" style=\"text-align: center;\" align=\"center\"><!--[if gte vml 1]><v:shape\n   id=\"K\u00e9p_x0020_33\" o:spid=\"_x0000_i1026\" type=\"#_x0000_t75\" alt=\"Weiner M\u00e1rton.jpg\"\n   style='width:1in;height:81.75pt;visibility:visible;mso-wrap-style:square'>\n   <v:imagedata src=\"file:\/\/\/C:\\Users\\EPAWKS07\\AppData\\Local\\Temp\\msohtmlclip1\\01\\clip_image029.jpg\"\n    o:title=\"Weiner M\u00e1rton\"\/>\n  <\/v:shape><![endif]--><!--[if !vml]--><img decoding=\"async\" loading=\"lazy\" src=\"http:\/\/egrisportcentrumse.hu\/egris\/wp-content\/uploads\/2014\/11\/Weiner-Mrton.jpg\" border=\"0\" alt=\"Weiner M\u00e1rton.jpg\" width=\"96\" height=\"109\" style=\"border: 0;\" \/><!--[endif]--><\/p>\n<\/td>\n<\/tr>\n<tr>\n<td style=\"width: 230.3pt; padding: 0cm 5.4pt 0cm 5.4pt;\" valign=\"top\" width=\"307\">\n<p class=\"MsoNormal\" style=\"text-align: center;\" align=\"center\"><strong>Vezek\u00e9nyi M\u00e1rk<\/strong><\/p>\n<p class=\"MsoNormal\" style=\"text-align: center;\" align=\"center\">MLSZ \u2013 474972<\/p>\n<\/td>\n<td style=\"width: 230.3pt; padding: 0cm 5.4pt 0cm 5.4pt;\" valign=\"top\" width=\"307\">\n<p class=\"MsoNormal\" style=\"text-align: center;\" align=\"center\"><strong>Weiner M\u00e1rton<\/strong><\/p>\n<p class=\"MsoNormal\" style=\"text-align: center;\" align=\"center\">MLSZ \u2013 450115<span style=\"color: inherit; font-family: inherit; font-size: inherit;\">\u00a0<\/span><\/p>\n<\/td>\n<\/tr>\n<tr>\n<td style=\"width: 460.6pt; padding: 0cm 5.4pt 0cm 5.4pt;\" colspan=\"2\" valign=\"top\" width=\"614\">\n<p class=\"MsoNormal\" style=\"text-align: center;\" align=\"center\"><strong><!--[if gte vml 1]><v:shape id=\"K\u00e9p_x0020_34\" o:spid=\"_x0000_i1025\"\n   type=\"#_x0000_t75\" alt=\"Zakar Patrik.jpg\" style='width:60.75pt;height:77.25pt;\n   visibility:visible;mso-wrap-style:square'>\n   <v:imagedata src=\"file:\/\/\/C:\\Users\\EPAWKS07\\AppData\\Local\\Temp\\msohtmlclip1\\01\\clip_image031.jpg\"\n    o:title=\"Zakar Patrik\"\/>\n  <\/v:shape><![endif]--><!--[if !vml]--><img decoding=\"async\" loading=\"lazy\" src=\"http:\/\/egrisportcentrumse.hu\/egris\/wp-content\/uploads\/2014\/11\/Zakar-Patrik.jpg\" border=\"0\" alt=\"Zakar Patrik.jpg\" width=\"81\" height=\"103\" style=\"border: 0;\" \/><!--[endif]--><\/strong><\/p>\n<\/td>\n<\/tr>\n<tr>\n<td style=\"width: 460.6pt; padding: 0cm 5.4pt 0cm 5.4pt;\" colspan=\"2\" valign=\"top\" width=\"614\">\n<p class=\"MsoNormal\" style=\"text-align: center;\" align=\"center\"><strong>Zakar Patrik<\/strong><\/p>\n<p class=\"MsoNormal\" style=\"text-align: center;\" align=\"center\">MLSZ &#8211; 409999<\/p>\n<\/td>\n<\/tr>\n<\/tbody>\n<\/table>\n","protected":false},"excerpt":{"rendered":"<p>Sz\u00e9kely K\u00e1roly edz\u0151 MLSZ \u2013 329891 Barta D\u00e1niel MLSZ &#8211; 469937 Berencsi M\u00e1t\u00e9 MLSZ \u2013 535609\u00a0 Csuhay M\u00e1rk MLSZ &#8211; 382902 Kov\u00e1cs Bal\u00e1zs MLSZ \u2013 471095\u00a0 Kov\u00e1cs D\u00e1vid MLSZ &#8211; 410013 Kuborczik Istv\u00e1n MLSZ \u2013 519146 Majoros Norbert MLSZ \u2013 629510 Moln\u00e1r Andr\u00e1s MLSZ \u2013 444645\u00a0 Reibl Krist\u00f3f MLSZ \u2013 410000 Simon Dominik MLSZ \u2013 [&hellip;]<\/p>\n","protected":false},"author":1,"featured_media":0,"parent":0,"menu_order":0,"comment_status":"open","ping_status":"open","template":"","meta":[],"_links":{"self":[{"href":"http:\/\/egrisportcentrumse.hu\/egris\/wp-json\/wp\/v2\/pages\/69"}],"collection":[{"href":"http:\/\/egrisportcentrumse.hu\/egris\/wp-json\/wp\/v2\/pages"}],"about":[{"href":"http:\/\/egrisportcentrumse.hu\/egris\/wp-json\/wp\/v2\/types\/page"}],"author":[{"embeddable":true,"href":"http:\/\/egrisportcentrumse.hu\/egris\/wp-json\/wp\/v2\/users\/1"}],"replies":[{"embeddable":true,"href":"http:\/\/egrisportcentrumse.hu\/egris\/wp-json\/wp\/v2\/comments?post=69"}],"version-history":[{"count":4,"href":"http:\/\/egrisportcentrumse.hu\/egris\/wp-json\/wp\/v2\/pages\/69\/revisions"}],"predecessor-version":[{"id":683,"href":"http:\/\/egrisportcentrumse.hu\/egris\/wp-json\/wp\/v2\/pages\/69\/revisions\/683"}],"wp:attachment":[{"href":"http:\/\/egrisportcentrumse.hu\/egris\/wp-json\/wp\/v2\/media?parent=69"}],"curies":[{"name":"wp","href":"https:\/\/api.w.org\/{rel}","templated":true}]}}