{"id":7042,"date":"2024-05-15T06:53:19","date_gmt":"2024-05-15T06:53:19","guid":{"rendered":"http:\/\/egrisportcentrumse.hu\/egris\/?page_id=7042"},"modified":"2024-05-15T08:01:34","modified_gmt":"2024-05-15T08:01:34","slug":"tao-2024-2025","status":"publish","type":"page","link":"http:\/\/egrisportcentrumse.hu\/egris\/tao-2024-2025\/","title":{"rendered":"TAO 2024-2025"},"content":{"rendered":"<h4 style=\"text-align: center;\"><strong>TAO Sportt\u00e1mogat\u00e1s 2024-2025<\/strong><\/h4>\n<hr \/>\n<h4><\/h4>\n<h4 style=\"text-align: center;\"><strong>TAO p\u00e1ly\u00e1zat 2024-2025<\/strong><\/h4>\n<hr \/>\n<h4><\/h4>\n<h4 style=\"text-align: center;\"><strong>TAO j\u00f3v\u00e1hagy\u00f3 hat\u00e1rozat 2024-2025<\/strong><\/h4>\n<hr \/>\n<p>&nbsp;<\/p>\n","protected":false},"excerpt":{"rendered":"<p>TAO Sportt\u00e1mogat\u00e1s 2024-2025 TAO p\u00e1ly\u00e1zat 2024-2025 TAO j\u00f3v\u00e1hagy\u00f3 hat\u00e1rozat 2024-2025 &nbsp;<\/p>\n","protected":false},"author":6,"featured_media":0,"parent":0,"menu_order":0,"comment_status":"closed","ping_status":"closed","template":"","meta":[],"_links":{"self":[{"href":"http:\/\/egrisportcentrumse.hu\/egris\/wp-json\/wp\/v2\/pages\/7042"}],"collection":[{"href":"http:\/\/egrisportcentrumse.hu\/egris\/wp-json\/wp\/v2\/pages"}],"about":[{"href":"http:\/\/egrisportcentrumse.hu\/egris\/wp-json\/wp\/v2\/types\/page"}],"author":[{"embeddable":true,"href":"http:\/\/egrisportcentrumse.hu\/egris\/wp-json\/wp\/v2\/users\/6"}],"replies":[{"embeddable":true,"href":"http:\/\/egrisportcentrumse.hu\/egris\/wp-json\/wp\/v2\/comments?post=7042"}],"version-history":[{"count":6,"href":"http:\/\/egrisportcentrumse.hu\/egris\/wp-json\/wp\/v2\/pages\/7042\/revisions"}],"predecessor-version":[{"id":7065,"href":"http:\/\/egrisportcentrumse.hu\/egris\/wp-json\/wp\/v2\/pages\/7042\/revisions\/7065"}],"wp:attachment":[{"href":"http:\/\/egrisportcentrumse.hu\/egris\/wp-json\/wp\/v2\/media?parent=7042"}],"curies":[{"name":"wp","href":"https:\/\/api.w.org\/{rel}","templated":true}]}}