{"id":71,"date":"2014-11-06T14:48:53","date_gmt":"2014-11-06T14:48:53","guid":{"rendered":"http:\/\/egrisportcentrumse.hu\/egris\/?page_id=71"},"modified":"2014-11-09T17:18:56","modified_gmt":"2014-11-09T17:18:56","slug":"u17","status":"publish","type":"page","link":"http:\/\/egrisportcentrumse.hu\/egris\/u17\/","title":{"rendered":"U17"},"content":{"rendered":"<div align=\"center\">\n<table class=\"MsoTableGrid\" style=\"border: none;\" border=\"1\" cellspacing=\"0\" cellpadding=\"0\">\n<tbody>\n<tr style=\"mso-yfti-irow: 0; mso-yfti-firstrow: yes; height: 92.1pt;\">\n<td style=\"width: 460.6pt; border-color: windowtext; border-width: 1pt; padding: 0cm 5.4pt; height: 92.1pt;\" colspan=\"2\" width=\"614\">\n<p class=\"MsoNormal\" style=\"text-align: center;\" align=\"center\"><!-- [if gte vml 1]><v:shapetype    id=\"_x0000_t75\" coordsize=\"21600,21600\" o:spt=\"75\" o:preferrelative=\"t\"    path=\"m@4@5l@4@11@9@11@9@5xe\" filled=\"f\" stroked=\"f\">\n<v:stroke joinstyle=\"miter\"\/>\n<v:formulas>\n<v:f eqn=\"if lineDrawn pixelLineWidth 0\"\/>\n<v:f eqn=\"sum @0 1 0\"\/>\n<v:f eqn=\"sum 0 0 @1\"\/>\n<v:f eqn=\"prod @2 1 2\"\/>\n<v:f eqn=\"prod @3 21600 pixelWidth\"\/>\n<v:f eqn=\"prod @3 21600 pixelHeight\"\/>\n<v:f eqn=\"sum @0 0 1\"\/>\n<v:f eqn=\"prod @6 1 2\"\/>\n<v:f eqn=\"prod @7 21600 pixelWidth\"\/>\n<v:f eqn=\"sum @8 21600 0\"\/>\n<v:f eqn=\"prod @7 21600 pixelHeight\"\/>\n<v:f eqn=\"sum @10 21600 0\"\/>\n<\/v:formulas>\n<v:path o:extrusionok=\"f\" gradientshapeok=\"t\" o:connecttype=\"rect\"\/>\n<o:lock v:ext=\"edit\" aspectratio=\"t\"\/>\n<\/v:shapetype><v:shape id=\"K\u00e9p_x0020_0\" o:spid=\"_x0000_i1040\" type=\"#_x0000_t75\"    alt=\"EDZ\u0150_P\u00e1d\u00e1r_B\u00e9la_U17.JPG\" style='width:70.5pt;height:93.75pt;    visibility:visible;mso-wrap-style:square'>\n<v:imagedata src=\"file:\/\/\/C:\\Users\\EPAWKS07\\AppData\\Local\\Temp\\msohtmlclip1\\01\\clip_image001.jpg\"     o:title=\"EDZ\u0150_P\u00e1d\u00e1r_B\u00e9la_U17\"\/>\n<\/v:shape><![endif]--><!-- [if !vml]--><img decoding=\"async\" loading=\"lazy\" style=\"border: 0;\" src=\"http:\/\/egrisportcentrumse.hu\/egris\/wp-content\/uploads\/2014\/11\/padar.jpg\" alt=\"EDZ\u0150_P\u00e1d\u00e1r_B\u00e9la_U17.JPG\" width=\"94\" height=\"125\" border=\"0\" \/><!--[endif]--><\/td>\n<\/tr>\n<tr>\n<td style=\"width: 460.6pt; border-right-color: windowtext; border-bottom-color: windowtext; border-left-color: windowtext; border-right-width: 1pt; border-bottom-width: 1pt; border-left-width: 1pt; border-top-style: none; padding: 0cm 5.4pt;\" colspan=\"2\" valign=\"top\" width=\"614\">\n<p class=\"MsoNormal\" style=\"text-align: center;\" align=\"center\"><strong>P\u00e1d\u00e1r B\u00e9la<\/strong><\/p>\n<p class=\"MsoNormal\" style=\"text-align: center;\" align=\"center\">edz\u0151<\/p>\n<p class=\"MsoNormal\" style=\"text-align: center;\" align=\"center\">MLSZ \u2013 124933<\/p>\n<\/td>\n<\/tr>\n<tr>\n<td style=\"width: 230.3pt; border-right-color: windowtext; border-bottom-color: windowtext; border-left-color: windowtext; border-right-width: 1pt; border-bottom-width: 1pt; border-left-width: 1pt; border-top-style: none; padding: 0cm 5.4pt;\" valign=\"top\" width=\"307\">\n<p class=\"MsoNormal\" style=\"text-align: center;\" align=\"center\"><!-- [if gte vml 1]><v:shape    id=\"K\u00e9p_x0020_2\" o:spid=\"_x0000_i1039\" type=\"#_x0000_t75\" alt=\"Balogh_Art\u00far_U17.jpg\"    style='width:66pt;height:75pt;visibility:visible;mso-wrap-style:square'>\n<v:imagedata src=\"file:\/\/\/C:\\Users\\EPAWKS07\\AppData\\Local\\Temp\\msohtmlclip1\\01\\clip_image003.jpg\"     o:title=\"Balogh_Art\u00far_U17\"\/>\n<\/v:shape><![endif]--><!-- [if !vml]--><img decoding=\"async\" loading=\"lazy\" style=\"border: 0;\" src=\"http:\/\/egrisportcentrumse.hu\/egris\/wp-content\/uploads\/2014\/11\/Balogh_Artr_U17.jpg\" alt=\"Balogh_Art\u00far_U17.jpg\" width=\"88\" height=\"100\" border=\"0\" \/><!--[endif]--><\/td>\n<td style=\"width: 230.3pt; border-top-style: none; border-left-style: none; border-bottom-color: windowtext; border-bottom-width: 1pt; border-right-color: windowtext; border-right-width: 1pt; padding: 0cm 5.4pt;\" valign=\"top\" width=\"307\">\n<p class=\"MsoNormal\" style=\"text-align: center;\" align=\"center\"><!-- [if gte vml 1]><v:shape    id=\"K\u00e9p_x0020_3\" o:spid=\"_x0000_i1038\" type=\"#_x0000_t75\" alt=\"Balogh_Istv\u00e1n_U17.jpg\"    style='width:66pt;height:75pt;visibility:visible;mso-wrap-style:square'>\n<v:imagedata src=\"file:\/\/\/C:\\Users\\EPAWKS07\\AppData\\Local\\Temp\\msohtmlclip1\\01\\clip_image005.jpg\"     o:title=\"Balogh_Istv\u00e1n_U17\"\/>\n<\/v:shape><![endif]--><!-- [if !vml]--><img decoding=\"async\" loading=\"lazy\" style=\"border: 0;\" src=\"http:\/\/egrisportcentrumse.hu\/egris\/wp-content\/uploads\/2014\/11\/Balogh_Istvn_U17.jpg\" alt=\"Balogh_Istv\u00e1n_U17.jpg\" width=\"88\" height=\"100\" border=\"0\" \/><!--[endif]--><\/td>\n<\/tr>\n<tr>\n<td style=\"width: 230.3pt; border-right-color: windowtext; border-bottom-color: windowtext; border-left-color: windowtext; border-right-width: 1pt; border-bottom-width: 1pt; border-left-width: 1pt; border-top-style: none; padding: 0cm 5.4pt;\" valign=\"top\" width=\"307\">\n<p class=\"MsoNormal\" style=\"text-align: center;\" align=\"center\"><strong>Balogh Art\u00far<\/strong><\/p>\n<p class=\"MsoNormal\" style=\"text-align: center;\" align=\"center\">MLSZ &#8211; 342353<\/p>\n<\/td>\n<td style=\"width: 230.3pt; border-top-style: none; border-left-style: none; border-bottom-color: windowtext; border-bottom-width: 1pt; border-right-color: windowtext; border-right-width: 1pt; padding: 0cm 5.4pt;\" valign=\"top\" width=\"307\">\n<p class=\"MsoNormal\" style=\"text-align: center;\" align=\"center\"><strong>Balogh Istv\u00e1n<\/strong><\/p>\n<p class=\"MsoNormal\" style=\"text-align: center;\" align=\"center\">MLSZ \u2013 589413<\/p>\n<\/td>\n<\/tr>\n<tr>\n<td style=\"width: 230.3pt; border-right-color: windowtext; border-bottom-color: windowtext; border-left-color: windowtext; border-right-width: 1pt; border-bottom-width: 1pt; border-left-width: 1pt; border-top-style: none; padding: 0cm 5.4pt;\" valign=\"top\" width=\"307\">\n<p class=\"MsoNormal\" style=\"text-align: center;\" align=\"center\"><!-- [if gte vml 1]><v:shape    id=\"K\u00e9p_x0020_4\" o:spid=\"_x0000_i1037\" type=\"#_x0000_t75\" alt=\"Baranyi_Ern\u0151_U17.jpg\"    style='width:62.25pt;height:73.5pt;visibility:visible;mso-wrap-style:square'>\n<v:imagedata src=\"file:\/\/\/C:\\Users\\EPAWKS07\\AppData\\Local\\Temp\\msohtmlclip1\\01\\clip_image007.jpg\"     o:title=\"Baranyi_Ern\u0151_U17\"\/>\n<\/v:shape><![endif]--><!-- [if !vml]--><img decoding=\"async\" loading=\"lazy\" style=\"border: 0;\" src=\"http:\/\/egrisportcentrumse.hu\/egris\/wp-content\/uploads\/2014\/11\/Baranyi_Ern_U17.jpg\" alt=\"Baranyi_Ern\u0151_U17.jpg\" width=\"83\" height=\"98\" border=\"0\" \/><!--[endif]--><\/td>\n<td style=\"width: 230.3pt; border-top-style: none; border-left-style: none; border-bottom-color: windowtext; border-bottom-width: 1pt; border-right-color: windowtext; border-right-width: 1pt; padding: 0cm 5.4pt;\" valign=\"top\" width=\"307\">\n<p class=\"MsoNormal\" style=\"text-align: center;\" align=\"center\"><!-- [if gte vml 1]><v:shape    id=\"K\u00e9p_x0020_5\" o:spid=\"_x0000_i1036\" type=\"#_x0000_t75\" alt=\"Czibere_Rich\u00e1rd_U17.jpg\"    style='width:69.75pt;height:1in;visibility:visible;mso-wrap-style:square'>\n<v:imagedata src=\"file:\/\/\/C:\\Users\\EPAWKS07\\AppData\\Local\\Temp\\msohtmlclip1\\01\\clip_image009.jpg\"     o:title=\"Czibere_Rich\u00e1rd_U17\"\/>\n<\/v:shape><![endif]--><!-- [if !vml]--><img decoding=\"async\" loading=\"lazy\" style=\"border: 0;\" src=\"http:\/\/egrisportcentrumse.hu\/egris\/wp-content\/uploads\/2014\/11\/Czibere_Richrd_U17.jpg\" alt=\"Czibere_Rich\u00e1rd_U17.jpg\" width=\"93\" height=\"96\" border=\"0\" \/><!--[endif]--><\/td>\n<\/tr>\n<tr>\n<td style=\"width: 230.3pt; border-right-color: windowtext; border-bottom-color: windowtext; border-left-color: windowtext; border-right-width: 1pt; border-bottom-width: 1pt; border-left-width: 1pt; border-top-style: none; padding: 0cm 5.4pt;\" valign=\"top\" width=\"307\">\n<p class=\"MsoNormal\" style=\"text-align: center;\" align=\"center\"><strong>Baranyi Ern\u0151<\/strong><\/p>\n<p class=\"MsoNormal\" style=\"text-align: center;\" align=\"center\">MLSZ &#8211; 370848<\/p>\n<\/td>\n<td style=\"width: 230.3pt; border-top-style: none; border-left-style: none; border-bottom-color: windowtext; border-bottom-width: 1pt; border-right-color: windowtext; border-right-width: 1pt; padding: 0cm 5.4pt;\" valign=\"top\" width=\"307\">\n<p class=\"MsoNormal\" style=\"text-align: center;\" align=\"center\"><strong>Czibere Rich\u00e1rd<\/strong><\/p>\n<p class=\"MsoNormal\" style=\"text-align: center;\" align=\"center\">MLSZ \u2013 426597<\/p>\n<\/td>\n<\/tr>\n<tr>\n<td style=\"width: 230.3pt; border-right-color: windowtext; border-bottom-color: windowtext; border-left-color: windowtext; border-right-width: 1pt; border-bottom-width: 1pt; border-left-width: 1pt; border-top-style: none; padding: 0cm 5.4pt;\" valign=\"top\" width=\"307\">\n<p class=\"MsoNormal\" style=\"text-align: center;\" align=\"center\"><!-- [if gte vml 1]><v:shape    id=\"K\u00e9p_x0020_6\" o:spid=\"_x0000_i1035\" type=\"#_x0000_t75\" alt=\"Dulai_Rajmund_U17.jpg\"    style='width:99pt;height:74.25pt;visibility:visible;mso-wrap-style:square'>\n<v:imagedata src=\"file:\/\/\/C:\\Users\\EPAWKS07\\AppData\\Local\\Temp\\msohtmlclip1\\01\\clip_image011.jpg\"     o:title=\"Dulai_Rajmund_U17\"\/>\n<\/v:shape><![endif]--><!-- [if !vml]--><img decoding=\"async\" loading=\"lazy\" style=\"border: 0;\" src=\"http:\/\/egrisportcentrumse.hu\/egris\/wp-content\/uploads\/2014\/11\/Dulai_Rajmund_U17.jpg\" alt=\"Dulai_Rajmund_U17.jpg\" width=\"132\" height=\"99\" border=\"0\" \/><!--[endif]--><\/td>\n<td style=\"width: 230.3pt; border-top-style: none; border-left-style: none; border-bottom-color: windowtext; border-bottom-width: 1pt; border-right-color: windowtext; border-right-width: 1pt; padding: 0cm 5.4pt;\" valign=\"top\" width=\"307\">\n<p class=\"MsoNormal\" style=\"text-align: center;\" align=\"center\"><!-- [if gte vml 1]><v:shape    id=\"K\u00e9p_x0020_8\" o:spid=\"_x0000_i1034\" type=\"#_x0000_t75\" alt=\"Jacs\u00f3_Andr\u00e1s_U17.jpg\"    style='width:62.25pt;height:84pt;visibility:visible;mso-wrap-style:square'>\n<v:imagedata src=\"file:\/\/\/C:\\Users\\EPAWKS07\\AppData\\Local\\Temp\\msohtmlclip1\\01\\clip_image013.jpg\"     o:title=\"Jacs\u00f3_Andr\u00e1s_U17\"\/>\n<\/v:shape><![endif]--><!-- [if !vml]--><img decoding=\"async\" loading=\"lazy\" style=\"border: 0;\" src=\"http:\/\/egrisportcentrumse.hu\/egris\/wp-content\/uploads\/2014\/11\/Jacs_Andrs_U17.jpg\" alt=\"Jacs\u00f3_Andr\u00e1s_U17.jpg\" width=\"85\" height=\"115\" border=\"0\" \/><!--[endif]--><\/td>\n<\/tr>\n<tr>\n<td style=\"width: 230.3pt; border-right-color: windowtext; border-bottom-color: windowtext; border-left-color: windowtext; border-right-width: 1pt; border-bottom-width: 1pt; border-left-width: 1pt; border-top-style: none; padding: 0cm 5.4pt;\" valign=\"top\" width=\"307\">\n<p class=\"MsoNormal\" style=\"text-align: center;\" align=\"center\"><strong>Dulai Rajmund<\/strong><\/p>\n<p class=\"MsoNormal\" style=\"text-align: center;\" align=\"center\">MLSZ &#8211; 350210<\/p>\n<\/td>\n<td style=\"width: 230.3pt; border-top-style: none; border-left-style: none; border-bottom-color: windowtext; border-bottom-width: 1pt; border-right-color: windowtext; border-right-width: 1pt; padding: 0cm 5.4pt;\" valign=\"top\" width=\"307\">\n<p class=\"MsoNormal\" style=\"text-align: center;\" align=\"center\"><strong>Jacs\u00f3 Andr\u00e1s<\/strong><\/p>\n<p class=\"MsoNormal\" style=\"text-align: center;\" align=\"center\">MLSZ \u2013 264487<\/p>\n<\/td>\n<\/tr>\n<tr>\n<td style=\"width: 230.3pt; border-right-color: windowtext; border-bottom-color: windowtext; border-left-color: windowtext; border-right-width: 1pt; border-bottom-width: 1pt; border-left-width: 1pt; border-top-style: none; padding: 0cm 5.4pt;\" valign=\"top\" width=\"307\">\n<p class=\"MsoNormal\" style=\"text-align: center;\" align=\"center\"><!-- [if gte vml 1]><v:shape    id=\"K\u00e9p_x0020_12\" o:spid=\"_x0000_i1033\" type=\"#_x0000_t75\" alt=\"Kacs\u00f3_Attila_U17.jpg\"    style='width:69.75pt;height:77.25pt;visibility:visible;mso-wrap-style:square'>\n<v:imagedata src=\"file:\/\/\/C:\\Users\\EPAWKS07\\AppData\\Local\\Temp\\msohtmlclip1\\01\\clip_image015.jpg\"     o:title=\"Kacs\u00f3_Attila_U17\"\/>\n<\/v:shape><![endif]--><!-- [if !vml]--><img decoding=\"async\" loading=\"lazy\" style=\"border: 0;\" src=\"http:\/\/egrisportcentrumse.hu\/egris\/wp-content\/uploads\/2014\/11\/Kacs_Attila_U17.jpg\" alt=\"Kacs\u00f3_Attila_U17.jpg\" width=\"93\" height=\"103\" border=\"0\" \/><!--[endif]--><\/td>\n<td style=\"width: 230.3pt; border-top-style: none; border-left-style: none; border-bottom-color: windowtext; border-bottom-width: 1pt; border-right-color: windowtext; border-right-width: 1pt; padding: 0cm 5.4pt;\" valign=\"top\" width=\"307\">\n<p class=\"MsoNormal\" style=\"text-align: center;\" align=\"center\"><!-- [if gte vml 1]><v:shape    id=\"K\u00e9p_x0020_10\" o:spid=\"_x0000_i1032\" type=\"#_x0000_t75\" alt=\"Korpics_Kopp\u00e1ny_U17.jpg\"    style='width:66pt;height:77.25pt;visibility:visible;mso-wrap-style:square'>\n<v:imagedata src=\"file:\/\/\/C:\\Users\\EPAWKS07\\AppData\\Local\\Temp\\msohtmlclip1\\01\\clip_image017.jpg\"     o:title=\"Korpics_Kopp\u00e1ny_U17\"\/>\n<\/v:shape><![endif]--><!-- [if !vml]--><img decoding=\"async\" loading=\"lazy\" style=\"border: 0;\" src=\"http:\/\/egrisportcentrumse.hu\/egris\/wp-content\/uploads\/2014\/11\/Korpics_Koppny_U17.jpg\" alt=\"Korpics_Kopp\u00e1ny_U17.jpg\" width=\"90\" height=\"105\" border=\"0\" \/><!--[endif]--><\/td>\n<\/tr>\n<tr>\n<td style=\"width: 230.3pt; border-right-color: windowtext; border-bottom-color: windowtext; border-left-color: windowtext; border-right-width: 1pt; border-bottom-width: 1pt; border-left-width: 1pt; border-top-style: none; padding: 0cm 5.4pt;\" valign=\"top\" width=\"307\">\n<p class=\"MsoNormal\" style=\"text-align: center;\" align=\"center\"><strong>Kacs\u00f3 Attila<\/strong><\/p>\n<p class=\"MsoNormal\" style=\"text-align: center;\" align=\"center\">MLSZ \u2013 382897<\/p>\n<\/td>\n<td style=\"width: 230.3pt; border-top-style: none; border-left-style: none; border-bottom-color: windowtext; border-bottom-width: 1pt; border-right-color: windowtext; border-right-width: 1pt; padding: 0cm 5.4pt;\" valign=\"top\" width=\"307\">\n<p class=\"MsoNormal\" style=\"text-align: center;\" align=\"center\"><strong>Korpics Kopp\u00e1ny<\/strong><\/p>\n<p class=\"MsoNormal\" style=\"text-align: center;\" align=\"center\">MLSZ \u2013505854<\/p>\n<\/td>\n<\/tr>\n<tr>\n<td style=\"width: 230.3pt; border-right-color: windowtext; border-bottom-color: windowtext; border-left-color: windowtext; border-right-width: 1pt; border-bottom-width: 1pt; border-left-width: 1pt; border-top-style: none; padding: 0cm 5.4pt;\" valign=\"top\" width=\"307\">\n<p class=\"MsoNormal\" style=\"text-align: center;\" align=\"center\"><!-- [if gte vml 1]><v:shape    id=\"K\u00e9p_x0020_13\" o:spid=\"_x0000_i1031\" type=\"#_x0000_t75\" alt=\"Lakatos_R\u00f3bert_U17.jpg\"    style='width:70.5pt;height:76.5pt;visibility:visible;mso-wrap-style:square'>\n<v:imagedata src=\"file:\/\/\/C:\\Users\\EPAWKS07\\AppData\\Local\\Temp\\msohtmlclip1\\01\\clip_image019.jpg\"     o:title=\"Lakatos_R\u00f3bert_U17\"\/>\n<\/v:shape><![endif]--><!-- [if !vml]--><img decoding=\"async\" loading=\"lazy\" style=\"border: 0;\" src=\"http:\/\/egrisportcentrumse.hu\/egris\/wp-content\/uploads\/2014\/11\/Lakatos_Rbert_U17.jpg\" alt=\"Lakatos_R\u00f3bert_U17.jpg\" width=\"94\" height=\"102\" border=\"0\" \/><!--[endif]--><\/td>\n<td style=\"width: 230.3pt; border-top-style: none; border-left-style: none; border-bottom-color: windowtext; border-bottom-width: 1pt; border-right-color: windowtext; border-right-width: 1pt; padding: 0cm 5.4pt;\" valign=\"top\" width=\"307\">\n<p class=\"MsoNormal\" style=\"text-align: center;\" align=\"center\"><!-- [if gte vml 1]><v:shape    id=\"K\u00e9p_x0020_14\" o:spid=\"_x0000_i1030\" type=\"#_x0000_t75\" alt=\"Nagy_Bence_J\u00e1nos_U17.jpg\"    style='width:55.5pt;height:83.25pt;visibility:visible;mso-wrap-style:square'>\n<v:imagedata src=\"file:\/\/\/C:\\Users\\EPAWKS07\\AppData\\Local\\Temp\\msohtmlclip1\\01\\clip_image021.jpg\"     o:title=\"Nagy_Bence_J\u00e1nos_U17\"\/>\n<\/v:shape><![endif]--><!-- [if !vml]--><img decoding=\"async\" loading=\"lazy\" style=\"border: 0;\" src=\"http:\/\/egrisportcentrumse.hu\/egris\/wp-content\/uploads\/2014\/11\/Nagy_Bence_Jnos_U17.jpg\" alt=\"Nagy_Bence_J\u00e1nos_U17.jpg\" width=\"74\" height=\"111\" border=\"0\" \/><!--[endif]--><\/td>\n<\/tr>\n<tr>\n<td style=\"width: 230.3pt; border-right-color: windowtext; border-bottom-color: windowtext; border-left-color: windowtext; border-right-width: 1pt; border-bottom-width: 1pt; border-left-width: 1pt; border-top-style: none; padding: 0cm 5.4pt;\" valign=\"top\" width=\"307\">\n<p class=\"MsoNormal\" style=\"text-align: center;\" align=\"center\"><strong>Lakatos R\u00f3bert<\/strong><\/p>\n<p class=\"MsoNormal\" style=\"text-align: center;\" align=\"center\">MLSZ \u2013 382897<\/p>\n<\/td>\n<td style=\"width: 230.3pt; border-top-style: none; border-left-style: none; border-bottom-color: windowtext; border-bottom-width: 1pt; border-right-color: windowtext; border-right-width: 1pt; padding: 0cm 5.4pt;\" valign=\"top\" width=\"307\">\n<p class=\"MsoNormal\" style=\"text-align: center;\" align=\"center\"><strong>Nagy Bence J\u00e1nos<\/strong><\/p>\n<p class=\"MsoNormal\" style=\"text-align: center;\" align=\"center\">MLSZ \u2013369273<\/p>\n<\/td>\n<\/tr>\n<tr>\n<td style=\"width: 230.3pt; border-right-color: windowtext; border-bottom-color: windowtext; border-left-color: windowtext; border-right-width: 1pt; border-bottom-width: 1pt; border-left-width: 1pt; border-top-style: none; padding: 0cm 5.4pt;\" valign=\"top\" width=\"307\">\n<p class=\"MsoNormal\" style=\"text-align: center;\" align=\"center\"><!-- [if gte vml 1]><v:shape    id=\"K\u00e9p_x0020_15\" o:spid=\"_x0000_i1029\" type=\"#_x0000_t75\" alt=\"Szab\u00f3_Krist\u00f3f_U17.jpg\"    style='width:64.5pt;height:75pt;visibility:visible;mso-wrap-style:square'>\n<v:imagedata src=\"file:\/\/\/C:\\Users\\EPAWKS07\\AppData\\Local\\Temp\\msohtmlclip1\\01\\clip_image023.jpg\"     o:title=\"Szab\u00f3_Krist\u00f3f_U17\"\/>\n<\/v:shape><![endif]--><!-- [if !vml]--><img decoding=\"async\" loading=\"lazy\" style=\"border: 0;\" src=\"http:\/\/egrisportcentrumse.hu\/egris\/wp-content\/uploads\/2014\/11\/Szab_Kristf_U17.jpg\" alt=\"Szab\u00f3_Krist\u00f3f_U17.jpg\" width=\"86\" height=\"100\" border=\"0\" \/><!--[endif]--><\/td>\n<td style=\"width: 230.3pt; border-top-style: none; border-left-style: none; border-bottom-color: windowtext; border-bottom-width: 1pt; border-right-color: windowtext; border-right-width: 1pt; padding: 0cm 5.4pt;\" valign=\"top\" width=\"307\">\n<p class=\"MsoNormal\" style=\"text-align: center;\" align=\"center\"><!-- [if gte vml 1]><v:shape    id=\"K\u00e9p_x0020_16\" o:spid=\"_x0000_i1028\" type=\"#_x0000_t75\" alt=\"Szab\u00f3_Zolt\u00e1n_U17.jpg\"    style='width:75pt;height:77.25pt;visibility:visible;mso-wrap-style:square'>\n<v:imagedata src=\"file:\/\/\/C:\\Users\\EPAWKS07\\AppData\\Local\\Temp\\msohtmlclip1\\01\\clip_image025.jpg\"     o:title=\"Szab\u00f3_Zolt\u00e1n_U17\"\/>\n<\/v:shape><![endif]--><!-- [if !vml]--><img decoding=\"async\" loading=\"lazy\" style=\"border: 0;\" src=\"http:\/\/egrisportcentrumse.hu\/egris\/wp-content\/uploads\/2014\/11\/Szab_Zoltn_U17.jpg\" alt=\"Szab\u00f3_Zolt\u00e1n_U17.jpg\" width=\"100\" height=\"103\" border=\"0\" \/><!--[endif]--><\/td>\n<\/tr>\n<tr>\n<td style=\"width: 230.3pt; border-right-color: windowtext; border-bottom-color: windowtext; border-left-color: windowtext; border-right-width: 1pt; border-bottom-width: 1pt; border-left-width: 1pt; border-top-style: none; padding: 0cm 5.4pt;\" valign=\"top\" width=\"307\">\n<p class=\"MsoNormal\" style=\"text-align: center;\" align=\"center\"><strong>Szab\u00f3 Krist\u00f3f<\/strong><\/p>\n<p class=\"MsoNormal\" style=\"text-align: center;\" align=\"center\">MLSZ \u2013 263443<\/p>\n<\/td>\n<td style=\"width: 230.3pt; border-top-style: none; border-left-style: none; border-bottom-color: windowtext; border-bottom-width: 1pt; border-right-color: windowtext; border-right-width: 1pt; padding: 0cm 5.4pt;\" valign=\"top\" width=\"307\">\n<p class=\"MsoNormal\" style=\"text-align: center;\" align=\"center\"><strong>Szab\u00f3 Zolt\u00e1n<\/strong><\/p>\n<p class=\"MsoNormal\" style=\"text-align: center;\" align=\"center\">MLSZ \u2013 382899<\/p>\n<\/td>\n<\/tr>\n<tr>\n<td style=\"width: 230.3pt; border-right-color: windowtext; border-bottom-color: windowtext; border-left-color: windowtext; border-right-width: 1pt; border-bottom-width: 1pt; border-left-width: 1pt; border-top-style: none; padding: 0cm 5.4pt;\" valign=\"top\" width=\"307\">\n<p class=\"MsoNormal\" style=\"text-align: center;\" align=\"center\"><!-- [if gte vml 1]><v:shape    id=\"K\u00e9p_x0020_17\" o:spid=\"_x0000_i1027\" type=\"#_x0000_t75\" alt=\"Szalai_Tam\u00e1s_U17.jpg\"    style='width:62.25pt;height:84.75pt;visibility:visible;mso-wrap-style:square'>\n<v:imagedata src=\"file:\/\/\/C:\\Users\\EPAWKS07\\AppData\\Local\\Temp\\msohtmlclip1\\01\\clip_image027.jpg\"     o:title=\"Szalai_Tam\u00e1s_U17\"\/>\n<\/v:shape><![endif]--><!-- [if !vml]--><img decoding=\"async\" loading=\"lazy\" style=\"border: 0;\" src=\"http:\/\/egrisportcentrumse.hu\/egris\/wp-content\/uploads\/2014\/11\/Szalai_Tams_U17.jpg\" alt=\"Szalai_Tam\u00e1s_U17.jpg\" width=\"83\" height=\"113\" border=\"0\" \/><!--[endif]--><\/td>\n<td style=\"width: 230.3pt; border-top-style: none; border-left-style: none; border-bottom-color: windowtext; border-bottom-width: 1pt; border-right-color: windowtext; border-right-width: 1pt; padding: 0cm 5.4pt;\" valign=\"top\" width=\"307\">\n<p class=\"MsoNormal\" style=\"text-align: center;\" align=\"center\"><!-- [if gte vml 1]><v:shape    id=\"K\u00e9p_x0020_19\" o:spid=\"_x0000_i1026\" type=\"#_x0000_t75\" alt=\"T\u00f3th_Benj\u00e1min_U17.jpg\"    style='width:65.25pt;height:82.5pt;visibility:visible;mso-wrap-style:square'>\n<v:imagedata src=\"file:\/\/\/C:\\Users\\EPAWKS07\\AppData\\Local\\Temp\\msohtmlclip1\\01\\clip_image029.jpg\"     o:title=\"T\u00f3th_Benj\u00e1min_U17\"\/>\n<\/v:shape><![endif]--><!-- [if !vml]--><img decoding=\"async\" loading=\"lazy\" style=\"border: 0;\" src=\"http:\/\/egrisportcentrumse.hu\/egris\/wp-content\/uploads\/2014\/11\/Tth_Benjmin_U17.jpg\" alt=\"T\u00f3th_Benj\u00e1min_U17.jpg\" width=\"87\" height=\"110\" border=\"0\" \/><!--[endif]--><\/td>\n<\/tr>\n<tr>\n<td style=\"width: 230.3pt; border-right-color: windowtext; border-bottom-color: windowtext; border-left-color: windowtext; border-right-width: 1pt; border-bottom-width: 1pt; border-left-width: 1pt; border-top-style: none; padding: 0cm 5.4pt;\" valign=\"top\" width=\"307\">\n<p class=\"MsoNormal\" style=\"text-align: center;\" align=\"center\"><strong>Szalai Tam\u00e1s Krist\u00f3f<\/strong><\/p>\n<p class=\"MsoNormal\" style=\"text-align: center;\" align=\"center\">MLSZ \u2013 508430<\/p>\n<\/td>\n<td style=\"width: 230.3pt; border-top-style: none; border-left-style: none; border-bottom-color: windowtext; border-bottom-width: 1pt; border-right-color: windowtext; border-right-width: 1pt; padding: 0cm 5.4pt;\" valign=\"top\" width=\"307\">\n<p class=\"MsoNormal\" style=\"text-align: center;\" align=\"center\"><strong>T\u00f3th Benj\u00e1min<\/strong><\/p>\n<p class=\"MsoNormal\" style=\"text-align: center;\" align=\"center\">MLSZ \u2013 467388<\/p>\n<\/td>\n<\/tr>\n<tr style=\"mso-yfti-irow: 16; height: 13.35pt;\">\n<td style=\"width: 460.6pt; border-right-color: windowtext; border-bottom-color: windowtext; border-left-color: windowtext; border-right-width: 1pt; border-bottom-width: 1pt; border-left-width: 1pt; border-top-style: none; padding: 0cm 5.4pt; height: 13.35pt;\" colspan=\"2\" valign=\"top\" width=\"614\">\n<p class=\"MsoNormal\" style=\"text-align: center;\" align=\"center\"><strong><!-- [if gte vml 1]><v:shape id=\"K\u00e9p_x0020_20\" o:spid=\"_x0000_i1025\"    type=\"#_x0000_t75\" alt=\"Vid\u00f3_Martin_U17.jpg\" style='width:60pt;height:74.25pt;    visibility:visible;mso-wrap-style:square'>\n<v:imagedata src=\"file:\/\/\/C:\\Users\\EPAWKS07\\AppData\\Local\\Temp\\msohtmlclip1\\01\\clip_image031.jpg\"     o:title=\"Vid\u00f3_Martin_U17\"\/>\n<\/v:shape><![endif]--><!-- [if !vml]--><img decoding=\"async\" loading=\"lazy\" style=\"border: 0;\" src=\"http:\/\/egrisportcentrumse.hu\/egris\/wp-content\/uploads\/2014\/11\/Vid_Martin_U17.jpg\" alt=\"Vid\u00f3_Martin_U17.jpg\" width=\"80\" height=\"99\" border=\"0\" \/><!--[endif]--><\/strong><\/td>\n<\/tr>\n<tr style=\"mso-yfti-irow: 17; mso-yfti-lastrow: yes; height: 13.3pt;\">\n<td style=\"width: 460.6pt; border-right-color: windowtext; border-bottom-color: windowtext; border-left-color: windowtext; border-right-width: 1pt; border-bottom-width: 1pt; border-left-width: 1pt; border-top-style: none; padding: 0cm 5.4pt; height: 13.3pt;\" colspan=\"2\" valign=\"top\" width=\"614\">\n<p class=\"MsoNormal\" style=\"text-align: center;\" align=\"center\"><strong>Vid\u00f3 Martin<\/strong><\/p>\n<p class=\"MsoNormal\" style=\"text-align: center;\" align=\"center\">MLSZ \u2013 380764<\/p>\n<\/td>\n<\/tr>\n<\/tbody>\n<\/table>\n<\/div>\n","protected":false},"excerpt":{"rendered":"<p>P\u00e1d\u00e1r B\u00e9la edz\u0151 MLSZ \u2013 124933 Balogh Art\u00far MLSZ &#8211; 342353 Balogh Istv\u00e1n MLSZ \u2013 589413 Baranyi Ern\u0151 MLSZ &#8211; 370848 Czibere Rich\u00e1rd MLSZ \u2013 426597 Dulai Rajmund MLSZ &#8211; 350210 Jacs\u00f3 Andr\u00e1s MLSZ \u2013 264487 Kacs\u00f3 Attila MLSZ \u2013 382897 Korpics Kopp\u00e1ny MLSZ \u2013505854 Lakatos R\u00f3bert MLSZ \u2013 382897 Nagy Bence J\u00e1nos MLSZ \u2013369273 [&hellip;]<\/p>\n","protected":false},"author":1,"featured_media":0,"parent":0,"menu_order":0,"comment_status":"open","ping_status":"open","template":"","meta":[],"_links":{"self":[{"href":"http:\/\/egrisportcentrumse.hu\/egris\/wp-json\/wp\/v2\/pages\/71"}],"collection":[{"href":"http:\/\/egrisportcentrumse.hu\/egris\/wp-json\/wp\/v2\/pages"}],"about":[{"href":"http:\/\/egrisportcentrumse.hu\/egris\/wp-json\/wp\/v2\/types\/page"}],"author":[{"embeddable":true,"href":"http:\/\/egrisportcentrumse.hu\/egris\/wp-json\/wp\/v2\/users\/1"}],"replies":[{"embeddable":true,"href":"http:\/\/egrisportcentrumse.hu\/egris\/wp-json\/wp\/v2\/comments?post=71"}],"version-history":[{"count":5,"href":"http:\/\/egrisportcentrumse.hu\/egris\/wp-json\/wp\/v2\/pages\/71\/revisions"}],"predecessor-version":[{"id":701,"href":"http:\/\/egrisportcentrumse.hu\/egris\/wp-json\/wp\/v2\/pages\/71\/revisions\/701"}],"wp:attachment":[{"href":"http:\/\/egrisportcentrumse.hu\/egris\/wp-json\/wp\/v2\/media?parent=71"}],"curies":[{"name":"wp","href":"https:\/\/api.w.org\/{rel}","templated":true}]}}