{"id":89,"date":"2014-11-06T14:52:40","date_gmt":"2014-11-06T14:52:40","guid":{"rendered":"http:\/\/egrisportcentrumse.hu\/egris\/?page_id=89"},"modified":"2015-08-10T18:30:45","modified_gmt":"2015-08-10T18:30:45","slug":"eredmenyek","status":"publish","type":"page","link":"http:\/\/egrisportcentrumse.hu\/egris\/eredmenyek\/","title":{"rendered":"Eredm\u00e9nyek 2014\/2015"},"content":{"rendered":"<h2><img decoding=\"async\" loading=\"lazy\" class=\"wp-image-378 alignnone\" src=\"http:\/\/egrisportcentrumse.hu\/egris\/wp-content\/uploads\/2014\/11\/logo-300x225.png\" alt=\"logo\" width=\"67\" height=\"50\" srcset=\"http:\/\/egrisportcentrumse.hu\/egris\/wp-content\/uploads\/2014\/11\/logo-300x225.png 300w, http:\/\/egrisportcentrumse.hu\/egris\/wp-content\/uploads\/2014\/11\/logo.png 1024w\" sizes=\"(max-width: 67px) 100vw, 67px\" \/><a href=\"http:\/\/egrisportcentrumse.hu\/egris\/edzomerkozesek\/\">Feln\u0151tt &#8211; Megye I.<\/a><\/h2>\n<h2><img decoding=\"async\" loading=\"lazy\" class=\"wp-image-378 alignnone\" src=\"http:\/\/egrisportcentrumse.hu\/egris\/wp-content\/uploads\/2014\/11\/logo-300x225.png\" alt=\"logo\" width=\"67\" height=\"50\" srcset=\"http:\/\/egrisportcentrumse.hu\/egris\/wp-content\/uploads\/2014\/11\/logo-300x225.png 300w, http:\/\/egrisportcentrumse.hu\/egris\/wp-content\/uploads\/2014\/11\/logo.png 1024w\" sizes=\"(max-width: 67px) 100vw, 67px\" \/><a href=\"http:\/\/egrisportcentrumse.hu\/egris\/?page_id=148\">Feln\u0151tt &#8211; Megye II.<\/a><\/h2>\n<h2><img decoding=\"async\" loading=\"lazy\" class=\"wp-image-378 alignnone\" src=\"http:\/\/egrisportcentrumse.hu\/egris\/wp-content\/uploads\/2014\/11\/logo-300x225.png\" alt=\"logo\" width=\"67\" height=\"50\" srcset=\"http:\/\/egrisportcentrumse.hu\/egris\/wp-content\/uploads\/2014\/11\/logo-300x225.png 300w, http:\/\/egrisportcentrumse.hu\/egris\/wp-content\/uploads\/2014\/11\/logo.png 1024w\" sizes=\"(max-width: 67px) 100vw, 67px\" \/><a href=\"http:\/\/egrisportcentrumse.hu\/egris\/?page_id=150\">Feln\u0151tt &#8211; Megye IV.<\/a><\/h2>\n<h2><img decoding=\"async\" loading=\"lazy\" class=\"wp-image-378 alignnone\" src=\"http:\/\/egrisportcentrumse.hu\/egris\/wp-content\/uploads\/2014\/11\/logo-300x225.png\" alt=\"logo\" width=\"67\" height=\"50\" srcset=\"http:\/\/egrisportcentrumse.hu\/egris\/wp-content\/uploads\/2014\/11\/logo-300x225.png 300w, http:\/\/egrisportcentrumse.hu\/egris\/wp-content\/uploads\/2014\/11\/logo.png 1024w\" sizes=\"(max-width: 67px) 100vw, 67px\" \/><a href=\"http:\/\/egrisportcentrumse.hu\/egris\/?page_id=152\">U21<\/a><\/h2>\n<h2><img decoding=\"async\" loading=\"lazy\" class=\"wp-image-378 alignnone\" src=\"http:\/\/egrisportcentrumse.hu\/egris\/wp-content\/uploads\/2014\/11\/logo-300x225.png\" alt=\"logo\" width=\"67\" height=\"50\" srcset=\"http:\/\/egrisportcentrumse.hu\/egris\/wp-content\/uploads\/2014\/11\/logo-300x225.png 300w, http:\/\/egrisportcentrumse.hu\/egris\/wp-content\/uploads\/2014\/11\/logo.png 1024w\" sizes=\"(max-width: 67px) 100vw, 67px\" \/><a href=\"http:\/\/egrisportcentrumse.hu\/egris\/?page_id=154\">U17<\/a><\/h2>\n<h2><img decoding=\"async\" loading=\"lazy\" class=\"wp-image-378 alignnone\" src=\"http:\/\/egrisportcentrumse.hu\/egris\/wp-content\/uploads\/2014\/11\/logo-300x225.png\" alt=\"logo\" width=\"67\" height=\"50\" srcset=\"http:\/\/egrisportcentrumse.hu\/egris\/wp-content\/uploads\/2014\/11\/logo-300x225.png 300w, http:\/\/egrisportcentrumse.hu\/egris\/wp-content\/uploads\/2014\/11\/logo.png 1024w\" sizes=\"(max-width: 67px) 100vw, 67px\" \/><a href=\"http:\/\/egrisportcentrumse.hu\/egris\/?page_id=156\">U15<\/a><\/h2>\n<h2><img decoding=\"async\" loading=\"lazy\" class=\"wp-image-378 alignnone\" src=\"http:\/\/egrisportcentrumse.hu\/egris\/wp-content\/uploads\/2014\/11\/logo-300x225.png\" alt=\"logo\" width=\"67\" height=\"50\" srcset=\"http:\/\/egrisportcentrumse.hu\/egris\/wp-content\/uploads\/2014\/11\/logo-300x225.png 300w, http:\/\/egrisportcentrumse.hu\/egris\/wp-content\/uploads\/2014\/11\/logo.png 1024w\" sizes=\"(max-width: 67px) 100vw, 67px\" \/><a href=\"http:\/\/egrisportcentrumse.hu\/egris\/?page_id=158\">U14<\/a><\/h2>\n<h2><img decoding=\"async\" loading=\"lazy\" class=\"wp-image-378 alignnone\" src=\"http:\/\/egrisportcentrumse.hu\/egris\/wp-content\/uploads\/2014\/11\/logo-300x225.png\" alt=\"logo\" width=\"67\" height=\"50\" srcset=\"http:\/\/egrisportcentrumse.hu\/egris\/wp-content\/uploads\/2014\/11\/logo-300x225.png 300w, http:\/\/egrisportcentrumse.hu\/egris\/wp-content\/uploads\/2014\/11\/logo.png 1024w\" sizes=\"(max-width: 67px) 100vw, 67px\" \/><a href=\"http:\/\/egrisportcentrumse.hu\/egris\/u14-megyei-bajnoksag\/\">U14 &#8211; Megyei Bajnoks\u00e1g<\/a><\/h2>\n<p>&nbsp;<\/p>\n","protected":false},"excerpt":{"rendered":"<p>Feln\u0151tt &#8211; Megye I. Feln\u0151tt &#8211; Megye II. Feln\u0151tt &#8211; Megye IV. U21 U17 U15 U14 U14 &#8211; Megyei Bajnoks\u00e1g &nbsp;<\/p>\n","protected":false},"author":1,"featured_media":0,"parent":0,"menu_order":0,"comment_status":"open","ping_status":"open","template":"","meta":[],"_links":{"self":[{"href":"http:\/\/egrisportcentrumse.hu\/egris\/wp-json\/wp\/v2\/pages\/89"}],"collection":[{"href":"http:\/\/egrisportcentrumse.hu\/egris\/wp-json\/wp\/v2\/pages"}],"about":[{"href":"http:\/\/egrisportcentrumse.hu\/egris\/wp-json\/wp\/v2\/types\/page"}],"author":[{"embeddable":true,"href":"http:\/\/egrisportcentrumse.hu\/egris\/wp-json\/wp\/v2\/users\/1"}],"replies":[{"embeddable":true,"href":"http:\/\/egrisportcentrumse.hu\/egris\/wp-json\/wp\/v2\/comments?post=89"}],"version-history":[{"count":16,"href":"http:\/\/egrisportcentrumse.hu\/egris\/wp-json\/wp\/v2\/pages\/89\/revisions"}],"predecessor-version":[{"id":3260,"href":"http:\/\/egrisportcentrumse.hu\/egris\/wp-json\/wp\/v2\/pages\/89\/revisions\/3260"}],"wp:attachment":[{"href":"http:\/\/egrisportcentrumse.hu\/egris\/wp-json\/wp\/v2\/media?parent=89"}],"curies":[{"name":"wp","href":"https:\/\/api.w.org\/{rel}","templated":true}]}}