{"id":97,"date":"2014-11-06T14:53:49","date_gmt":"2014-11-06T14:53:49","guid":{"rendered":"http:\/\/egrisportcentrumse.hu\/egris\/?page_id=97"},"modified":"2014-11-07T14:07:34","modified_gmt":"2014-11-07T14:07:34","slug":"megallapodasok","status":"publish","type":"page","link":"http:\/\/egrisportcentrumse.hu\/egris\/megallapodasok\/","title":{"rendered":"Meg\u00e1llapod\u00e1sok"},"content":{"rendered":"<p><em><strong>M\u0171k\u00f6d\u00e9si c\u00e9l\u00fa t\u00e1mogat\u00e1s, meg\u00e1llapod\u00e1s &#8211; Eger Megyei Jog\u00fa V\u00e1rosi \u00d6nkorm\u00e1nyzat<\/strong><\/em><\/p>\n<p>&nbsp;<\/p>\n<div class=\"gallery gallery-columns-3 gallery-size-thumbnail rps-image-gallery-format-default rps-image-gallery-theme-default rps-image-gallery-columns-no-responsive rps-image-gallery rps-image-gallery-no-masonry rps-image-gallery-no-heading rps-image-gallery-no-caption rps-image-gallery-no-social \" style=\"text-align:left\" pageSize=\"0\" currentPage=\"0\" >\n<ul>\n<li class=\"gallery-item gallery-item-begin-row\">\n<div class=\"gallery-icon landscape\"><a rel=\"rps-image-group-97\" href=\"http:\/\/egrisportcentrumse.hu\/egris\/wp-content\/uploads\/2014\/11\/1-723x1024.jpg\" title=\"&amp;lt;div class=&amp;quot;fancybox-title-heading&amp;quot;&amp;gt;1&amp;lt;\/div&amp;gt;\"><img src=\"http:\/\/egrisportcentrumse.hu\/egris\/wp-content\/uploads\/2014\/11\/1-150x150.jpg\" alt=\"1\" title=\"1\" class=\"attachment-thumbnail\" width=\"150\" height=\"150\" sizes=\"(max-width: 150px) 100vw, 150px\"><\/a><\/div>\n<\/li>\n<li class=\"gallery-item \">\n<div class=\"gallery-icon landscape\"><a rel=\"rps-image-group-97\" href=\"http:\/\/egrisportcentrumse.hu\/egris\/wp-content\/uploads\/2014\/11\/2-723x1024.jpg\" title=\"&amp;lt;div class=&amp;quot;fancybox-title-heading&amp;quot;&amp;gt;2&amp;lt;\/div&amp;gt;\"><img src=\"http:\/\/egrisportcentrumse.hu\/egris\/wp-content\/uploads\/2014\/11\/2-150x150.jpg\" alt=\"2\" title=\"2\" class=\"attachment-thumbnail\" width=\"150\" height=\"150\" sizes=\"(max-width: 150px) 100vw, 150px\"><\/a><\/div>\n<\/li>\n<li class=\"gallery-item gallery-item-end-row\">\n<div class=\"gallery-icon landscape\"><a rel=\"rps-image-group-97\" href=\"http:\/\/egrisportcentrumse.hu\/egris\/wp-content\/uploads\/2014\/11\/3-723x1024.jpg\" title=\"&amp;lt;div class=&amp;quot;fancybox-title-heading&amp;quot;&amp;gt;3&amp;lt;\/div&amp;gt;\"><img src=\"http:\/\/egrisportcentrumse.hu\/egris\/wp-content\/uploads\/2014\/11\/3-150x150.jpg\" alt=\"3\" title=\"3\" class=\"attachment-thumbnail\" width=\"150\" height=\"150\" sizes=\"(max-width: 150px) 100vw, 150px\"><\/a><\/div>\n<\/li>\n<li class=\"gallery-item gallery-item-begin-row\">\n<div class=\"gallery-icon landscape\"><a rel=\"rps-image-group-97\" href=\"http:\/\/egrisportcentrumse.hu\/egris\/wp-content\/uploads\/2014\/11\/4-723x1024.jpg\" title=\"&amp;lt;div class=&amp;quot;fancybox-title-heading&amp;quot;&amp;gt;4&amp;lt;\/div&amp;gt;\"><img src=\"http:\/\/egrisportcentrumse.hu\/egris\/wp-content\/uploads\/2014\/11\/4-150x150.jpg\" alt=\"4\" title=\"4\" class=\"attachment-thumbnail\" width=\"150\" height=\"150\" sizes=\"(max-width: 150px) 100vw, 150px\"><\/a><\/div>\n<\/li>\n<li class=\"gallery-item \">\n<div class=\"gallery-icon landscape\"><a rel=\"rps-image-group-97\" href=\"http:\/\/egrisportcentrumse.hu\/egris\/wp-content\/uploads\/2014\/11\/5-723x1024.jpg\" title=\"&amp;lt;div class=&amp;quot;fancybox-title-heading&amp;quot;&amp;gt;5&amp;lt;\/div&amp;gt;\"><img src=\"http:\/\/egrisportcentrumse.hu\/egris\/wp-content\/uploads\/2014\/11\/5-150x150.jpg\" alt=\"5\" title=\"5\" class=\"attachment-thumbnail last\" width=\"150\" height=\"150\" sizes=\"(max-width: 150px) 100vw, 150px\"><\/a><\/div>\n<\/li>\n<\/ul>\n<\/div>\n<div class=\"brdr\"><\/div>\n<p><em><strong>T\u00e1mogat\u00f3 meg\u00e1llapod\u00e1s &#8211; Hunguest Hotels Sz\u00e1llodaipari Zrt.<\/strong><\/em><\/p>\n<div class=\"gallery gallery-columns-3 gallery-size-thumbnail rps-image-gallery-format-default rps-image-gallery-theme-default rps-image-gallery-columns-no-responsive rps-image-gallery rps-image-gallery-no-masonry rps-image-gallery-no-heading rps-image-gallery-no-caption rps-image-gallery-no-social \" style=\"text-align:left\" pageSize=\"0\" currentPage=\"0\" >\n<ul>\n<li class=\"gallery-item gallery-item-begin-row\">\n<div class=\"gallery-icon landscape\"><a rel=\"rps-image-group-97\" href=\"http:\/\/egrisportcentrumse.hu\/egris\/wp-content\/uploads\/2014\/11\/1-1.jpg\" title=\"&amp;lt;div class=&amp;quot;fancybox-title-heading&amp;quot;&amp;gt;1 (1)&amp;lt;\/div&amp;gt;\"><img src=\"http:\/\/egrisportcentrumse.hu\/egris\/wp-content\/uploads\/2014\/11\/1-1-150x150.jpg\" alt=\"1 (1)\" title=\"1 (1)\" class=\"attachment-thumbnail\" width=\"150\" height=\"150\" sizes=\"(max-width: 150px) 100vw, 150px\"><\/a><\/div>\n<\/li>\n<li class=\"gallery-item \">\n<div class=\"gallery-icon landscape\"><a rel=\"rps-image-group-97\" href=\"http:\/\/egrisportcentrumse.hu\/egris\/wp-content\/uploads\/2014\/11\/21.jpg\" title=\"&amp;lt;div class=&amp;quot;fancybox-title-heading&amp;quot;&amp;gt;2&amp;lt;\/div&amp;gt;\"><img src=\"http:\/\/egrisportcentrumse.hu\/egris\/wp-content\/uploads\/2014\/11\/21-150x150.jpg\" alt=\"2\" title=\"2\" class=\"attachment-thumbnail last\" width=\"150\" height=\"150\" sizes=\"(max-width: 150px) 100vw, 150px\"><\/a><\/div>\n<\/li>\n<\/ul>\n<\/div>\n","protected":false},"excerpt":{"rendered":"<p>M\u0171k\u00f6d\u00e9si c\u00e9l\u00fa t\u00e1mogat\u00e1s, meg\u00e1llapod\u00e1s &#8211; Eger Megyei Jog\u00fa V\u00e1rosi \u00d6nkorm\u00e1nyzat &nbsp; T\u00e1mogat\u00f3 meg\u00e1llapod\u00e1s &#8211; Hunguest Hotels Sz\u00e1llodaipari Zrt.<\/p>\n","protected":false},"author":1,"featured_media":0,"parent":0,"menu_order":0,"comment_status":"open","ping_status":"open","template":"","meta":[],"_links":{"self":[{"href":"http:\/\/egrisportcentrumse.hu\/egris\/wp-json\/wp\/v2\/pages\/97"}],"collection":[{"href":"http:\/\/egrisportcentrumse.hu\/egris\/wp-json\/wp\/v2\/pages"}],"about":[{"href":"http:\/\/egrisportcentrumse.hu\/egris\/wp-json\/wp\/v2\/types\/page"}],"author":[{"embeddable":true,"href":"http:\/\/egrisportcentrumse.hu\/egris\/wp-json\/wp\/v2\/users\/1"}],"replies":[{"embeddable":true,"href":"http:\/\/egrisportcentrumse.hu\/egris\/wp-json\/wp\/v2\/comments?post=97"}],"version-history":[{"count":5,"href":"http:\/\/egrisportcentrumse.hu\/egris\/wp-json\/wp\/v2\/pages\/97\/revisions"}],"predecessor-version":[{"id":367,"href":"http:\/\/egrisportcentrumse.hu\/egris\/wp-json\/wp\/v2\/pages\/97\/revisions\/367"}],"wp:attachment":[{"href":"http:\/\/egrisportcentrumse.hu\/egris\/wp-json\/wp\/v2\/media?parent=97"}],"curies":[{"name":"wp","href":"https:\/\/api.w.org\/{rel}","templated":true}]}}