{"id":99,"date":"2014-11-06T14:54:09","date_gmt":"2014-11-06T14:54:09","guid":{"rendered":"http:\/\/egrisportcentrumse.hu\/egris\/?page_id=99"},"modified":"2015-10-26T09:34:48","modified_gmt":"2015-10-26T09:34:48","slug":"bozsik-program","status":"publish","type":"page","link":"http:\/\/egrisportcentrumse.hu\/egris\/bozsik-program\/","title":{"rendered":"Bozsik program"},"content":{"rendered":"<p style=\"text-align: center;\"><a href=\"http:\/\/egrisportcentrumse.hu\/egris\/wp-content\/uploads\/2014\/11\/11041.jpg\"><img decoding=\"async\" loading=\"lazy\" class=\"alignnone size-medium wp-image-3753\" src=\"http:\/\/egrisportcentrumse.hu\/egris\/wp-content\/uploads\/2014\/11\/11041-300x92.jpg\" alt=\"1104\" width=\"300\" height=\"92\" srcset=\"http:\/\/egrisportcentrumse.hu\/egris\/wp-content\/uploads\/2014\/11\/11041-300x92.jpg 300w, http:\/\/egrisportcentrumse.hu\/egris\/wp-content\/uploads\/2014\/11\/11041.jpg 460w\" sizes=\"(max-width: 300px) 100vw, 300px\" \/><\/a><\/p>\n<p style=\"text-align: center;\"><strong>2015\/2016-os id\u00e9ny programja<\/strong><\/p>\n<p style=\"text-align: center;\"><strong>Eger Alk\u00f6zpont<\/strong><\/p>\n<p style=\"text-align: center;\"><span style=\"color: #ff6600;\"><strong>K\u00f6rzeti Torn\u00e1k rendje<\/strong><\/span><\/p>\n<table width=\"70%\" align=\"center\">\n<tbody>\n<tr>\n<td width=\"94\">D\u00e1tum<\/td>\n<td width=\"64\">Kezd\u00e9s<\/td>\n<td width=\"127\">Esem\u00e9ny<\/td>\n<td width=\"85\">Helysz\u00edn<\/td>\n<\/tr>\n<tr>\n<td>szeptember 13.<\/td>\n<td>9:00<\/td>\n<td>Bozsik Torna (U11-13)<\/td>\n<td>\u00c9szaki, Stadion<\/td>\n<\/tr>\n<tr>\n<td>szeptember 27.<\/td>\n<td>14:00<\/td>\n<td>Bozsik Torna (U11-13)<\/td>\n<td>\u00c9szaki<\/td>\n<\/tr>\n<tr>\n<td>okt\u00f3ber 4.<\/td>\n<td>12:00<\/td>\n<td>Bozsik Torna (U11-13)<\/td>\n<td>\u00c9szaki<\/td>\n<\/tr>\n<tr>\n<td>okt\u00f3ber 11.<\/td>\n<td>9:00<\/td>\n<td>Bozsik Torna (U11-13)<\/td>\n<td>\u00c9szaki<\/td>\n<\/tr>\n<tr>\n<td>okt\u00f3ber 25.<\/td>\n<td>9:00<\/td>\n<td>Bozsik Torna (U11-13)<\/td>\n<td>\u00c9szaki<\/td>\n<\/tr>\n<tr>\n<td>november 14.<\/td>\n<td>9:00<\/td>\n<td>Bozsik Torna (U11-13)<\/td>\n<td>\u00c9szaki<\/td>\n<\/tr>\n<\/tbody>\n<\/table>\n<hr \/>\n<p style=\"text-align: center;\"><span style=\"color: #ff6600;\"><strong>R\u00e9gi\u00f3s Kiemelt Torn\u00e1k rendje<\/strong><\/span><\/p>\n<table width=\"70%\" align=\"center\">\n<tbody>\n<tr>\n<td width=\"94\">D\u00e1tum<\/td>\n<td width=\"51\">Kezd\u00e9s<\/td>\n<td width=\"139\">Esem\u00e9ny<\/td>\n<td width=\"90\">Helysz\u00edn<\/td>\n<\/tr>\n<tr>\n<td>szeptember 13.<\/td>\n<td>10:00<\/td>\n<td>Bozsik Kiemelt (U11-13)<\/td>\n<td>M\u00facsony<\/td>\n<\/tr>\n<tr>\n<td>szeptember 27.<\/td>\n<td>9:00<\/td>\n<td>Bozsik Kiemelt (U11-13)<\/td>\n<td>\u00c9szaki<\/td>\n<\/tr>\n<tr>\n<td>okt\u00f3ber 11.<\/td>\n<td>10:30<\/td>\n<td>Bozsik Kiemelt (U11-13)<\/td>\n<td>Gy\u00f6ngy\u00f6s<\/td>\n<\/tr>\n<tr>\n<td>okt\u00f3ber 25.<\/td>\n<td>12:00<\/td>\n<td>Bozsik Kiemelt (U11-13)<\/td>\n<td>Miskolc<\/td>\n<\/tr>\n<tr>\n<td>november 14.<\/td>\n<td>11:00<\/td>\n<td>Bozsik Kiemelt (U11-13)<\/td>\n<td>Balassagyarmat<\/td>\n<\/tr>\n<tr>\n<td>november 22.<\/td>\n<td>11:00<\/td>\n<td>Bozsik Kiemelt (U11-13)<\/td>\n<td>Salg\u00f3tarj\u00e1n<\/td>\n<\/tr>\n<\/tbody>\n<\/table>\n<hr \/>\n<p style=\"text-align: center;\"><span style=\"color: #ff6600;\"><strong>Fesztiv\u00e1lok rendje<\/strong><\/span><\/p>\n<table width=\"70%\" align=\"center\">\n<tbody>\n<tr>\n<td width=\"94\">D\u00e1tum<\/td>\n<td width=\"64\">Kezd\u00e9s<\/td>\n<td width=\"108\">Esem\u00e9ny<\/td>\n<td width=\"64\">Helysz\u00edn<\/td>\n<\/tr>\n<tr>\n<td>szeptember 20.<\/td>\n<td>9:00<\/td>\n<td>Bozsik Feszt (u7-9)<\/td>\n<td>\u00c9szaki<\/td>\n<\/tr>\n<tr>\n<td>okt\u00f3ber 4.<\/td>\n<td>9:00<\/td>\n<td>Bozsik Feszt (u7-9)<\/td>\n<td>\u00c9szaki<\/td>\n<\/tr>\n<tr>\n<td>okt\u00f3ber 18.<\/td>\n<td>9:00<\/td>\n<td>Bozsik Feszt (u7-9)<\/td>\n<td>\u00c9szaki<\/td>\n<\/tr>\n<tr>\n<td>november 8.<\/td>\n<td>9:00<\/td>\n<td>Bozsik Feszt (u7-9)<\/td>\n<td>\u00c9szaki<\/td>\n<\/tr>\n<\/tbody>\n<\/table>\n<hr \/>\n<p><center><b>Bozsik Vide\u00f3riportok<\/b><\/center><center><\/center><center>2015. okt\u00f3ber 11. &#8211; Bozsik Torna: <a href=\"https:\/\/www.youtube.com\/watch?v=MfUqg7S-71o\" target=\"_blank\">1. r\u00e9sz<\/a>, <a href=\"https:\/\/www.youtube.com\/watch?v=JN78hg7fdSA\" target=\"_blank\">2. r\u00e9sz<\/a>, <a href=\"https:\/\/www.youtube.com\/watch?v=tafwq15_NpQ\" target=\"_blank\">3. r\u00e9sz<\/a>, <a href=\"https:\/\/www.youtube.com\/watch?v=UNM_AJvYT6I\" target=\"_blank\">4. r\u00e9sz<\/a><\/center><\/p>\n","protected":false},"excerpt":{"rendered":"<p>2015\/2016-os id\u00e9ny programja Eger Alk\u00f6zpont K\u00f6rzeti Torn\u00e1k rendje D\u00e1tum Kezd\u00e9s Esem\u00e9ny Helysz\u00edn szeptember 13. 9:00 Bozsik Torna (U11-13) \u00c9szaki, Stadion szeptember 27. 14:00 Bozsik Torna (U11-13) \u00c9szaki okt\u00f3ber 4. 12:00 Bozsik Torna (U11-13) \u00c9szaki okt\u00f3ber 11. 9:00 Bozsik Torna (U11-13) \u00c9szaki okt\u00f3ber 25. 9:00 Bozsik Torna (U11-13) \u00c9szaki november 14. 9:00 Bozsik Torna (U11-13) \u00c9szaki [&hellip;]<\/p>\n","protected":false},"author":1,"featured_media":0,"parent":0,"menu_order":0,"comment_status":"open","ping_status":"open","template":"","meta":[],"_links":{"self":[{"href":"http:\/\/egrisportcentrumse.hu\/egris\/wp-json\/wp\/v2\/pages\/99"}],"collection":[{"href":"http:\/\/egrisportcentrumse.hu\/egris\/wp-json\/wp\/v2\/pages"}],"about":[{"href":"http:\/\/egrisportcentrumse.hu\/egris\/wp-json\/wp\/v2\/types\/page"}],"author":[{"embeddable":true,"href":"http:\/\/egrisportcentrumse.hu\/egris\/wp-json\/wp\/v2\/users\/1"}],"replies":[{"embeddable":true,"href":"http:\/\/egrisportcentrumse.hu\/egris\/wp-json\/wp\/v2\/comments?post=99"}],"version-history":[{"count":6,"href":"http:\/\/egrisportcentrumse.hu\/egris\/wp-json\/wp\/v2\/pages\/99\/revisions"}],"predecessor-version":[{"id":4246,"href":"http:\/\/egrisportcentrumse.hu\/egris\/wp-json\/wp\/v2\/pages\/99\/revisions\/4246"}],"wp:attachment":[{"href":"http:\/\/egrisportcentrumse.hu\/egris\/wp-json\/wp\/v2\/media?parent=99"}],"curies":[{"name":"wp","href":"https:\/\/api.w.org\/{rel}","templated":true}]}}