{"id":11,"date":"2017-05-17T14:08:18","date_gmt":"2017-05-17T14:08:18","guid":{"rendered":"http:\/\/egrisportcentrumse.hu\/lovas\/?page_id=11"},"modified":"2017-06-12T17:38:53","modified_gmt":"2017-06-12T17:38:53","slug":"rendezvenyek","status":"publish","type":"page","link":"http:\/\/egrisportcentrumse.hu\/lovas\/rendezvenyek\/","title":{"rendered":"Rendezv\u00e9nyek"},"content":{"rendered":"<h2><strong>Egri Lovasnapok 2017<\/strong><\/h2>\n<h3><strong>Helysz\u00edn: Eger M\u00e1tyus Udvarh\u00e1z<br \/>\n<span style=\"color: #800000;\"><u>J\u00fanius 24 szombat:<\/u>\u00a0<\/span>\u00a0\u00a0\u00a0<\/strong><\/h3>\n<p><strong>Eger Derby<\/strong><\/p>\n<p style=\"padding-left: 30px;\">08:00-t\u00f3l\u00a0\u00a0\u00a0\u00a0\u00a0\u00a0\u00a0\u00a0 \u00a0 Lovak, fogatok \u00e9rkez\u00e9se<br \/>\n10:00-t\u00f3l\u00a0\u00a0\u00a0\u00a0\u00a0\u00a0\u00a0\u00a0\u00a0\u00a0\u00a0 <strong>Gyermek Rajzp\u00e1ly\u00e1zat<\/strong>-ra a m\u0171vek szem\u00e9lyes lead\u00e1sa<br \/>\n13:30-t\u00f3l \u00a0 \u00a0 \u00a0 \u00a0 \u00a0\u00a0 Eligaz\u00edt\u00e1s, p\u00e1lyabej\u00e1r\u00e1s<br \/>\n15:00\u00a0\u00a0\u00a0\u00a0\u00a0\u00a0\u00a0\u00a0\u00a0\u00a0\u00a0\u00a0\u00a0\u00a0\u00a0\u00a0 L\u00e1tv\u00e1nyos \u201e<strong>Vad\u00e1szhajt\u00e1s<\/strong>&#8221;<br \/>\n16:30\u00a0\u00a0\u00a0\u00a0\u00a0\u00a0\u00a0\u00a0\u00a0\u00a0\u00a0\u00a0\u00a0\u00a0\u00a0\u00a0 <strong>Karuszel, lovas felvonul\u00e1s<\/strong><br \/>\n17:30\u00a0\u00a0\u00a0\u00a0\u00a0\u00a0\u00a0\u00a0\u00a0\u00a0\u00a0\u00a0\u00a0\u00a0\u00a0\u00a0 <strong>\u00dcnnep\u00e9lyes D\u00edjkioszt\u00f3 <\/strong>\u00e9s a <strong>Legszebb \u201eKalap-k\u00f6ltem\u00e9ny\u201d H\u00f6lgyeknek<\/strong> d\u00edjaz\u00e1sa (a d\u00edjazott h\u00f6lgyek a nyertes fogatokon vonulnak be)<\/p>\n<h3><strong><span style=\"color: #800000;\"><u>J\u00fanius 25 vas\u00e1rnap:<\/u><\/span><\/strong><\/h3>\n<p><strong>Heves Megyei Fogathajt\u00f3 Bajnoks\u00e1g V. fordul\u00f3ja<\/strong><\/p>\n<p style=\"padding-left: 30px;\">08:00\u00a0\u00a0\u00a0\u00a0\u00a0\u00a0\u00a0\u00a0\u00a0\u00a0 Fogatok \u00e9rkez\u00e9se<br \/>\n09:00\u00a0\u00a0\u00a0\u00a0\u00a0\u00a0\u00a0\u00a0\u00a0\u00a0 Eligaz\u00edt\u00e1s, nevez\u00e9s, p\u00e1lyabej\u00e1r\u00e1s<br \/>\n10:00\u00a0\u00a0\u00a0\u00a0\u00a0\u00a0\u00a0\u00a0\u00a0\u00a0\u00a0 Akad\u00e1lyhajt\u00e1s els\u0151 fordul\u00f3<br \/>\n12:00\u00a0\u00a0\u00a0\u00a0\u00a0\u00a0\u00a0\u00a0\u00a0\u00a0\u00a0 Eb\u00e9dsz\u00fcnet<\/p>\n<p style=\"padding-left: 90px;\">A sz\u00fcnetben \u201e<strong>Lovas Show<\/strong>\u201d d\u00edjlovas, karusszel \u00e9s western bemutat\u00f3<br \/>\n\u201e<strong>Natural Horsemanship<\/strong>\u201d<\/p>\n<p style=\"padding-left: 30px;\">13:00\u00a0\u00a0\u00a0\u00a0\u00a0\u00a0\u00a0\u00a0\u00a0\u00a0\u00a0 Akad\u00e1lyhajt\u00e1s m\u00e1sodik fordul\u00f3<br \/>\n16:00\u00a0\u00a0\u00a0\u00a0\u00a0\u00a0\u00a0\u00a0\u00a0\u00a0\u00a0<strong> \u00dcnnep\u00e9lyes D\u00edjkioszt\u00f3<\/strong> \u00e9s a<strong> Gyermek Rajzp\u00e1ly\u00e1zat<\/strong> eredm\u00e9nyhirdet\u00e9se.<\/p>\n","protected":false},"excerpt":{"rendered":"<p>Egri Lovasnapok 2017 Helysz\u00edn: Eger M\u00e1tyus Udvarh\u00e1z J\u00fanius 24 szombat:\u00a0\u00a0\u00a0\u00a0 Eger Derby 08:00-t\u00f3l\u00a0\u00a0\u00a0\u00a0\u00a0\u00a0\u00a0\u00a0 \u00a0 Lovak, fogatok \u00e9rkez\u00e9se 10:00-t\u00f3l\u00a0\u00a0\u00a0\u00a0\u00a0\u00a0\u00a0\u00a0\u00a0\u00a0\u00a0 Gyermek Rajzp\u00e1ly\u00e1zat-ra a m\u0171vek szem\u00e9lyes lead\u00e1sa 13:30-t\u00f3l \u00a0 \u00a0 \u00a0 \u00a0 \u00a0\u00a0 Eligaz\u00edt\u00e1s, p\u00e1lyabej\u00e1r\u00e1s 15:00\u00a0\u00a0\u00a0\u00a0\u00a0\u00a0\u00a0\u00a0\u00a0\u00a0\u00a0\u00a0\u00a0\u00a0\u00a0\u00a0 L\u00e1tv\u00e1nyos \u201eVad\u00e1szhajt\u00e1s&#8221; 16:30\u00a0\u00a0\u00a0\u00a0\u00a0\u00a0\u00a0\u00a0\u00a0\u00a0\u00a0\u00a0\u00a0\u00a0\u00a0\u00a0 Karuszel, lovas felvonul\u00e1s 17:30\u00a0\u00a0\u00a0\u00a0\u00a0\u00a0\u00a0\u00a0\u00a0\u00a0\u00a0\u00a0\u00a0\u00a0\u00a0\u00a0 \u00dcnnep\u00e9lyes D\u00edjkioszt\u00f3 \u00e9s a Legszebb \u201eKalap-k\u00f6ltem\u00e9ny\u201d H\u00f6lgyeknek d\u00edjaz\u00e1sa (a d\u00edjazott h\u00f6lgyek a nyertes fogatokon vonulnak [&hellip;]<\/p>\n","protected":false},"author":1,"featured_media":0,"parent":0,"menu_order":0,"comment_status":"closed","ping_status":"closed","template":"","meta":[],"_links":{"self":[{"href":"http:\/\/egrisportcentrumse.hu\/lovas\/wp-json\/wp\/v2\/pages\/11"}],"collection":[{"href":"http:\/\/egrisportcentrumse.hu\/lovas\/wp-json\/wp\/v2\/pages"}],"about":[{"href":"http:\/\/egrisportcentrumse.hu\/lovas\/wp-json\/wp\/v2\/types\/page"}],"author":[{"embeddable":true,"href":"http:\/\/egrisportcentrumse.hu\/lovas\/wp-json\/wp\/v2\/users\/1"}],"replies":[{"embeddable":true,"href":"http:\/\/egrisportcentrumse.hu\/lovas\/wp-json\/wp\/v2\/comments?post=11"}],"version-history":[{"count":14,"href":"http:\/\/egrisportcentrumse.hu\/lovas\/wp-json\/wp\/v2\/pages\/11\/revisions"}],"predecessor-version":[{"id":106,"href":"http:\/\/egrisportcentrumse.hu\/lovas\/wp-json\/wp\/v2\/pages\/11\/revisions\/106"}],"wp:attachment":[{"href":"http:\/\/egrisportcentrumse.hu\/lovas\/wp-json\/wp\/v2\/media?parent=11"}],"curies":[{"name":"wp","href":"https:\/\/api.w.org\/{rel}","templated":true}]}}