{"id":5,"date":"2017-05-17T14:07:57","date_gmt":"2017-05-17T14:07:57","guid":{"rendered":"http:\/\/egrisportcentrumse.hu\/lovas\/?page_id=5"},"modified":"2017-05-27T11:44:17","modified_gmt":"2017-05-27T11:44:17","slug":"rolunk","status":"publish","type":"page","link":"http:\/\/egrisportcentrumse.hu\/lovas\/rolunk\/","title":{"rendered":"R\u00f3lunk"},"content":{"rendered":"<p><a href=\"http:\/\/egrisportcentrumse.hu\/lovas\/wp-content\/uploads\/2017\/05\/Alakul\u00f3-\u00fcl\u00e9s-jegyz\u0151k\u00f6nyv.docx\">Alakul\u00f3 \u00fcl\u00e9s jegyz\u0151k\u00f6nyv<\/a><\/p>\n","protected":false},"excerpt":{"rendered":"<p>Alakul\u00f3 \u00fcl\u00e9s jegyz\u0151k\u00f6nyv<\/p>\n","protected":false},"author":1,"featured_media":0,"parent":0,"menu_order":0,"comment_status":"closed","ping_status":"closed","template":"","meta":[],"_links":{"self":[{"href":"http:\/\/egrisportcentrumse.hu\/lovas\/wp-json\/wp\/v2\/pages\/5"}],"collection":[{"href":"http:\/\/egrisportcentrumse.hu\/lovas\/wp-json\/wp\/v2\/pages"}],"about":[{"href":"http:\/\/egrisportcentrumse.hu\/lovas\/wp-json\/wp\/v2\/types\/page"}],"author":[{"embeddable":true,"href":"http:\/\/egrisportcentrumse.hu\/lovas\/wp-json\/wp\/v2\/users\/1"}],"replies":[{"embeddable":true,"href":"http:\/\/egrisportcentrumse.hu\/lovas\/wp-json\/wp\/v2\/comments?post=5"}],"version-history":[{"count":3,"href":"http:\/\/egrisportcentrumse.hu\/lovas\/wp-json\/wp\/v2\/pages\/5\/revisions"}],"predecessor-version":[{"id":98,"href":"http:\/\/egrisportcentrumse.hu\/lovas\/wp-json\/wp\/v2\/pages\/5\/revisions\/98"}],"wp:attachment":[{"href":"http:\/\/egrisportcentrumse.hu\/lovas\/wp-json\/wp\/v2\/media?parent=5"}],"curies":[{"name":"wp","href":"https:\/\/api.w.org\/{rel}","templated":true}]}}